{"id":58815,"date":"2023-03-24T13:57:52","date_gmt":"2023-03-24T17:57:52","guid":{"rendered":"https:\/\/meremeera.ca\/?post_type=product&#038;p=58815"},"modified":"2025-02-23T10:08:20","modified_gmt":"2025-02-23T15:08:20","slug":"incense-holder","status":"publish","type":"product","link":"https:\/\/meremeera.ca\/en\/product\/incense-holder\/","title":{"rendered":"Incense holder"},"content":{"rendered":"<div>\n<p class=\"Corps\"><span class=\"Aucun\"><span lang=\"EN-US\">With its elegant golden patterns, this wooden incense holder is ideal for burning Mother Meera&#8217;s incense sticks with a <a href=\"https:\/\/meremeera.ca\/en\/product\/sandalwood-incense\/\">sandalwood<\/a>\u00a0<\/span><\/span><span class=\"Aucun\"><span lang=\"EN-US\">or a <a href=\"https:\/\/meremeera.ca\/en\/product\/fragrance-incense\/\">floral scent<\/a>.<\/span><\/span><\/p>\n<\/div>\n<div><span class=\"Aucun\"><span lang=\"FR\">Dimensions: 10 po x 1,5 po (25,5 cm x 3,5 cm)<\/span><\/span><\/div>\n","protected":false},"excerpt":{"rendered":"<p>With its elegant golden patterns, this wooden incense holder is ideal for burning Mother Meera&#8217;s incense sticks with a sandalwood\u00a0or a floral scent. Dimensions: 10 po x 1,5 po (25,5 cm x 3,5 cm)<\/p>\n","protected":false},"featured_media":58817,"template":"","meta":{"_monsterinsights_skip_tracking":false,"_monsterinsights_sitenote_active":false,"_monsterinsights_sitenote_note":"","_monsterinsights_sitenote_category":0},"product_brand":[],"product_cat":[300],"product_tag":[],"class_list":{"0":"post-58815","1":"product","2":"type-product","3":"status-publish","4":"has-post-thumbnail","6":"product_cat-incenses","7":"description-off","9":"first","10":"instock","11":"shipping-taxable","12":"purchasable","13":"product-type-variable"},"yoast_head":"<!-- This site is optimized with the Yoast SEO plugin v27.4 - https:\/\/yoast.com\/product\/yoast-seo-wordpress\/ -->\n<title>Incense holder - Soci\u00e9t\u00e9 M\u00e8re Meera<\/title>\n<meta name=\"robots\" content=\"index, follow, max-snippet:-1, max-image-preview:large, max-video-preview:-1\" \/>\n<link rel=\"canonical\" href=\"https:\/\/meremeera.ca\/en\/product\/incense-holder\/\" \/>\n<meta property=\"og:locale\" content=\"en_US\" \/>\n<meta property=\"og:type\" content=\"article\" \/>\n<meta property=\"og:title\" content=\"Incense holder - Soci\u00e9t\u00e9 M\u00e8re Meera\" \/>\n<meta property=\"og:description\" content=\"With its elegant golden patterns, this wooden incense holder is ideal for burning Mother Meera&#8217;s incense sticks with a sandalwood\u00a0or a floral scent. Dimensions: 10 po x 1,5 po (25,5 cm x 3,5 cm)\" \/>\n<meta property=\"og:url\" content=\"https:\/\/meremeera.ca\/en\/product\/incense-holder\/\" \/>\n<meta property=\"og:site_name\" content=\"Soci\u00e9t\u00e9 M\u00e8re Meera\" \/>\n<meta property=\"article:modified_time\" content=\"2025-02-23T15:08:20+00:00\" \/>\n<meta property=\"og:image\" content=\"https:\/\/meremeera.ca\/wp-content\/uploads\/2023\/03\/porte-encens-incense-holder-2.jpg\" \/>\n\t<meta property=\"og:image:width\" content=\"400\" \/>\n\t<meta property=\"og:image:height\" content=\"400\" \/>\n\t<meta property=\"og:image:type\" content=\"image\/jpeg\" \/>\n<meta name=\"twitter:card\" content=\"summary_large_image\" \/>\n<meta name=\"twitter:label1\" content=\"Est. reading time\" \/>\n\t<meta name=\"twitter:data1\" content=\"1 minute\" \/>\n<script type=\"application\/ld+json\" class=\"yoast-schema-graph\">{\"@context\":\"https:\\\/\\\/schema.org\",\"@graph\":[{\"@type\":\"WebPage\",\"@id\":\"https:\\\/\\\/meremeera.ca\\\/en\\\/product\\\/incense-holder\\\/\",\"url\":\"https:\\\/\\\/meremeera.ca\\\/en\\\/product\\\/incense-holder\\\/\",\"name\":\"Incense holder - Soci\u00e9t\u00e9 M\u00e8re Meera\",\"isPartOf\":{\"@id\":\"https:\\\/\\\/meremeera.ca\\\/en\\\/#website\"},\"primaryImageOfPage\":{\"@id\":\"https:\\\/\\\/meremeera.ca\\\/en\\\/product\\\/incense-holder\\\/#primaryimage\"},\"image\":{\"@id\":\"https:\\\/\\\/meremeera.ca\\\/en\\\/product\\\/incense-holder\\\/#primaryimage\"},\"thumbnailUrl\":\"https:\\\/\\\/meremeera.ca\\\/wp-content\\\/uploads\\\/2023\\\/03\\\/porte-encens-incense-holder-2.jpg\",\"datePublished\":\"2023-03-24T17:57:52+00:00\",\"dateModified\":\"2025-02-23T15:08:20+00:00\",\"breadcrumb\":{\"@id\":\"https:\\\/\\\/meremeera.ca\\\/en\\\/product\\\/incense-holder\\\/#breadcrumb\"},\"inLanguage\":\"en-US\",\"potentialAction\":[{\"@type\":\"ReadAction\",\"target\":[\"https:\\\/\\\/meremeera.ca\\\/en\\\/product\\\/incense-holder\\\/\"]}]},{\"@type\":\"ImageObject\",\"inLanguage\":\"en-US\",\"@id\":\"https:\\\/\\\/meremeera.ca\\\/en\\\/product\\\/incense-holder\\\/#primaryimage\",\"url\":\"https:\\\/\\\/meremeera.ca\\\/wp-content\\\/uploads\\\/2023\\\/03\\\/porte-encens-incense-holder-2.jpg\",\"contentUrl\":\"https:\\\/\\\/meremeera.ca\\\/wp-content\\\/uploads\\\/2023\\\/03\\\/porte-encens-incense-holder-2.jpg\",\"width\":400,\"height\":400},{\"@type\":\"BreadcrumbList\",\"@id\":\"https:\\\/\\\/meremeera.ca\\\/en\\\/product\\\/incense-holder\\\/#breadcrumb\",\"itemListElement\":[{\"@type\":\"ListItem\",\"position\":1,\"name\":\"Accueil\",\"item\":\"https:\\\/\\\/meremeera.ca\\\/en\\\/\"},{\"@type\":\"ListItem\",\"position\":2,\"name\":\"Shop\",\"item\":\"https:\\\/\\\/meremeera.ca\\\/en\\\/shop\\\/\"},{\"@type\":\"ListItem\",\"position\":3,\"name\":\"Incense holder\"}]},{\"@type\":\"WebSite\",\"@id\":\"https:\\\/\\\/meremeera.ca\\\/en\\\/#website\",\"url\":\"https:\\\/\\\/meremeera.ca\\\/en\\\/\",\"name\":\"Soci\u00e9t\u00e9 M\u00e8re Meera\",\"description\":\"God is with us\",\"potentialAction\":[{\"@type\":\"SearchAction\",\"target\":{\"@type\":\"EntryPoint\",\"urlTemplate\":\"https:\\\/\\\/meremeera.ca\\\/en\\\/?s={search_term_string}\"},\"query-input\":{\"@type\":\"PropertyValueSpecification\",\"valueRequired\":true,\"valueName\":\"search_term_string\"}}],\"inLanguage\":\"en-US\"}]}<\/script>\n<!-- \/ Yoast SEO plugin. -->","yoast_head_json":{"title":"Incense holder - Soci\u00e9t\u00e9 M\u00e8re Meera","robots":{"index":"index","follow":"follow","max-snippet":"max-snippet:-1","max-image-preview":"max-image-preview:large","max-video-preview":"max-video-preview:-1"},"canonical":"https:\/\/meremeera.ca\/en\/product\/incense-holder\/","og_locale":"en_US","og_type":"article","og_title":"Incense holder - Soci\u00e9t\u00e9 M\u00e8re Meera","og_description":"With its elegant golden patterns, this wooden incense holder is ideal for burning Mother Meera&#8217;s incense sticks with a sandalwood\u00a0or a floral scent. Dimensions: 10 po x 1,5 po (25,5 cm x 3,5 cm)","og_url":"https:\/\/meremeera.ca\/en\/product\/incense-holder\/","og_site_name":"Soci\u00e9t\u00e9 M\u00e8re Meera","article_modified_time":"2025-02-23T15:08:20+00:00","og_image":[{"width":400,"height":400,"url":"https:\/\/meremeera.ca\/wp-content\/uploads\/2023\/03\/porte-encens-incense-holder-2.jpg","type":"image\/jpeg"}],"twitter_card":"summary_large_image","twitter_misc":{"Est. reading time":"1 minute"},"schema":{"@context":"https:\/\/schema.org","@graph":[{"@type":"WebPage","@id":"https:\/\/meremeera.ca\/en\/product\/incense-holder\/","url":"https:\/\/meremeera.ca\/en\/product\/incense-holder\/","name":"Incense holder - Soci\u00e9t\u00e9 M\u00e8re Meera","isPartOf":{"@id":"https:\/\/meremeera.ca\/en\/#website"},"primaryImageOfPage":{"@id":"https:\/\/meremeera.ca\/en\/product\/incense-holder\/#primaryimage"},"image":{"@id":"https:\/\/meremeera.ca\/en\/product\/incense-holder\/#primaryimage"},"thumbnailUrl":"https:\/\/meremeera.ca\/wp-content\/uploads\/2023\/03\/porte-encens-incense-holder-2.jpg","datePublished":"2023-03-24T17:57:52+00:00","dateModified":"2025-02-23T15:08:20+00:00","breadcrumb":{"@id":"https:\/\/meremeera.ca\/en\/product\/incense-holder\/#breadcrumb"},"inLanguage":"en-US","potentialAction":[{"@type":"ReadAction","target":["https:\/\/meremeera.ca\/en\/product\/incense-holder\/"]}]},{"@type":"ImageObject","inLanguage":"en-US","@id":"https:\/\/meremeera.ca\/en\/product\/incense-holder\/#primaryimage","url":"https:\/\/meremeera.ca\/wp-content\/uploads\/2023\/03\/porte-encens-incense-holder-2.jpg","contentUrl":"https:\/\/meremeera.ca\/wp-content\/uploads\/2023\/03\/porte-encens-incense-holder-2.jpg","width":400,"height":400},{"@type":"BreadcrumbList","@id":"https:\/\/meremeera.ca\/en\/product\/incense-holder\/#breadcrumb","itemListElement":[{"@type":"ListItem","position":1,"name":"Accueil","item":"https:\/\/meremeera.ca\/en\/"},{"@type":"ListItem","position":2,"name":"Shop","item":"https:\/\/meremeera.ca\/en\/shop\/"},{"@type":"ListItem","position":3,"name":"Incense holder"}]},{"@type":"WebSite","@id":"https:\/\/meremeera.ca\/en\/#website","url":"https:\/\/meremeera.ca\/en\/","name":"Soci\u00e9t\u00e9 M\u00e8re Meera","description":"God is with us","potentialAction":[{"@type":"SearchAction","target":{"@type":"EntryPoint","urlTemplate":"https:\/\/meremeera.ca\/en\/?s={search_term_string}"},"query-input":{"@type":"PropertyValueSpecification","valueRequired":true,"valueName":"search_term_string"}}],"inLanguage":"en-US"}]}},"_links":{"self":[{"href":"https:\/\/meremeera.ca\/en\/wp-json\/wp\/v2\/product\/58815","targetHints":{"allow":["GET"]}}],"collection":[{"href":"https:\/\/meremeera.ca\/en\/wp-json\/wp\/v2\/product"}],"about":[{"href":"https:\/\/meremeera.ca\/en\/wp-json\/wp\/v2\/types\/product"}],"wp:featuredmedia":[{"embeddable":true,"href":"https:\/\/meremeera.ca\/en\/wp-json\/wp\/v2\/media\/58817"}],"wp:attachment":[{"href":"https:\/\/meremeera.ca\/en\/wp-json\/wp\/v2\/media?parent=58815"}],"wp:term":[{"taxonomy":"product_brand","embeddable":true,"href":"https:\/\/meremeera.ca\/en\/wp-json\/wp\/v2\/product_brand?post=58815"},{"taxonomy":"product_cat","embeddable":true,"href":"https:\/\/meremeera.ca\/en\/wp-json\/wp\/v2\/product_cat?post=58815"},{"taxonomy":"product_tag","embeddable":true,"href":"https:\/\/meremeera.ca\/en\/wp-json\/wp\/v2\/product_tag?post=58815"}],"curies":[{"name":"wp","href":"https:\/\/api.w.org\/{rel}","templated":true}]}}