{"id":58189,"date":"2023-01-23T21:08:04","date_gmt":"2023-01-24T02:08:04","guid":{"rendered":"https:\/\/meremeera.ca\/?post_type=product&#038;p=58189"},"modified":"2025-01-14T09:39:29","modified_gmt":"2025-01-14T14:39:29","slug":"answers-part-ii","status":"publish","type":"product","link":"https:\/\/meremeera.ca\/en\/product\/answers-part-ii\/","title":{"rendered":"Answers Part II"},"content":{"rendered":"<p>In Answers Part II, we see Her full awareness of the world, Her understanding of the difficulties and sufferings and most practical solutions for the problems of everyday life, of different relationships, family life, work and also the spiritual life. We see Her Love for humanity, Her intense interest in the material and worldly welfare of people. &#8220;Her Compassion is as vast as the ocean and She is so humble.&#8221;<\/p>\n<p>ISBN 978-0-9802449-0-8<\/p>\n<p>195 pages<\/p>\n","protected":false},"excerpt":{"rendered":"<p>In Answers Part II, we see Her full awareness of the world, Her understanding of the difficulties and sufferings and most practical solutions for the problems of everyday life, of different relationships, family life, work and also the spiritual life. We see Her Love for humanity, Her intense interest in the material and worldly welfare&hellip;<\/p>\n","protected":false},"featured_media":58190,"template":"","meta":{"_monsterinsights_skip_tracking":false,"_monsterinsights_sitenote_active":false,"_monsterinsights_sitenote_note":"","_monsterinsights_sitenote_category":0},"product_brand":[],"product_cat":[289],"product_tag":[],"class_list":{"0":"post-58189","1":"product","2":"type-product","3":"status-publish","4":"has-post-thumbnail","6":"product_cat-books","7":"description-off","9":"first","10":"instock","11":"shipping-taxable","12":"purchasable","13":"product-type-simple"},"yoast_head":"<!-- This site is optimized with the Yoast SEO plugin v27.3 - https:\/\/yoast.com\/product\/yoast-seo-wordpress\/ -->\n<title>Answers Part II - Soci\u00e9t\u00e9 M\u00e8re Meera<\/title>\n<meta name=\"robots\" content=\"index, follow, max-snippet:-1, max-image-preview:large, max-video-preview:-1\" \/>\n<link rel=\"canonical\" href=\"https:\/\/meremeera.ca\/en\/product\/answers-part-ii\/\" \/>\n<meta property=\"og:locale\" content=\"en_US\" \/>\n<meta property=\"og:type\" content=\"article\" \/>\n<meta property=\"og:title\" content=\"Answers Part II - Soci\u00e9t\u00e9 M\u00e8re Meera\" \/>\n<meta property=\"og:description\" content=\"In Answers Part II, we see Her full awareness of the world, Her understanding of the difficulties and sufferings and most practical solutions for the problems of everyday life, of different relationships, family life, work and also the spiritual life. We see Her Love for humanity, Her intense interest in the material and worldly welfare&hellip;\" \/>\n<meta property=\"og:url\" content=\"https:\/\/meremeera.ca\/en\/product\/answers-part-ii\/\" \/>\n<meta property=\"og:site_name\" content=\"Soci\u00e9t\u00e9 M\u00e8re Meera\" \/>\n<meta property=\"article:modified_time\" content=\"2025-01-14T14:39:29+00:00\" \/>\n<meta property=\"og:image\" content=\"https:\/\/meremeera.ca\/wp-content\/uploads\/2023\/01\/mother-meera-answers-part-2-1.jpg\" \/>\n\t<meta property=\"og:image:width\" content=\"1000\" \/>\n\t<meta property=\"og:image:height\" content=\"1000\" \/>\n\t<meta property=\"og:image:type\" content=\"image\/jpeg\" \/>\n<meta name=\"twitter:card\" content=\"summary_large_image\" \/>\n<meta name=\"twitter:label1\" content=\"Est. reading time\" \/>\n\t<meta name=\"twitter:data1\" content=\"1 minute\" \/>\n<script type=\"application\/ld+json\" class=\"yoast-schema-graph\">{\"@context\":\"https:\\\/\\\/schema.org\",\"@graph\":[{\"@type\":\"WebPage\",\"@id\":\"https:\\\/\\\/meremeera.ca\\\/en\\\/product\\\/answers-part-ii\\\/\",\"url\":\"https:\\\/\\\/meremeera.ca\\\/en\\\/product\\\/answers-part-ii\\\/\",\"name\":\"Answers Part II - Soci\u00e9t\u00e9 M\u00e8re Meera\",\"isPartOf\":{\"@id\":\"https:\\\/\\\/meremeera.ca\\\/en\\\/#website\"},\"primaryImageOfPage\":{\"@id\":\"https:\\\/\\\/meremeera.ca\\\/en\\\/product\\\/answers-part-ii\\\/#primaryimage\"},\"image\":{\"@id\":\"https:\\\/\\\/meremeera.ca\\\/en\\\/product\\\/answers-part-ii\\\/#primaryimage\"},\"thumbnailUrl\":\"https:\\\/\\\/meremeera.ca\\\/wp-content\\\/uploads\\\/2023\\\/01\\\/mother-meera-answers-part-2-1.jpg\",\"datePublished\":\"2023-01-24T02:08:04+00:00\",\"dateModified\":\"2025-01-14T14:39:29+00:00\",\"breadcrumb\":{\"@id\":\"https:\\\/\\\/meremeera.ca\\\/en\\\/product\\\/answers-part-ii\\\/#breadcrumb\"},\"inLanguage\":\"en-US\",\"potentialAction\":[{\"@type\":\"ReadAction\",\"target\":[\"https:\\\/\\\/meremeera.ca\\\/en\\\/product\\\/answers-part-ii\\\/\"]}]},{\"@type\":\"ImageObject\",\"inLanguage\":\"en-US\",\"@id\":\"https:\\\/\\\/meremeera.ca\\\/en\\\/product\\\/answers-part-ii\\\/#primaryimage\",\"url\":\"https:\\\/\\\/meremeera.ca\\\/wp-content\\\/uploads\\\/2023\\\/01\\\/mother-meera-answers-part-2-1.jpg\",\"contentUrl\":\"https:\\\/\\\/meremeera.ca\\\/wp-content\\\/uploads\\\/2023\\\/01\\\/mother-meera-answers-part-2-1.jpg\",\"width\":1000,\"height\":1000},{\"@type\":\"BreadcrumbList\",\"@id\":\"https:\\\/\\\/meremeera.ca\\\/en\\\/product\\\/answers-part-ii\\\/#breadcrumb\",\"itemListElement\":[{\"@type\":\"ListItem\",\"position\":1,\"name\":\"Accueil\",\"item\":\"https:\\\/\\\/meremeera.ca\\\/en\\\/\"},{\"@type\":\"ListItem\",\"position\":2,\"name\":\"Shop\",\"item\":\"https:\\\/\\\/meremeera.ca\\\/en\\\/shop\\\/\"},{\"@type\":\"ListItem\",\"position\":3,\"name\":\"Answers Part II\"}]},{\"@type\":\"WebSite\",\"@id\":\"https:\\\/\\\/meremeera.ca\\\/en\\\/#website\",\"url\":\"https:\\\/\\\/meremeera.ca\\\/en\\\/\",\"name\":\"Soci\u00e9t\u00e9 M\u00e8re Meera\",\"description\":\"God is with us\",\"potentialAction\":[{\"@type\":\"SearchAction\",\"target\":{\"@type\":\"EntryPoint\",\"urlTemplate\":\"https:\\\/\\\/meremeera.ca\\\/en\\\/?s={search_term_string}\"},\"query-input\":{\"@type\":\"PropertyValueSpecification\",\"valueRequired\":true,\"valueName\":\"search_term_string\"}}],\"inLanguage\":\"en-US\"}]}<\/script>\n<!-- \/ Yoast SEO plugin. -->","yoast_head_json":{"title":"Answers Part II - Soci\u00e9t\u00e9 M\u00e8re Meera","robots":{"index":"index","follow":"follow","max-snippet":"max-snippet:-1","max-image-preview":"max-image-preview:large","max-video-preview":"max-video-preview:-1"},"canonical":"https:\/\/meremeera.ca\/en\/product\/answers-part-ii\/","og_locale":"en_US","og_type":"article","og_title":"Answers Part II - Soci\u00e9t\u00e9 M\u00e8re Meera","og_description":"In Answers Part II, we see Her full awareness of the world, Her understanding of the difficulties and sufferings and most practical solutions for the problems of everyday life, of different relationships, family life, work and also the spiritual life. We see Her Love for humanity, Her intense interest in the material and worldly welfare&hellip;","og_url":"https:\/\/meremeera.ca\/en\/product\/answers-part-ii\/","og_site_name":"Soci\u00e9t\u00e9 M\u00e8re Meera","article_modified_time":"2025-01-14T14:39:29+00:00","og_image":[{"width":1000,"height":1000,"url":"https:\/\/meremeera.ca\/wp-content\/uploads\/2023\/01\/mother-meera-answers-part-2-1.jpg","type":"image\/jpeg"}],"twitter_card":"summary_large_image","twitter_misc":{"Est. reading time":"1 minute"},"schema":{"@context":"https:\/\/schema.org","@graph":[{"@type":"WebPage","@id":"https:\/\/meremeera.ca\/en\/product\/answers-part-ii\/","url":"https:\/\/meremeera.ca\/en\/product\/answers-part-ii\/","name":"Answers Part II - Soci\u00e9t\u00e9 M\u00e8re Meera","isPartOf":{"@id":"https:\/\/meremeera.ca\/en\/#website"},"primaryImageOfPage":{"@id":"https:\/\/meremeera.ca\/en\/product\/answers-part-ii\/#primaryimage"},"image":{"@id":"https:\/\/meremeera.ca\/en\/product\/answers-part-ii\/#primaryimage"},"thumbnailUrl":"https:\/\/meremeera.ca\/wp-content\/uploads\/2023\/01\/mother-meera-answers-part-2-1.jpg","datePublished":"2023-01-24T02:08:04+00:00","dateModified":"2025-01-14T14:39:29+00:00","breadcrumb":{"@id":"https:\/\/meremeera.ca\/en\/product\/answers-part-ii\/#breadcrumb"},"inLanguage":"en-US","potentialAction":[{"@type":"ReadAction","target":["https:\/\/meremeera.ca\/en\/product\/answers-part-ii\/"]}]},{"@type":"ImageObject","inLanguage":"en-US","@id":"https:\/\/meremeera.ca\/en\/product\/answers-part-ii\/#primaryimage","url":"https:\/\/meremeera.ca\/wp-content\/uploads\/2023\/01\/mother-meera-answers-part-2-1.jpg","contentUrl":"https:\/\/meremeera.ca\/wp-content\/uploads\/2023\/01\/mother-meera-answers-part-2-1.jpg","width":1000,"height":1000},{"@type":"BreadcrumbList","@id":"https:\/\/meremeera.ca\/en\/product\/answers-part-ii\/#breadcrumb","itemListElement":[{"@type":"ListItem","position":1,"name":"Accueil","item":"https:\/\/meremeera.ca\/en\/"},{"@type":"ListItem","position":2,"name":"Shop","item":"https:\/\/meremeera.ca\/en\/shop\/"},{"@type":"ListItem","position":3,"name":"Answers Part II"}]},{"@type":"WebSite","@id":"https:\/\/meremeera.ca\/en\/#website","url":"https:\/\/meremeera.ca\/en\/","name":"Soci\u00e9t\u00e9 M\u00e8re Meera","description":"God is with us","potentialAction":[{"@type":"SearchAction","target":{"@type":"EntryPoint","urlTemplate":"https:\/\/meremeera.ca\/en\/?s={search_term_string}"},"query-input":{"@type":"PropertyValueSpecification","valueRequired":true,"valueName":"search_term_string"}}],"inLanguage":"en-US"}]}},"_links":{"self":[{"href":"https:\/\/meremeera.ca\/en\/wp-json\/wp\/v2\/product\/58189","targetHints":{"allow":["GET"]}}],"collection":[{"href":"https:\/\/meremeera.ca\/en\/wp-json\/wp\/v2\/product"}],"about":[{"href":"https:\/\/meremeera.ca\/en\/wp-json\/wp\/v2\/types\/product"}],"wp:featuredmedia":[{"embeddable":true,"href":"https:\/\/meremeera.ca\/en\/wp-json\/wp\/v2\/media\/58190"}],"wp:attachment":[{"href":"https:\/\/meremeera.ca\/en\/wp-json\/wp\/v2\/media?parent=58189"}],"wp:term":[{"taxonomy":"product_brand","embeddable":true,"href":"https:\/\/meremeera.ca\/en\/wp-json\/wp\/v2\/product_brand?post=58189"},{"taxonomy":"product_cat","embeddable":true,"href":"https:\/\/meremeera.ca\/en\/wp-json\/wp\/v2\/product_cat?post=58189"},{"taxonomy":"product_tag","embeddable":true,"href":"https:\/\/meremeera.ca\/en\/wp-json\/wp\/v2\/product_tag?post=58189"}],"curies":[{"name":"wp","href":"https:\/\/api.w.org\/{rel}","templated":true}]}}