{"id":58149,"date":"2023-01-23T20:55:58","date_gmt":"2023-01-24T01:55:58","guid":{"rendered":"https:\/\/meremeera.ca\/?post_type=product&#038;p=58149"},"modified":"2023-01-23T21:13:45","modified_gmt":"2023-01-24T02:13:45","slug":"mala-bracelet","status":"publish","type":"product","link":"https:\/\/meremeera.ca\/en\/product\/mala-bracelet\/","title":{"rendered":"Mala (bracelet)"},"content":{"rendered":"<p>Malas are prayer beads used for japa, the repetition of a Divine name. They facilitate focus during meditation. The mala in the form of a bracelet consists of 27 beads, strung on an elastic cord.<\/p>\n","protected":false},"excerpt":{"rendered":"<p>Malas are prayer beads used for japa, the repetition of a Divine name. They facilitate focus during meditation. The mala in the form of a bracelet consists of 27 beads, strung on an elastic cord.<\/p>\n","protected":false},"featured_media":58150,"template":"","meta":{"_monsterinsights_skip_tracking":false,"_monsterinsights_sitenote_active":false,"_monsterinsights_sitenote_note":"","_monsterinsights_sitenote_category":0},"product_brand":[],"product_cat":[299],"product_tag":[],"class_list":{"0":"post-58149","1":"product","2":"type-product","3":"status-publish","4":"has-post-thumbnail","6":"product_cat-malas-en","7":"description-off","9":"first","10":"instock","11":"shipping-taxable","12":"purchasable","13":"product-type-simple"},"yoast_head":"<!-- This site is optimized with the Yoast SEO plugin v27.4 - https:\/\/yoast.com\/product\/yoast-seo-wordpress\/ -->\n<title>Mala (bracelet) - Soci\u00e9t\u00e9 M\u00e8re Meera<\/title>\n<meta name=\"robots\" content=\"index, follow, max-snippet:-1, max-image-preview:large, max-video-preview:-1\" \/>\n<link rel=\"canonical\" href=\"https:\/\/meremeera.ca\/en\/product\/mala-bracelet\/\" \/>\n<meta property=\"og:locale\" content=\"en_US\" \/>\n<meta property=\"og:type\" content=\"article\" \/>\n<meta property=\"og:title\" content=\"Mala (bracelet) - Soci\u00e9t\u00e9 M\u00e8re Meera\" \/>\n<meta property=\"og:description\" content=\"Malas are prayer beads used for japa, the repetition of a Divine name. They facilitate focus during meditation. The mala in the form of a bracelet consists of 27 beads, strung on an elastic cord.\" \/>\n<meta property=\"og:url\" content=\"https:\/\/meremeera.ca\/en\/product\/mala-bracelet\/\" \/>\n<meta property=\"og:site_name\" content=\"Soci\u00e9t\u00e9 M\u00e8re Meera\" \/>\n<meta property=\"article:modified_time\" content=\"2023-01-24T02:13:45+00:00\" \/>\n<meta property=\"og:image\" content=\"https:\/\/meremeera.ca\/wp-content\/uploads\/2023\/01\/mala-bracelet-1.jpg\" \/>\n\t<meta property=\"og:image:width\" content=\"1000\" \/>\n\t<meta property=\"og:image:height\" content=\"1000\" \/>\n\t<meta property=\"og:image:type\" content=\"image\/jpeg\" \/>\n<meta name=\"twitter:card\" content=\"summary_large_image\" \/>\n<meta name=\"twitter:label1\" content=\"Est. reading time\" \/>\n\t<meta name=\"twitter:data1\" content=\"1 minute\" \/>\n<script type=\"application\/ld+json\" class=\"yoast-schema-graph\">{\"@context\":\"https:\\\/\\\/schema.org\",\"@graph\":[{\"@type\":\"WebPage\",\"@id\":\"https:\\\/\\\/meremeera.ca\\\/en\\\/product\\\/mala-bracelet\\\/\",\"url\":\"https:\\\/\\\/meremeera.ca\\\/en\\\/product\\\/mala-bracelet\\\/\",\"name\":\"Mala (bracelet) - Soci\u00e9t\u00e9 M\u00e8re Meera\",\"isPartOf\":{\"@id\":\"https:\\\/\\\/meremeera.ca\\\/en\\\/#website\"},\"primaryImageOfPage\":{\"@id\":\"https:\\\/\\\/meremeera.ca\\\/en\\\/product\\\/mala-bracelet\\\/#primaryimage\"},\"image\":{\"@id\":\"https:\\\/\\\/meremeera.ca\\\/en\\\/product\\\/mala-bracelet\\\/#primaryimage\"},\"thumbnailUrl\":\"https:\\\/\\\/meremeera.ca\\\/wp-content\\\/uploads\\\/2023\\\/01\\\/mala-bracelet-1.jpg\",\"datePublished\":\"2023-01-24T01:55:58+00:00\",\"dateModified\":\"2023-01-24T02:13:45+00:00\",\"breadcrumb\":{\"@id\":\"https:\\\/\\\/meremeera.ca\\\/en\\\/product\\\/mala-bracelet\\\/#breadcrumb\"},\"inLanguage\":\"en-US\",\"potentialAction\":[{\"@type\":\"ReadAction\",\"target\":[\"https:\\\/\\\/meremeera.ca\\\/en\\\/product\\\/mala-bracelet\\\/\"]}]},{\"@type\":\"ImageObject\",\"inLanguage\":\"en-US\",\"@id\":\"https:\\\/\\\/meremeera.ca\\\/en\\\/product\\\/mala-bracelet\\\/#primaryimage\",\"url\":\"https:\\\/\\\/meremeera.ca\\\/wp-content\\\/uploads\\\/2023\\\/01\\\/mala-bracelet-1.jpg\",\"contentUrl\":\"https:\\\/\\\/meremeera.ca\\\/wp-content\\\/uploads\\\/2023\\\/01\\\/mala-bracelet-1.jpg\",\"width\":1000,\"height\":1000},{\"@type\":\"BreadcrumbList\",\"@id\":\"https:\\\/\\\/meremeera.ca\\\/en\\\/product\\\/mala-bracelet\\\/#breadcrumb\",\"itemListElement\":[{\"@type\":\"ListItem\",\"position\":1,\"name\":\"Accueil\",\"item\":\"https:\\\/\\\/meremeera.ca\\\/en\\\/\"},{\"@type\":\"ListItem\",\"position\":2,\"name\":\"Shop\",\"item\":\"https:\\\/\\\/meremeera.ca\\\/en\\\/shop\\\/\"},{\"@type\":\"ListItem\",\"position\":3,\"name\":\"Mala (bracelet)\"}]},{\"@type\":\"WebSite\",\"@id\":\"https:\\\/\\\/meremeera.ca\\\/en\\\/#website\",\"url\":\"https:\\\/\\\/meremeera.ca\\\/en\\\/\",\"name\":\"Soci\u00e9t\u00e9 M\u00e8re Meera\",\"description\":\"God is with us\",\"potentialAction\":[{\"@type\":\"SearchAction\",\"target\":{\"@type\":\"EntryPoint\",\"urlTemplate\":\"https:\\\/\\\/meremeera.ca\\\/en\\\/?s={search_term_string}\"},\"query-input\":{\"@type\":\"PropertyValueSpecification\",\"valueRequired\":true,\"valueName\":\"search_term_string\"}}],\"inLanguage\":\"en-US\"}]}<\/script>\n<!-- \/ Yoast SEO plugin. -->","yoast_head_json":{"title":"Mala (bracelet) - Soci\u00e9t\u00e9 M\u00e8re Meera","robots":{"index":"index","follow":"follow","max-snippet":"max-snippet:-1","max-image-preview":"max-image-preview:large","max-video-preview":"max-video-preview:-1"},"canonical":"https:\/\/meremeera.ca\/en\/product\/mala-bracelet\/","og_locale":"en_US","og_type":"article","og_title":"Mala (bracelet) - Soci\u00e9t\u00e9 M\u00e8re Meera","og_description":"Malas are prayer beads used for japa, the repetition of a Divine name. They facilitate focus during meditation. The mala in the form of a bracelet consists of 27 beads, strung on an elastic cord.","og_url":"https:\/\/meremeera.ca\/en\/product\/mala-bracelet\/","og_site_name":"Soci\u00e9t\u00e9 M\u00e8re Meera","article_modified_time":"2023-01-24T02:13:45+00:00","og_image":[{"width":1000,"height":1000,"url":"https:\/\/meremeera.ca\/wp-content\/uploads\/2023\/01\/mala-bracelet-1.jpg","type":"image\/jpeg"}],"twitter_card":"summary_large_image","twitter_misc":{"Est. reading time":"1 minute"},"schema":{"@context":"https:\/\/schema.org","@graph":[{"@type":"WebPage","@id":"https:\/\/meremeera.ca\/en\/product\/mala-bracelet\/","url":"https:\/\/meremeera.ca\/en\/product\/mala-bracelet\/","name":"Mala (bracelet) - Soci\u00e9t\u00e9 M\u00e8re Meera","isPartOf":{"@id":"https:\/\/meremeera.ca\/en\/#website"},"primaryImageOfPage":{"@id":"https:\/\/meremeera.ca\/en\/product\/mala-bracelet\/#primaryimage"},"image":{"@id":"https:\/\/meremeera.ca\/en\/product\/mala-bracelet\/#primaryimage"},"thumbnailUrl":"https:\/\/meremeera.ca\/wp-content\/uploads\/2023\/01\/mala-bracelet-1.jpg","datePublished":"2023-01-24T01:55:58+00:00","dateModified":"2023-01-24T02:13:45+00:00","breadcrumb":{"@id":"https:\/\/meremeera.ca\/en\/product\/mala-bracelet\/#breadcrumb"},"inLanguage":"en-US","potentialAction":[{"@type":"ReadAction","target":["https:\/\/meremeera.ca\/en\/product\/mala-bracelet\/"]}]},{"@type":"ImageObject","inLanguage":"en-US","@id":"https:\/\/meremeera.ca\/en\/product\/mala-bracelet\/#primaryimage","url":"https:\/\/meremeera.ca\/wp-content\/uploads\/2023\/01\/mala-bracelet-1.jpg","contentUrl":"https:\/\/meremeera.ca\/wp-content\/uploads\/2023\/01\/mala-bracelet-1.jpg","width":1000,"height":1000},{"@type":"BreadcrumbList","@id":"https:\/\/meremeera.ca\/en\/product\/mala-bracelet\/#breadcrumb","itemListElement":[{"@type":"ListItem","position":1,"name":"Accueil","item":"https:\/\/meremeera.ca\/en\/"},{"@type":"ListItem","position":2,"name":"Shop","item":"https:\/\/meremeera.ca\/en\/shop\/"},{"@type":"ListItem","position":3,"name":"Mala (bracelet)"}]},{"@type":"WebSite","@id":"https:\/\/meremeera.ca\/en\/#website","url":"https:\/\/meremeera.ca\/en\/","name":"Soci\u00e9t\u00e9 M\u00e8re Meera","description":"God is with us","potentialAction":[{"@type":"SearchAction","target":{"@type":"EntryPoint","urlTemplate":"https:\/\/meremeera.ca\/en\/?s={search_term_string}"},"query-input":{"@type":"PropertyValueSpecification","valueRequired":true,"valueName":"search_term_string"}}],"inLanguage":"en-US"}]}},"_links":{"self":[{"href":"https:\/\/meremeera.ca\/en\/wp-json\/wp\/v2\/product\/58149","targetHints":{"allow":["GET"]}}],"collection":[{"href":"https:\/\/meremeera.ca\/en\/wp-json\/wp\/v2\/product"}],"about":[{"href":"https:\/\/meremeera.ca\/en\/wp-json\/wp\/v2\/types\/product"}],"wp:featuredmedia":[{"embeddable":true,"href":"https:\/\/meremeera.ca\/en\/wp-json\/wp\/v2\/media\/58150"}],"wp:attachment":[{"href":"https:\/\/meremeera.ca\/en\/wp-json\/wp\/v2\/media?parent=58149"}],"wp:term":[{"taxonomy":"product_brand","embeddable":true,"href":"https:\/\/meremeera.ca\/en\/wp-json\/wp\/v2\/product_brand?post=58149"},{"taxonomy":"product_cat","embeddable":true,"href":"https:\/\/meremeera.ca\/en\/wp-json\/wp\/v2\/product_cat?post=58149"},{"taxonomy":"product_tag","embeddable":true,"href":"https:\/\/meremeera.ca\/en\/wp-json\/wp\/v2\/product_tag?post=58149"}],"curies":[{"name":"wp","href":"https:\/\/api.w.org\/{rel}","templated":true}]}}