{"id":58121,"date":"2023-01-23T20:41:52","date_gmt":"2023-01-24T01:41:52","guid":{"rendered":"https:\/\/meremeera.ca\/?post_type=product&#038;p=58121"},"modified":"2023-02-12T21:18:49","modified_gmt":"2023-02-13T02:18:49","slug":"jaya-mata-meera","status":"publish","type":"product","link":"https:\/\/meremeera.ca\/en\/product\/jaya-mata-meera\/","title":{"rendered":"Jaya Mata Meera"},"content":{"rendered":"<p>This CD has been recorded in the concert hall of the University of Music and Performing Arts, in Munich. It\u2019s performed by Eliana Fe, (sopran + composition) and\u00a0Daniel Scholz (piano + arrangement).<\/p>\n<p>The songs are musical meditations. They all arose spontaneously from improvisations. With many repetitions the songs are reminiscent of the Indian Kirtan and Bhajan tradition, but because of their harmonies and the soprano voice they remind us much more of European classical songs.<\/p>\n<p>Duration: 28:00<\/p>\n","protected":false},"excerpt":{"rendered":"<p>This CD has been recorded in the concert hall of the University of Music and Performing Arts, in Munich. It\u2019s performed by Eliana Fe, (sopran + composition) and\u00a0Daniel Scholz (piano + arrangement). The songs are musical meditations. They all arose spontaneously from improvisations. With many repetitions the songs are reminiscent of the Indian Kirtan and&hellip;<\/p>\n","protected":false},"featured_media":58122,"template":"","meta":{"_monsterinsights_skip_tracking":false,"_monsterinsights_sitenote_active":false,"_monsterinsights_sitenote_note":"","_monsterinsights_sitenote_category":0},"product_brand":[],"product_cat":[301],"product_tag":[],"class_list":{"0":"post-58121","1":"product","2":"type-product","3":"status-publish","4":"has-post-thumbnail","6":"product_cat-cds-en","7":"description-off","9":"first","10":"instock","11":"shipping-taxable","12":"purchasable","13":"product-type-simple"},"yoast_head":"<!-- This site is optimized with the Yoast SEO plugin v27.3 - https:\/\/yoast.com\/product\/yoast-seo-wordpress\/ -->\n<title>Jaya Mata Meera - Soci\u00e9t\u00e9 M\u00e8re Meera<\/title>\n<meta name=\"robots\" content=\"index, follow, max-snippet:-1, max-image-preview:large, max-video-preview:-1\" \/>\n<link rel=\"canonical\" href=\"https:\/\/meremeera.ca\/en\/product\/jaya-mata-meera\/\" \/>\n<meta property=\"og:locale\" content=\"en_US\" \/>\n<meta property=\"og:type\" content=\"article\" \/>\n<meta property=\"og:title\" content=\"Jaya Mata Meera - Soci\u00e9t\u00e9 M\u00e8re Meera\" \/>\n<meta property=\"og:description\" content=\"This CD has been recorded in the concert hall of the University of Music and Performing Arts, in Munich. It\u2019s performed by Eliana Fe, (sopran + composition) and\u00a0Daniel Scholz (piano + arrangement). The songs are musical meditations. They all arose spontaneously from improvisations. With many repetitions the songs are reminiscent of the Indian Kirtan and&hellip;\" \/>\n<meta property=\"og:url\" content=\"https:\/\/meremeera.ca\/en\/product\/jaya-mata-meera\/\" \/>\n<meta property=\"og:site_name\" content=\"Soci\u00e9t\u00e9 M\u00e8re Meera\" \/>\n<meta property=\"article:modified_time\" content=\"2023-02-13T02:18:49+00:00\" \/>\n<meta property=\"og:image\" content=\"https:\/\/meremeera.ca\/wp-content\/uploads\/2023\/01\/CD-jaya-mata-meera-1.jpg\" \/>\n\t<meta property=\"og:image:width\" content=\"1000\" \/>\n\t<meta property=\"og:image:height\" content=\"1000\" \/>\n\t<meta property=\"og:image:type\" content=\"image\/jpeg\" \/>\n<meta name=\"twitter:card\" content=\"summary_large_image\" \/>\n<meta name=\"twitter:label1\" content=\"Est. reading time\" \/>\n\t<meta name=\"twitter:data1\" content=\"1 minute\" \/>\n<script type=\"application\/ld+json\" class=\"yoast-schema-graph\">{\"@context\":\"https:\\\/\\\/schema.org\",\"@graph\":[{\"@type\":\"WebPage\",\"@id\":\"https:\\\/\\\/meremeera.ca\\\/en\\\/product\\\/jaya-mata-meera\\\/\",\"url\":\"https:\\\/\\\/meremeera.ca\\\/en\\\/product\\\/jaya-mata-meera\\\/\",\"name\":\"Jaya Mata Meera - Soci\u00e9t\u00e9 M\u00e8re Meera\",\"isPartOf\":{\"@id\":\"https:\\\/\\\/meremeera.ca\\\/en\\\/#website\"},\"primaryImageOfPage\":{\"@id\":\"https:\\\/\\\/meremeera.ca\\\/en\\\/product\\\/jaya-mata-meera\\\/#primaryimage\"},\"image\":{\"@id\":\"https:\\\/\\\/meremeera.ca\\\/en\\\/product\\\/jaya-mata-meera\\\/#primaryimage\"},\"thumbnailUrl\":\"https:\\\/\\\/meremeera.ca\\\/wp-content\\\/uploads\\\/2023\\\/01\\\/CD-jaya-mata-meera-1.jpg\",\"datePublished\":\"2023-01-24T01:41:52+00:00\",\"dateModified\":\"2023-02-13T02:18:49+00:00\",\"breadcrumb\":{\"@id\":\"https:\\\/\\\/meremeera.ca\\\/en\\\/product\\\/jaya-mata-meera\\\/#breadcrumb\"},\"inLanguage\":\"en-US\",\"potentialAction\":[{\"@type\":\"ReadAction\",\"target\":[\"https:\\\/\\\/meremeera.ca\\\/en\\\/product\\\/jaya-mata-meera\\\/\"]}]},{\"@type\":\"ImageObject\",\"inLanguage\":\"en-US\",\"@id\":\"https:\\\/\\\/meremeera.ca\\\/en\\\/product\\\/jaya-mata-meera\\\/#primaryimage\",\"url\":\"https:\\\/\\\/meremeera.ca\\\/wp-content\\\/uploads\\\/2023\\\/01\\\/CD-jaya-mata-meera-1.jpg\",\"contentUrl\":\"https:\\\/\\\/meremeera.ca\\\/wp-content\\\/uploads\\\/2023\\\/01\\\/CD-jaya-mata-meera-1.jpg\",\"width\":1000,\"height\":1000},{\"@type\":\"BreadcrumbList\",\"@id\":\"https:\\\/\\\/meremeera.ca\\\/en\\\/product\\\/jaya-mata-meera\\\/#breadcrumb\",\"itemListElement\":[{\"@type\":\"ListItem\",\"position\":1,\"name\":\"Accueil\",\"item\":\"https:\\\/\\\/meremeera.ca\\\/en\\\/\"},{\"@type\":\"ListItem\",\"position\":2,\"name\":\"Shop\",\"item\":\"https:\\\/\\\/meremeera.ca\\\/en\\\/shop\\\/\"},{\"@type\":\"ListItem\",\"position\":3,\"name\":\"Jaya Mata Meera\"}]},{\"@type\":\"WebSite\",\"@id\":\"https:\\\/\\\/meremeera.ca\\\/en\\\/#website\",\"url\":\"https:\\\/\\\/meremeera.ca\\\/en\\\/\",\"name\":\"Soci\u00e9t\u00e9 M\u00e8re Meera\",\"description\":\"God is with us\",\"potentialAction\":[{\"@type\":\"SearchAction\",\"target\":{\"@type\":\"EntryPoint\",\"urlTemplate\":\"https:\\\/\\\/meremeera.ca\\\/en\\\/?s={search_term_string}\"},\"query-input\":{\"@type\":\"PropertyValueSpecification\",\"valueRequired\":true,\"valueName\":\"search_term_string\"}}],\"inLanguage\":\"en-US\"}]}<\/script>\n<!-- \/ Yoast SEO plugin. -->","yoast_head_json":{"title":"Jaya Mata Meera - Soci\u00e9t\u00e9 M\u00e8re Meera","robots":{"index":"index","follow":"follow","max-snippet":"max-snippet:-1","max-image-preview":"max-image-preview:large","max-video-preview":"max-video-preview:-1"},"canonical":"https:\/\/meremeera.ca\/en\/product\/jaya-mata-meera\/","og_locale":"en_US","og_type":"article","og_title":"Jaya Mata Meera - Soci\u00e9t\u00e9 M\u00e8re Meera","og_description":"This CD has been recorded in the concert hall of the University of Music and Performing Arts, in Munich. It\u2019s performed by Eliana Fe, (sopran + composition) and\u00a0Daniel Scholz (piano + arrangement). The songs are musical meditations. They all arose spontaneously from improvisations. With many repetitions the songs are reminiscent of the Indian Kirtan and&hellip;","og_url":"https:\/\/meremeera.ca\/en\/product\/jaya-mata-meera\/","og_site_name":"Soci\u00e9t\u00e9 M\u00e8re Meera","article_modified_time":"2023-02-13T02:18:49+00:00","og_image":[{"width":1000,"height":1000,"url":"https:\/\/meremeera.ca\/wp-content\/uploads\/2023\/01\/CD-jaya-mata-meera-1.jpg","type":"image\/jpeg"}],"twitter_card":"summary_large_image","twitter_misc":{"Est. reading time":"1 minute"},"schema":{"@context":"https:\/\/schema.org","@graph":[{"@type":"WebPage","@id":"https:\/\/meremeera.ca\/en\/product\/jaya-mata-meera\/","url":"https:\/\/meremeera.ca\/en\/product\/jaya-mata-meera\/","name":"Jaya Mata Meera - Soci\u00e9t\u00e9 M\u00e8re Meera","isPartOf":{"@id":"https:\/\/meremeera.ca\/en\/#website"},"primaryImageOfPage":{"@id":"https:\/\/meremeera.ca\/en\/product\/jaya-mata-meera\/#primaryimage"},"image":{"@id":"https:\/\/meremeera.ca\/en\/product\/jaya-mata-meera\/#primaryimage"},"thumbnailUrl":"https:\/\/meremeera.ca\/wp-content\/uploads\/2023\/01\/CD-jaya-mata-meera-1.jpg","datePublished":"2023-01-24T01:41:52+00:00","dateModified":"2023-02-13T02:18:49+00:00","breadcrumb":{"@id":"https:\/\/meremeera.ca\/en\/product\/jaya-mata-meera\/#breadcrumb"},"inLanguage":"en-US","potentialAction":[{"@type":"ReadAction","target":["https:\/\/meremeera.ca\/en\/product\/jaya-mata-meera\/"]}]},{"@type":"ImageObject","inLanguage":"en-US","@id":"https:\/\/meremeera.ca\/en\/product\/jaya-mata-meera\/#primaryimage","url":"https:\/\/meremeera.ca\/wp-content\/uploads\/2023\/01\/CD-jaya-mata-meera-1.jpg","contentUrl":"https:\/\/meremeera.ca\/wp-content\/uploads\/2023\/01\/CD-jaya-mata-meera-1.jpg","width":1000,"height":1000},{"@type":"BreadcrumbList","@id":"https:\/\/meremeera.ca\/en\/product\/jaya-mata-meera\/#breadcrumb","itemListElement":[{"@type":"ListItem","position":1,"name":"Accueil","item":"https:\/\/meremeera.ca\/en\/"},{"@type":"ListItem","position":2,"name":"Shop","item":"https:\/\/meremeera.ca\/en\/shop\/"},{"@type":"ListItem","position":3,"name":"Jaya Mata Meera"}]},{"@type":"WebSite","@id":"https:\/\/meremeera.ca\/en\/#website","url":"https:\/\/meremeera.ca\/en\/","name":"Soci\u00e9t\u00e9 M\u00e8re Meera","description":"God is with us","potentialAction":[{"@type":"SearchAction","target":{"@type":"EntryPoint","urlTemplate":"https:\/\/meremeera.ca\/en\/?s={search_term_string}"},"query-input":{"@type":"PropertyValueSpecification","valueRequired":true,"valueName":"search_term_string"}}],"inLanguage":"en-US"}]}},"_links":{"self":[{"href":"https:\/\/meremeera.ca\/en\/wp-json\/wp\/v2\/product\/58121","targetHints":{"allow":["GET"]}}],"collection":[{"href":"https:\/\/meremeera.ca\/en\/wp-json\/wp\/v2\/product"}],"about":[{"href":"https:\/\/meremeera.ca\/en\/wp-json\/wp\/v2\/types\/product"}],"wp:featuredmedia":[{"embeddable":true,"href":"https:\/\/meremeera.ca\/en\/wp-json\/wp\/v2\/media\/58122"}],"wp:attachment":[{"href":"https:\/\/meremeera.ca\/en\/wp-json\/wp\/v2\/media?parent=58121"}],"wp:term":[{"taxonomy":"product_brand","embeddable":true,"href":"https:\/\/meremeera.ca\/en\/wp-json\/wp\/v2\/product_brand?post=58121"},{"taxonomy":"product_cat","embeddable":true,"href":"https:\/\/meremeera.ca\/en\/wp-json\/wp\/v2\/product_cat?post=58121"},{"taxonomy":"product_tag","embeddable":true,"href":"https:\/\/meremeera.ca\/en\/wp-json\/wp\/v2\/product_tag?post=58121"}],"curies":[{"name":"wp","href":"https:\/\/api.w.org\/{rel}","templated":true}]}}