{"id":57785,"date":"2023-01-20T15:52:22","date_gmt":"2023-01-20T20:55:17","guid":{"rendered":"https:\/\/meremeera.ca\/?post_type=product&#038;p=57785"},"modified":"2023-06-20T16:45:26","modified_gmt":"2023-06-20T20:45:26","slug":"answers-part-i","status":"publish","type":"product","link":"https:\/\/meremeera.ca\/en\/product\/answers-part-i\/","title":{"rendered":"Answers Part I"},"content":{"rendered":"<p>Answers Part I is at once Mother Meera&#8217;s own answers to the questions devotees have put to her over many years concerning her identity, her work and her way, and an account of the working of the Divine Mother in the world. The questions and answers were collected by Adilakshmi, Mother Meera&#8217;s secretary and devotee, as well as other devotees.<\/p>\n<p>ISBN 978-0-9802413-1-0<\/p>\n<p>176 pages<\/p>\n","protected":false},"excerpt":{"rendered":"<p>Answers Part I is at once Mother Meera&#8217;s own answers to the questions devotees have put to her over many years concerning her identity, her work and her way, and an account of the working of the Divine Mother in the world. The questions and answers were collected by Adilakshmi, Mother Meera&#8217;s secretary and devotee,&hellip;<\/p>\n","protected":false},"featured_media":57786,"template":"","meta":{"_monsterinsights_skip_tracking":false,"_monsterinsights_sitenote_active":false,"_monsterinsights_sitenote_note":"","_monsterinsights_sitenote_category":0},"product_brand":[],"product_cat":[289],"product_tag":[],"class_list":{"0":"post-57785","1":"product","2":"type-product","3":"status-publish","4":"has-post-thumbnail","6":"product_cat-books","7":"description-off","9":"first","10":"instock","11":"shipping-taxable","12":"purchasable","13":"product-type-simple"},"yoast_head":"<!-- This site is optimized with the Yoast SEO plugin v27.3 - https:\/\/yoast.com\/product\/yoast-seo-wordpress\/ -->\n<title>Answers Part I - Soci\u00e9t\u00e9 M\u00e8re Meera<\/title>\n<meta name=\"robots\" content=\"index, follow, max-snippet:-1, max-image-preview:large, max-video-preview:-1\" \/>\n<link rel=\"canonical\" href=\"https:\/\/meremeera.ca\/en\/product\/answers-part-i\/\" \/>\n<meta property=\"og:locale\" content=\"en_US\" \/>\n<meta property=\"og:type\" content=\"article\" \/>\n<meta property=\"og:title\" content=\"Answers Part I - Soci\u00e9t\u00e9 M\u00e8re Meera\" \/>\n<meta property=\"og:description\" content=\"Answers Part I is at once Mother Meera&#8217;s own answers to the questions devotees have put to her over many years concerning her identity, her work and her way, and an account of the working of the Divine Mother in the world. The questions and answers were collected by Adilakshmi, Mother Meera&#8217;s secretary and devotee,&hellip;\" \/>\n<meta property=\"og:url\" content=\"https:\/\/meremeera.ca\/en\/product\/answers-part-i\/\" \/>\n<meta property=\"og:site_name\" content=\"Soci\u00e9t\u00e9 M\u00e8re Meera\" \/>\n<meta property=\"article:modified_time\" content=\"2023-06-20T20:45:26+00:00\" \/>\n<meta property=\"og:image\" content=\"https:\/\/meremeera.ca\/wp-content\/uploads\/2023\/01\/mother-meera-answers-part-1-1.jpg\" \/>\n\t<meta property=\"og:image:width\" content=\"1000\" \/>\n\t<meta property=\"og:image:height\" content=\"1000\" \/>\n\t<meta property=\"og:image:type\" content=\"image\/jpeg\" \/>\n<meta name=\"twitter:card\" content=\"summary_large_image\" \/>\n<meta name=\"twitter:label1\" content=\"Est. reading time\" \/>\n\t<meta name=\"twitter:data1\" content=\"1 minute\" \/>\n<script type=\"application\/ld+json\" class=\"yoast-schema-graph\">{\"@context\":\"https:\\\/\\\/schema.org\",\"@graph\":[{\"@type\":\"WebPage\",\"@id\":\"https:\\\/\\\/meremeera.ca\\\/en\\\/product\\\/answers-part-i\\\/\",\"url\":\"https:\\\/\\\/meremeera.ca\\\/en\\\/product\\\/answers-part-i\\\/\",\"name\":\"Answers Part I - Soci\u00e9t\u00e9 M\u00e8re Meera\",\"isPartOf\":{\"@id\":\"https:\\\/\\\/meremeera.ca\\\/en\\\/#website\"},\"primaryImageOfPage\":{\"@id\":\"https:\\\/\\\/meremeera.ca\\\/en\\\/product\\\/answers-part-i\\\/#primaryimage\"},\"image\":{\"@id\":\"https:\\\/\\\/meremeera.ca\\\/en\\\/product\\\/answers-part-i\\\/#primaryimage\"},\"thumbnailUrl\":\"https:\\\/\\\/meremeera.ca\\\/wp-content\\\/uploads\\\/2023\\\/01\\\/mother-meera-answers-part-1-1.jpg\",\"datePublished\":\"2023-01-20T20:55:17+00:00\",\"dateModified\":\"2023-06-20T20:45:26+00:00\",\"breadcrumb\":{\"@id\":\"https:\\\/\\\/meremeera.ca\\\/en\\\/product\\\/answers-part-i\\\/#breadcrumb\"},\"inLanguage\":\"en-US\",\"potentialAction\":[{\"@type\":\"ReadAction\",\"target\":[\"https:\\\/\\\/meremeera.ca\\\/en\\\/product\\\/answers-part-i\\\/\"]}]},{\"@type\":\"ImageObject\",\"inLanguage\":\"en-US\",\"@id\":\"https:\\\/\\\/meremeera.ca\\\/en\\\/product\\\/answers-part-i\\\/#primaryimage\",\"url\":\"https:\\\/\\\/meremeera.ca\\\/wp-content\\\/uploads\\\/2023\\\/01\\\/mother-meera-answers-part-1-1.jpg\",\"contentUrl\":\"https:\\\/\\\/meremeera.ca\\\/wp-content\\\/uploads\\\/2023\\\/01\\\/mother-meera-answers-part-1-1.jpg\",\"width\":1000,\"height\":1000},{\"@type\":\"BreadcrumbList\",\"@id\":\"https:\\\/\\\/meremeera.ca\\\/en\\\/product\\\/answers-part-i\\\/#breadcrumb\",\"itemListElement\":[{\"@type\":\"ListItem\",\"position\":1,\"name\":\"Accueil\",\"item\":\"https:\\\/\\\/meremeera.ca\\\/en\\\/\"},{\"@type\":\"ListItem\",\"position\":2,\"name\":\"Shop\",\"item\":\"https:\\\/\\\/meremeera.ca\\\/en\\\/shop\\\/\"},{\"@type\":\"ListItem\",\"position\":3,\"name\":\"Answers Part I\"}]},{\"@type\":\"WebSite\",\"@id\":\"https:\\\/\\\/meremeera.ca\\\/en\\\/#website\",\"url\":\"https:\\\/\\\/meremeera.ca\\\/en\\\/\",\"name\":\"Soci\u00e9t\u00e9 M\u00e8re Meera\",\"description\":\"God is with us\",\"potentialAction\":[{\"@type\":\"SearchAction\",\"target\":{\"@type\":\"EntryPoint\",\"urlTemplate\":\"https:\\\/\\\/meremeera.ca\\\/en\\\/?s={search_term_string}\"},\"query-input\":{\"@type\":\"PropertyValueSpecification\",\"valueRequired\":true,\"valueName\":\"search_term_string\"}}],\"inLanguage\":\"en-US\"}]}<\/script>\n<!-- \/ Yoast SEO plugin. -->","yoast_head_json":{"title":"Answers Part I - Soci\u00e9t\u00e9 M\u00e8re Meera","robots":{"index":"index","follow":"follow","max-snippet":"max-snippet:-1","max-image-preview":"max-image-preview:large","max-video-preview":"max-video-preview:-1"},"canonical":"https:\/\/meremeera.ca\/en\/product\/answers-part-i\/","og_locale":"en_US","og_type":"article","og_title":"Answers Part I - Soci\u00e9t\u00e9 M\u00e8re Meera","og_description":"Answers Part I is at once Mother Meera&#8217;s own answers to the questions devotees have put to her over many years concerning her identity, her work and her way, and an account of the working of the Divine Mother in the world. The questions and answers were collected by Adilakshmi, Mother Meera&#8217;s secretary and devotee,&hellip;","og_url":"https:\/\/meremeera.ca\/en\/product\/answers-part-i\/","og_site_name":"Soci\u00e9t\u00e9 M\u00e8re Meera","article_modified_time":"2023-06-20T20:45:26+00:00","og_image":[{"width":1000,"height":1000,"url":"https:\/\/meremeera.ca\/wp-content\/uploads\/2023\/01\/mother-meera-answers-part-1-1.jpg","type":"image\/jpeg"}],"twitter_card":"summary_large_image","twitter_misc":{"Est. reading time":"1 minute"},"schema":{"@context":"https:\/\/schema.org","@graph":[{"@type":"WebPage","@id":"https:\/\/meremeera.ca\/en\/product\/answers-part-i\/","url":"https:\/\/meremeera.ca\/en\/product\/answers-part-i\/","name":"Answers Part I - Soci\u00e9t\u00e9 M\u00e8re Meera","isPartOf":{"@id":"https:\/\/meremeera.ca\/en\/#website"},"primaryImageOfPage":{"@id":"https:\/\/meremeera.ca\/en\/product\/answers-part-i\/#primaryimage"},"image":{"@id":"https:\/\/meremeera.ca\/en\/product\/answers-part-i\/#primaryimage"},"thumbnailUrl":"https:\/\/meremeera.ca\/wp-content\/uploads\/2023\/01\/mother-meera-answers-part-1-1.jpg","datePublished":"2023-01-20T20:55:17+00:00","dateModified":"2023-06-20T20:45:26+00:00","breadcrumb":{"@id":"https:\/\/meremeera.ca\/en\/product\/answers-part-i\/#breadcrumb"},"inLanguage":"en-US","potentialAction":[{"@type":"ReadAction","target":["https:\/\/meremeera.ca\/en\/product\/answers-part-i\/"]}]},{"@type":"ImageObject","inLanguage":"en-US","@id":"https:\/\/meremeera.ca\/en\/product\/answers-part-i\/#primaryimage","url":"https:\/\/meremeera.ca\/wp-content\/uploads\/2023\/01\/mother-meera-answers-part-1-1.jpg","contentUrl":"https:\/\/meremeera.ca\/wp-content\/uploads\/2023\/01\/mother-meera-answers-part-1-1.jpg","width":1000,"height":1000},{"@type":"BreadcrumbList","@id":"https:\/\/meremeera.ca\/en\/product\/answers-part-i\/#breadcrumb","itemListElement":[{"@type":"ListItem","position":1,"name":"Accueil","item":"https:\/\/meremeera.ca\/en\/"},{"@type":"ListItem","position":2,"name":"Shop","item":"https:\/\/meremeera.ca\/en\/shop\/"},{"@type":"ListItem","position":3,"name":"Answers Part I"}]},{"@type":"WebSite","@id":"https:\/\/meremeera.ca\/en\/#website","url":"https:\/\/meremeera.ca\/en\/","name":"Soci\u00e9t\u00e9 M\u00e8re Meera","description":"God is with us","potentialAction":[{"@type":"SearchAction","target":{"@type":"EntryPoint","urlTemplate":"https:\/\/meremeera.ca\/en\/?s={search_term_string}"},"query-input":{"@type":"PropertyValueSpecification","valueRequired":true,"valueName":"search_term_string"}}],"inLanguage":"en-US"}]}},"_links":{"self":[{"href":"https:\/\/meremeera.ca\/en\/wp-json\/wp\/v2\/product\/57785","targetHints":{"allow":["GET"]}}],"collection":[{"href":"https:\/\/meremeera.ca\/en\/wp-json\/wp\/v2\/product"}],"about":[{"href":"https:\/\/meremeera.ca\/en\/wp-json\/wp\/v2\/types\/product"}],"wp:featuredmedia":[{"embeddable":true,"href":"https:\/\/meremeera.ca\/en\/wp-json\/wp\/v2\/media\/57786"}],"wp:attachment":[{"href":"https:\/\/meremeera.ca\/en\/wp-json\/wp\/v2\/media?parent=57785"}],"wp:term":[{"taxonomy":"product_brand","embeddable":true,"href":"https:\/\/meremeera.ca\/en\/wp-json\/wp\/v2\/product_brand?post=57785"},{"taxonomy":"product_cat","embeddable":true,"href":"https:\/\/meremeera.ca\/en\/wp-json\/wp\/v2\/product_cat?post=57785"},{"taxonomy":"product_tag","embeddable":true,"href":"https:\/\/meremeera.ca\/en\/wp-json\/wp\/v2\/product_tag?post=57785"}],"curies":[{"name":"wp","href":"https:\/\/api.w.org\/{rel}","templated":true}]}}