{"id":58554,"date":"2022-12-14T15:18:18","date_gmt":"2022-12-14T20:18:18","guid":{"rendered":"https:\/\/meremeera.ca\/ressources\/"},"modified":"2023-02-14T08:46:14","modified_gmt":"2023-02-14T13:46:14","slug":"ressources","status":"publish","type":"page","link":"https:\/\/meremeera.ca\/en\/ressources\/","title":{"rendered":"Ressources"},"content":{"rendered":"<div class=\"wpb-content-wrapper\"><p>[vc_row full_width=&#8221;stretch_row&#8221; bg_type=&#8221;image&#8221; parallax_style=&#8221;vcpb-vz-jquery&#8221; bg_image_new=&#8221;id^57203|url^https:\/\/meremeera.ca\/wp-content\/uploads\/2022\/11\/background-slider-4-pattern.jpg|caption^null|alt^null|title^background-slider-4-pattern|description^null&#8221; bg_override=&#8221;full&#8221; enable_overlay=&#8221;enable_overlay_value&#8221; overlay_pattern=&#8221;transperant&#8221; overlay_pattern_opacity=&#8221;0&#8243; type=&#8221;vc_default&#8221; css=&#8221;.vc_custom_1671049105071{padding-top: 140px !important;padding-bottom: 120px !important;}&#8221;][vc_column css=&#8221;.vc_custom_1669845485652{padding-right: 10% !important;padding-left: 10% !important;}&#8221;]<div id=\"ultimate-heading-96469f50b59bf944\" class=\"uvc-heading ult-adjust-bottom-margin ultimate-heading-96469f50b59bf944 uvc-1579 \" data-hspacer=\"no_spacer\"  data-halign=\"left\" style=\"text-align:left\"><div class=\"uvc-heading-spacer no_spacer\" style=\"top\"><\/div><div class=\"uvc-sub-heading ult-responsive\"  data-ultimate-target='.uvc-heading.ultimate-heading-96469f50b59bf944 .uvc-sub-heading '  data-responsive-json-new='{\"font-size\":\"desktop:32px;\",\"line-height\":\"\"}'  style=\"font-family:&#039;Berkshire Swash&#039;;font-weight:normal;font-style:normal;color:#ffd68a;\"><\/p>\n<p style=\"text-align: center;\">\u00ab The purpose of my teaching is to give nothing but the Divine Essence, what is necessary. I give exactly what each person needs. \u00bb<\/p>\n<p>&nbsp;<\/p>\n<p style=\"text-align: center;\">~ Mother Meera<\/p>\n<p><\/div><\/div>[\/vc_column][\/vc_row][vc_row gap=&#8221;35&#8243; equal_height=&#8221;yes&#8221; content_placement=&#8221;middle&#8221; type=&#8221;vc_default&#8221; css=&#8221;.vc_custom_1669838862735{padding-top: 80px !important;padding-bottom: 80px !important;}&#8221;][vc_column width=&#8221;1\/2&#8243; offset=&#8221;vc_col-lg-6 vc_col-md-6 vc_col-xs-12&#8243;][vc_single_image image=&#8221;57636&#8243; img_size=&#8221;full&#8221;][\/vc_column][vc_column width=&#8221;1\/2&#8243; offset=&#8221;vc_col-lg-6 vc_col-md-6 vc_col-xs-12&#8243;]<div id=\"ultimate-heading-594869f50b59bf9b3\" class=\"uvc-heading ult-adjust-bottom-margin ultimate-heading-594869f50b59bf9b3 uvc-8779 accent-subtitle-color\" data-hspacer=\"no_spacer\"  data-halign=\"left\" style=\"text-align:left\"><div class=\"uvc-heading-spacer no_spacer\" style=\"top\"><\/div><div class=\"uvc-main-heading ult-responsive\"  data-ultimate-target='.uvc-heading.ultimate-heading-594869f50b59bf9b3 h2'  data-responsive-json-new='{\"font-size\":\"desktop:48px;tablet:40px;tablet_portrait:36px;mobile:30px;\",\"line-height\":\"desktop:58px;tablet:50px;tablet_portrait:46px;mobile:40px;\"}' ><h2 style=\"--font-weight:theme;margin-bottom:25px;\">Sources of information about Mother Meera<\/h2><\/div><\/div>[vc_column_text]<a href=\"https:\/\/meremeera.ca\/en\/her-story\/\">Mother Meera<\/a>\u00a0travels around the world and there are many online sources of information <a href=\"https:\/\/www.mothermeera.com\" target=\"_blank\" rel=\"noopener\">in several languages<\/a>\u00a0for those who want to meet with her. Video recordings are made regularly by those people accompanying her. Also, darshans and guided meditations by Mother Meera are frequently filmed. If you didn\u2019t get the opportunity to receive <a href=\"https:\/\/meremeera.ca\/en\/darshan\/\" target=\"_blank\" rel=\"noopener\">darshan<\/a>\u00a0in person, this way you will be able to see what that gift of Love and Light consists of before you receive it. Several interviews have also been taped where she spontaneously answers questions from her devotees. Most of those videos are subtitled.<\/p>\n<p><a href=\"https:\/\/meremeera.ca\/en\/societe-mere-meera\/\" target=\"_blank\" rel=\"noopener\">Soci\u00e9t\u00e9 M\u00e8re Meera<\/a>\u00a0selected for you several inspiring videos; you can also simply be in Mother\u2019s presence or listen to her talking on topics that call to mind for all of us. In addition to those videos sorted by topic, we share main websites where you can find more information on Mother Meera.<\/p>\n<ul>\n<li><a href=\"https:\/\/www.mothermeera.com\" target=\"_blank\" rel=\"noopener\">Mother Meera<\/a>,<\/li>\n<li><a href=\"https:\/\/mothermeerafoundationusa.org\" target=\"_blank\" rel=\"noopener\">Mother Meera Foundation USA<\/a>.<\/li>\n<\/ul>\n<p>[\/vc_column_text][\/vc_column][\/vc_row][vc_row full_width=&#8221;stretch_row&#8221; css=&#8221;.vc_custom_1669944433939{padding-top: 100px !important;padding-bottom: 100px !important;background-color: #fff0dd !important;}&#8221;][vc_column]<div id=\"ultimate-heading-427169f50b59bfa24\" class=\"uvc-heading ult-adjust-bottom-margin ultimate-heading-427169f50b59bfa24 uvc-1647 \" data-hspacer=\"no_spacer\"  data-halign=\"center\" style=\"text-align:center\"><div class=\"uvc-heading-spacer no_spacer\" style=\"top\"><\/div><div class=\"uvc-main-heading ult-responsive\"  data-ultimate-target='.uvc-heading.ultimate-heading-427169f50b59bfa24 h5'  data-responsive-json-new='{\"font-size\":\"desktop:36px;tablet:34px;tablet_portrait:32px;mobile_landscape:30px;\",\"line-height\":\"desktop:46px;tablet:44px;tablet_portrait:42px;mobile_landscape:40px;\"}' ><h5 style=\"--font-weight:theme;margin-bottom:25px;\">Mother Meera<\/h5><\/div><\/div>[vc_empty_space height=&#8221;30px&#8221;][\/vc_column][vc_column width=&#8221;1\/3&#8243;][vc_video link=&#8221;https:\/\/www.youtube.com\/watch?v=1VxDIcKSS9E&#8221; title=&#8221;Eyes of Light&#8221;][\/vc_column][vc_column width=&#8221;1\/3&#8243;][vc_video link=&#8221;https:\/\/www.youtube.com\/watch?v=oXiWCE-8qLo&#8221; title=&#8221;M\u00e8re Meera et Douce M\u00e8re&#8221;][\/vc_column][vc_column width=&#8221;1\/3&#8243;][vc_video link=&#8221;https:\/\/www.youtube.com\/watch?v=vBRCAT6Ipy0&#8243; title=&#8221;Only Love \u2013 Mother Meera \u2013 January 2018&#8243;][\/vc_column][vc_column][vc_empty_space height=&#8221;120px&#8221;]<div id=\"ultimate-heading-356169f50b59bfa7b\" class=\"uvc-heading ult-adjust-bottom-margin ultimate-heading-356169f50b59bfa7b uvc-5880 \" data-hspacer=\"no_spacer\"  data-halign=\"center\" style=\"text-align:center\"><div class=\"uvc-heading-spacer no_spacer\" style=\"top\"><\/div><div class=\"uvc-main-heading ult-responsive\"  data-ultimate-target='.uvc-heading.ultimate-heading-356169f50b59bfa7b h5'  data-responsive-json-new='{\"font-size\":\"desktop:36px;tablet:34px;tablet_portrait:32px;mobile_landscape:30px;\",\"line-height\":\"desktop:46px;tablet:44px;tablet_portrait:42px;mobile_landscape:40px;\"}' ><h5 style=\"--font-weight:theme;margin-bottom:25px;\">Darshans<\/h5><\/div><\/div>[vc_empty_space height=&#8221;30px&#8221;][\/vc_column][vc_column width=&#8221;1\/3&#8243;][vc_video link=&#8221;https:\/\/www.youtube.com\/watch?v=-s1u5HmXX4Q&amp;t&#8221; title=&#8221;Colors of Love &#8211; Darshan of Mother Meera&#8221;][\/vc_column][vc_column width=&#8221;1\/3&#8243;][vc_video link=&#8221;https:\/\/www.youtube.com\/watch?v=kY5PVIrZ86U&#8221; title=&#8221;Cosmic Eyes \u2013 Mother Meera at Pont-\u00e0-Mousson, France&#8221;][\/vc_column][vc_column width=&#8221;1\/3&#8243;][vc_video link=&#8221;https:\/\/youtube.com\/watch?v=uyfwEXkuQfc&#8221; title=&#8221;Mother Meera in Hamburg \u2013 January 18, 2018&#8243;][\/vc_column][vc_column][vc_empty_space height=&#8221;120px&#8221;]<div id=\"ultimate-heading-720769f50b59bfac9\" class=\"uvc-heading ult-adjust-bottom-margin ultimate-heading-720769f50b59bfac9 uvc-4856 \" data-hspacer=\"no_spacer\"  data-halign=\"center\" style=\"text-align:center\"><div class=\"uvc-heading-spacer no_spacer\" style=\"top\"><\/div><div class=\"uvc-main-heading ult-responsive\"  data-ultimate-target='.uvc-heading.ultimate-heading-720769f50b59bfac9 h5'  data-responsive-json-new='{\"font-size\":\"desktop:36px;tablet:34px;tablet_portrait:32px;mobile_landscape:30px;\",\"line-height\":\"desktop:46px;tablet:44px;tablet_portrait:42px;mobile_landscape:40px;\"}' ><h5 style=\"--font-weight:theme;margin-bottom:25px;\">Meditations<\/h5><\/div><\/div>[vc_column_text]<\/p>\n<p style=\"text-align: center;\">During the pandemic, Mother Meera conducts daily live meditations available <a href=\"https:\/\/www.youtube.com\/channel\/UCE_HuzrCyNM0wanx5ywL8Og\" target=\"_blank\" rel=\"noopener\">online<\/a> wherever you are.<\/p>\n<p>[\/vc_column_text][vc_empty_space height=&#8221;60px&#8221;][\/vc_column][vc_column width=&#8221;1\/3&#8243;][vc_video link=&#8221;https:\/\/www.youtube.com\/watch?v=GWiq13MlEro&#8221; title=&#8221;Meditation with Mother Meera \u2013 Wyndham Garden, Berlin &#8211; 2017&#8243;][\/vc_column][vc_column width=&#8221;1\/3&#8243;][vc_video link=&#8221;https:\/\/www.youtube.com\/watch?v=lKszh7u6-Gc&#8221; title=&#8221;Medytacja z Matka Meera \u2013 2017&#8243;][\/vc_column][vc_column width=&#8221;1\/3&#8243;][vc_video link=&#8221;https:\/\/www.youtube.com\/watch?v=DZENOjQKJoo&#8221; title=&#8221;Mother Meera \u2013 kr\u00f3tkie blogoslawie\u0144stwo &#8211; 2017&#8243;][\/vc_column][vc_column][vc_empty_space height=&#8221;120px&#8221;]<div id=\"ultimate-heading-199269f50b59bfb27\" class=\"uvc-heading ult-adjust-bottom-margin ultimate-heading-199269f50b59bfb27 uvc-3877 \" data-hspacer=\"no_spacer\"  data-halign=\"center\" style=\"text-align:center\"><div class=\"uvc-heading-spacer no_spacer\" style=\"top\"><\/div><div class=\"uvc-main-heading ult-responsive\"  data-ultimate-target='.uvc-heading.ultimate-heading-199269f50b59bfb27 h5'  data-responsive-json-new='{\"font-size\":\"desktop:36px;tablet:34px;tablet_portrait:32px;mobile_landscape:30px;\",\"line-height\":\"desktop:46px;tablet:44px;tablet_portrait:42px;mobile_landscape:40px;\"}' ><h5 style=\"--font-weight:theme;margin-bottom:25px;\">Interviews<\/h5><\/div><\/div>[vc_empty_space height=&#8221;30px&#8221;][\/vc_column][vc_column width=&#8221;1\/3&#8243;][vc_video link=&#8221;https:\/\/www.youtube.com\/watch?v=__YXiXMgiE0&#8243; title=&#8221;Love others and you will love yourself&#8221;][\/vc_column][vc_column width=&#8221;1\/3&#8243;][vc_video link=&#8221;https:\/\/www.youtube.com\/watch?v=ixF-vp0A8Qk&#8221; title=&#8221;No obstacles, no limit&#8221;][\/vc_column][vc_column width=&#8221;1\/3&#8243;][vc_video link=&#8221;https:\/\/www.youtube.com\/watch?v=oD2AOBGfNVg&#8221; title=&#8221;Express what you feel&#8221;][\/vc_column][vc_column][vc_empty_space height=&#8221;120px&#8221;]<div id=\"ultimate-heading-952469f50b59bfb78\" class=\"uvc-heading ult-adjust-bottom-margin ultimate-heading-952469f50b59bfb78 uvc-2593 \" data-hspacer=\"no_spacer\"  data-halign=\"center\" style=\"text-align:center\"><div class=\"uvc-heading-spacer no_spacer\" style=\"top\"><\/div><div class=\"uvc-main-heading ult-responsive\"  data-ultimate-target='.uvc-heading.ultimate-heading-952469f50b59bfb78 h5'  data-responsive-json-new='{\"font-size\":\"desktop:36px;tablet:34px;tablet_portrait:32px;mobile_landscape:30px;\",\"line-height\":\"desktop:46px;tablet:44px;tablet_portrait:42px;mobile_landscape:40px;\"}' ><h5 style=\"--font-weight:theme;margin-bottom:25px;\">Schools<\/h5><\/div><\/div>[vc_empty_space height=&#8221;30px&#8221;][\/vc_column][vc_column width=&#8221;1\/3&#8243;][vc_video link=&#8221;https:\/\/www.youtube.com\/watch?v=A4N9LIALtAo&#8221; title=&#8221;Mother Meera School (part-1)&#8221;][\/vc_column][vc_column width=&#8221;1\/3&#8243;][vc_video link=&#8221;https:\/\/youtu.be\/EcrarxdcZw0&#8243; title=&#8221;Mother Meera School (part-2)&#8221;][\/vc_column][vc_column width=&#8221;1\/3&#8243;][vc_video link=&#8221;https:\/\/www.youtube.com\/watch?v=IGR-eHqpd7s&#8221; title=&#8221;Mother Meera School, Madanapalle, India&#8221;][\/vc_column][vc_column][vc_empty_space height=&#8221;120px&#8221;]<div id=\"ultimate-heading-19269f50b59bfbc9\" class=\"uvc-heading ult-adjust-bottom-margin ultimate-heading-19269f50b59bfbc9 uvc-7365 \" data-hspacer=\"no_spacer\"  data-halign=\"center\" style=\"text-align:center\"><div class=\"uvc-heading-spacer no_spacer\" style=\"top\"><\/div><div class=\"uvc-main-heading ult-responsive\"  data-ultimate-target='.uvc-heading.ultimate-heading-19269f50b59bfbc9 h5'  data-responsive-json-new='{\"font-size\":\"desktop:36px;tablet:34px;tablet_portrait:32px;mobile_landscape:30px;\",\"line-height\":\"desktop:46px;tablet:44px;tablet_portrait:42px;mobile_landscape:40px;\"}' ><h5 style=\"--font-weight:theme;margin-bottom:25px;\">Music<\/h5><\/div><\/div>[vc_empty_space height=&#8221;30px&#8221;][\/vc_column][vc_column width=&#8221;1\/3&#8243;][vc_video link=&#8221;https:\/\/www.youtube.com\/watch?v=wyrciaY4lAw&#8221; title=&#8221;Japa Mother Meera 2015 cd1&#8243;][\/vc_column][vc_column width=&#8221;1\/3&#8243;][vc_video link=&#8221;https:\/\/www.youtube.com\/watch?v=SrZn8pZCLCY&#8221; title=&#8221;Mother Meera Japa Songs&#8221;][\/vc_column][vc_column width=&#8221;1\/3&#8243;][vc_video link=&#8221;https:\/\/www.youtube.com\/watch?v=DUSv2zCup_A&#8221; title=&#8221;To remember Mother Meera \u2013 Music cd &#8211; Mix&#8221;][\/vc_column][\/vc_row][vc_row bg_type=&#8221;image&#8221; bg_override=&#8221;ex-full&#8221; enable_overlay=&#8221;enable_overlay_value&#8221; overlay_color=&#8221;rgba(0,0,0,0.5)&#8221; overlay_pattern=&#8221;transperant&#8221; type=&#8221;vc_default&#8221; css=&#8221;.vc_custom_1669838245600{padding-top: 100px !important;padding-bottom: 50px !important;background-image: url(https:\/\/meremeera.ca\/wp-content\/uploads\/2022\/11\/background-boutique.jpg?id=57216) !important;}&#8221;][vc_column offset=&#8221;vc_col-lg-offset-0 vc_col-md-offset-0 vc_col-sm-offset-0 vc_col-xs-12&#8243;][vc_row_inner content_placement=&#8221;middle&#8221;][vc_column_inner width=&#8221;1\/2&#8243; css=&#8221;.vc_custom_1572286271908{padding-bottom: 50px !important;}&#8221; offset=&#8221;vc_col-lg-8 vc_col-md-8&#8243;]<div id=\"ultimate-heading-462969f50b59bfc17\" class=\"uvc-heading ult-adjust-bottom-margin ultimate-heading-462969f50b59bfc17 uvc-5172 accent-title-color\" data-hspacer=\"no_spacer\"  data-halign=\"left\" style=\"text-align:left\"><div class=\"uvc-heading-spacer no_spacer\" style=\"top\"><\/div><div class=\"uvc-main-heading ult-responsive\"  data-ultimate-target='.uvc-heading.ultimate-heading-462969f50b59bfc17 h2'  data-responsive-json-new='{\"font-size\":\"desktop:30px;tablet_portrait:20px;\",\"line-height\":\"desktop:40px;tablet_portrait:30px;\"}' ><h2 style=\"font-weight:bold;margin-bottom:10px;\">to accompany your meditation<\/h2><\/div><div class=\"uvc-sub-heading ult-responsive\"  data-ultimate-target='.uvc-heading.ultimate-heading-462969f50b59bfc17 .uvc-sub-heading '  data-responsive-json-new='{\"font-size\":\"desktop:46px;tablet_portrait:34px;\",\"line-height\":\"desktop:56px;tablet_portrait:44px;\"}'  style=\"font-weight:bold;color:#ffffff;\">Visit our online shop<\/div><\/div>[vc_empty_space height=&#8221;25px&#8221;][vc_column_text]<span style=\"color: #ffffff;\">To get among other things Mother\u2019s books, malas, incense, music to accompany your meditation, and a wide variety of articles related to her.<\/span>[\/vc_column_text][\/vc_column_inner][vc_column_inner width=&#8221;1\/2&#8243; css=&#8221;.vc_custom_1572286278515{padding-bottom: 50px !important;}&#8221; offset=&#8221;vc_col-lg-4 vc_col-md-4&#8243;]<style type=\"text\/css\" data-type=\"the7_shortcodes-inline-css\">#default-btn-0b0fe56c005cb440c7b2fefe76a50d99.ico-right-side > i {\n  margin-right: 0px;\n  margin-left: 8px;\n}\n#default-btn-0b0fe56c005cb440c7b2fefe76a50d99 > i {\n  margin-right: 8px;\n}\n<\/style><div class=\"btn-align-center\"><a href=\"https:\/\/meremeera.ca\/en\/shop\/\" class=\"default-btn-shortcode dt-btn dt-btn-m link-hover-off \" id=\"default-btn-0b0fe56c005cb440c7b2fefe76a50d99\" title=\"Shop\"><span>Shop now !<\/span><\/a><\/div>[\/vc_column_inner][\/vc_row_inner][\/vc_column][\/vc_row]<\/p>\n<\/div>","protected":false},"excerpt":{"rendered":"<p>[vc_row full_width=&#8221;stretch_row&#8221; bg_type=&#8221;image&#8221; parallax_style=&#8221;vcpb-vz-jquery&#8221; bg_image_new=&#8221;id^57203|url^https:\/\/meremeera.ca\/wp-content\/uploads\/2022\/11\/background-slider-4-pattern.jpg|caption^null|alt^null|title^background-slider-4-pattern|description^null&#8221; bg_override=&#8221;full&#8221; enable_overlay=&#8221;enable_overlay_value&#8221; overlay_pattern=&#8221;transperant&#8221; overlay_pattern_opacity=&#8221;0&#8243; type=&#8221;vc_default&#8221; css=&#8221;.vc_custom_1671049105071{padding-top: 140px !important;padding-bottom: 120px !important;}&#8221;][vc_column css=&#8221;.vc_custom_1669845485652{padding-right: 10% !important;padding-left: 10% !important;}&#8221;][\/vc_column][\/vc_row][vc_row gap=&#8221;35&#8243; equal_height=&#8221;yes&#8221; content_placement=&#8221;middle&#8221; type=&#8221;vc_default&#8221; css=&#8221;.vc_custom_1669838862735{padding-top: 80px !important;padding-bottom: 80px !important;}&#8221;][vc_column width=&#8221;1\/2&#8243; offset=&#8221;vc_col-lg-6 vc_col-md-6 vc_col-xs-12&#8243;][vc_single_image image=&#8221;57636&#8243; img_size=&#8221;full&#8221;][\/vc_column][vc_column width=&#8221;1\/2&#8243; offset=&#8221;vc_col-lg-6 vc_col-md-6 vc_col-xs-12&#8243;][vc_column_text]Mother Meera\u00a0travels around the world and there are many online sources of information in several languages\u00a0for those&hellip;<\/p>\n","protected":false},"author":1,"featured_media":0,"parent":0,"menu_order":40,"comment_status":"closed","ping_status":"closed","template":"","meta":{"_monsterinsights_skip_tracking":false,"_monsterinsights_sitenote_active":false,"_monsterinsights_sitenote_note":"","_monsterinsights_sitenote_category":0,"footnotes":""},"class_list":["post-58554","page","type-page","status-publish","hentry","description-off"],"yoast_head":"<!-- This site is optimized with the Yoast SEO plugin v27.5 - https:\/\/yoast.com\/product\/yoast-seo-wordpress\/ -->\n<title>Ressources - Soci\u00e9t\u00e9 M\u00e8re Meera<\/title>\n<meta name=\"robots\" content=\"index, follow, max-snippet:-1, max-image-preview:large, max-video-preview:-1\" \/>\n<link rel=\"canonical\" href=\"https:\/\/meremeera.ca\/en\/ressources\/\" \/>\n<meta property=\"og:locale\" content=\"en_US\" \/>\n<meta property=\"og:type\" content=\"article\" \/>\n<meta property=\"og:title\" content=\"Ressources - Soci\u00e9t\u00e9 M\u00e8re Meera\" \/>\n<meta property=\"og:description\" content=\"[vc_row full_width=&#8221;stretch_row&#8221; bg_type=&#8221;image&#8221; parallax_style=&#8221;vcpb-vz-jquery&#8221; bg_image_new=&#8221;id^57203|url^https:\/\/meremeera.ca\/wp-content\/uploads\/2022\/11\/background-slider-4-pattern.jpg|caption^null|alt^null|title^background-slider-4-pattern|description^null&#8221; bg_override=&#8221;full&#8221; enable_overlay=&#8221;enable_overlay_value&#8221; overlay_pattern=&#8221;transperant&#8221; overlay_pattern_opacity=&#8221;0&#8243; type=&#8221;vc_default&#8221; css=&#8221;.vc_custom_1671049105071{padding-top: 140px !important;padding-bottom: 120px !important;}&#8221;][vc_column css=&#8221;.vc_custom_1669845485652{padding-right: 10% !important;padding-left: 10% !important;}&#8221;][\/vc_column][\/vc_row][vc_row gap=&#8221;35&#8243; equal_height=&#8221;yes&#8221; content_placement=&#8221;middle&#8221; type=&#8221;vc_default&#8221; css=&#8221;.vc_custom_1669838862735{padding-top: 80px !important;padding-bottom: 80px !important;}&#8221;][vc_column width=&#8221;1\/2&#8243; offset=&#8221;vc_col-lg-6 vc_col-md-6 vc_col-xs-12&#8243;][vc_single_image image=&#8221;57636&#8243; img_size=&#8221;full&#8221;][\/vc_column][vc_column width=&#8221;1\/2&#8243; offset=&#8221;vc_col-lg-6 vc_col-md-6 vc_col-xs-12&#8243;][vc_column_text]Mother Meera\u00a0travels around the world and there are many online sources of information in several languages\u00a0for those&hellip;\" \/>\n<meta property=\"og:url\" content=\"https:\/\/meremeera.ca\/en\/ressources\/\" \/>\n<meta property=\"og:site_name\" content=\"Soci\u00e9t\u00e9 M\u00e8re Meera\" \/>\n<meta property=\"article:modified_time\" content=\"2023-02-14T13:46:14+00:00\" \/>\n<meta name=\"twitter:card\" content=\"summary_large_image\" \/>\n<meta name=\"twitter:label1\" content=\"Est. reading time\" \/>\n\t<meta name=\"twitter:data1\" content=\"3 minutes\" \/>\n<script type=\"application\/ld+json\" class=\"yoast-schema-graph\">{\"@context\":\"https:\\\/\\\/schema.org\",\"@graph\":[{\"@type\":\"WebPage\",\"@id\":\"https:\\\/\\\/meremeera.ca\\\/en\\\/ressources\\\/\",\"url\":\"https:\\\/\\\/meremeera.ca\\\/en\\\/ressources\\\/\",\"name\":\"Ressources - Soci\u00e9t\u00e9 M\u00e8re Meera\",\"isPartOf\":{\"@id\":\"https:\\\/\\\/meremeera.ca\\\/en\\\/#website\"},\"datePublished\":\"2022-12-14T20:18:18+00:00\",\"dateModified\":\"2023-02-14T13:46:14+00:00\",\"breadcrumb\":{\"@id\":\"https:\\\/\\\/meremeera.ca\\\/en\\\/ressources\\\/#breadcrumb\"},\"inLanguage\":\"en-US\",\"potentialAction\":[{\"@type\":\"ReadAction\",\"target\":[\"https:\\\/\\\/meremeera.ca\\\/en\\\/ressources\\\/\"]}]},{\"@type\":\"BreadcrumbList\",\"@id\":\"https:\\\/\\\/meremeera.ca\\\/en\\\/ressources\\\/#breadcrumb\",\"itemListElement\":[{\"@type\":\"ListItem\",\"position\":1,\"name\":\"Accueil\",\"item\":\"https:\\\/\\\/meremeera.ca\\\/en\\\/\"},{\"@type\":\"ListItem\",\"position\":2,\"name\":\"Ressources\"}]},{\"@type\":\"WebSite\",\"@id\":\"https:\\\/\\\/meremeera.ca\\\/en\\\/#website\",\"url\":\"https:\\\/\\\/meremeera.ca\\\/en\\\/\",\"name\":\"Soci\u00e9t\u00e9 M\u00e8re Meera\",\"description\":\"God is with us\",\"potentialAction\":[{\"@type\":\"SearchAction\",\"target\":{\"@type\":\"EntryPoint\",\"urlTemplate\":\"https:\\\/\\\/meremeera.ca\\\/en\\\/?s={search_term_string}\"},\"query-input\":{\"@type\":\"PropertyValueSpecification\",\"valueRequired\":true,\"valueName\":\"search_term_string\"}}],\"inLanguage\":\"en-US\"}]}<\/script>\n<!-- \/ Yoast SEO plugin. -->","yoast_head_json":{"title":"Ressources - Soci\u00e9t\u00e9 M\u00e8re Meera","robots":{"index":"index","follow":"follow","max-snippet":"max-snippet:-1","max-image-preview":"max-image-preview:large","max-video-preview":"max-video-preview:-1"},"canonical":"https:\/\/meremeera.ca\/en\/ressources\/","og_locale":"en_US","og_type":"article","og_title":"Ressources - Soci\u00e9t\u00e9 M\u00e8re Meera","og_description":"[vc_row full_width=&#8221;stretch_row&#8221; bg_type=&#8221;image&#8221; parallax_style=&#8221;vcpb-vz-jquery&#8221; bg_image_new=&#8221;id^57203|url^https:\/\/meremeera.ca\/wp-content\/uploads\/2022\/11\/background-slider-4-pattern.jpg|caption^null|alt^null|title^background-slider-4-pattern|description^null&#8221; bg_override=&#8221;full&#8221; enable_overlay=&#8221;enable_overlay_value&#8221; overlay_pattern=&#8221;transperant&#8221; overlay_pattern_opacity=&#8221;0&#8243; type=&#8221;vc_default&#8221; css=&#8221;.vc_custom_1671049105071{padding-top: 140px !important;padding-bottom: 120px !important;}&#8221;][vc_column css=&#8221;.vc_custom_1669845485652{padding-right: 10% !important;padding-left: 10% !important;}&#8221;][\/vc_column][\/vc_row][vc_row gap=&#8221;35&#8243; equal_height=&#8221;yes&#8221; content_placement=&#8221;middle&#8221; type=&#8221;vc_default&#8221; css=&#8221;.vc_custom_1669838862735{padding-top: 80px !important;padding-bottom: 80px !important;}&#8221;][vc_column width=&#8221;1\/2&#8243; offset=&#8221;vc_col-lg-6 vc_col-md-6 vc_col-xs-12&#8243;][vc_single_image image=&#8221;57636&#8243; img_size=&#8221;full&#8221;][\/vc_column][vc_column width=&#8221;1\/2&#8243; offset=&#8221;vc_col-lg-6 vc_col-md-6 vc_col-xs-12&#8243;][vc_column_text]Mother Meera\u00a0travels around the world and there are many online sources of information in several languages\u00a0for those&hellip;","og_url":"https:\/\/meremeera.ca\/en\/ressources\/","og_site_name":"Soci\u00e9t\u00e9 M\u00e8re Meera","article_modified_time":"2023-02-14T13:46:14+00:00","twitter_card":"summary_large_image","twitter_misc":{"Est. reading time":"3 minutes"},"schema":{"@context":"https:\/\/schema.org","@graph":[{"@type":"WebPage","@id":"https:\/\/meremeera.ca\/en\/ressources\/","url":"https:\/\/meremeera.ca\/en\/ressources\/","name":"Ressources - Soci\u00e9t\u00e9 M\u00e8re Meera","isPartOf":{"@id":"https:\/\/meremeera.ca\/en\/#website"},"datePublished":"2022-12-14T20:18:18+00:00","dateModified":"2023-02-14T13:46:14+00:00","breadcrumb":{"@id":"https:\/\/meremeera.ca\/en\/ressources\/#breadcrumb"},"inLanguage":"en-US","potentialAction":[{"@type":"ReadAction","target":["https:\/\/meremeera.ca\/en\/ressources\/"]}]},{"@type":"BreadcrumbList","@id":"https:\/\/meremeera.ca\/en\/ressources\/#breadcrumb","itemListElement":[{"@type":"ListItem","position":1,"name":"Accueil","item":"https:\/\/meremeera.ca\/en\/"},{"@type":"ListItem","position":2,"name":"Ressources"}]},{"@type":"WebSite","@id":"https:\/\/meremeera.ca\/en\/#website","url":"https:\/\/meremeera.ca\/en\/","name":"Soci\u00e9t\u00e9 M\u00e8re Meera","description":"God is with us","potentialAction":[{"@type":"SearchAction","target":{"@type":"EntryPoint","urlTemplate":"https:\/\/meremeera.ca\/en\/?s={search_term_string}"},"query-input":{"@type":"PropertyValueSpecification","valueRequired":true,"valueName":"search_term_string"}}],"inLanguage":"en-US"}]}},"_links":{"self":[{"href":"https:\/\/meremeera.ca\/en\/wp-json\/wp\/v2\/pages\/58554","targetHints":{"allow":["GET"]}}],"collection":[{"href":"https:\/\/meremeera.ca\/en\/wp-json\/wp\/v2\/pages"}],"about":[{"href":"https:\/\/meremeera.ca\/en\/wp-json\/wp\/v2\/types\/page"}],"author":[{"embeddable":true,"href":"https:\/\/meremeera.ca\/en\/wp-json\/wp\/v2\/users\/1"}],"replies":[{"embeddable":true,"href":"https:\/\/meremeera.ca\/en\/wp-json\/wp\/v2\/comments?post=58554"}],"version-history":[{"count":5,"href":"https:\/\/meremeera.ca\/en\/wp-json\/wp\/v2\/pages\/58554\/revisions"}],"predecessor-version":[{"id":58785,"href":"https:\/\/meremeera.ca\/en\/wp-json\/wp\/v2\/pages\/58554\/revisions\/58785"}],"wp:attachment":[{"href":"https:\/\/meremeera.ca\/en\/wp-json\/wp\/v2\/media?parent=58554"}],"curies":[{"name":"wp","href":"https:\/\/api.w.org\/{rel}","templated":true}]}}