{"id":58541,"date":"2022-12-13T15:01:27","date_gmt":"2022-12-13T20:01:27","guid":{"rendered":"https:\/\/meremeera.ca\/darshan\/"},"modified":"2023-02-17T14:09:17","modified_gmt":"2023-02-17T19:09:17","slug":"darshan","status":"publish","type":"page","link":"https:\/\/meremeera.ca\/en\/darshan\/","title":{"rendered":"Darshan"},"content":{"rendered":"<div class=\"wpb-content-wrapper\"><p>[vc_row full_width=&#8221;stretch_row&#8221; bg_type=&#8221;image&#8221; parallax_style=&#8221;vcpb-vz-jquery&#8221; bg_image_new=&#8221;id^57201|url^https:\/\/meremeera.ca\/wp-content\/uploads\/2022\/11\/background-slider-3-pattern.jpg|caption^null|alt^null|title^background-slider-3-pattern|description^null&#8221; bg_override=&#8221;full&#8221; enable_overlay=&#8221;enable_overlay_value&#8221; overlay_pattern=&#8221;transperant&#8221; overlay_pattern_opacity=&#8221;0&#8243; type=&#8221;vc_default&#8221; css=&#8221;.vc_custom_1670961651755{padding-top: 140px !important;padding-bottom: 120px !important;}&#8221;][vc_column css=&#8221;.vc_custom_1669845485652{padding-right: 10% !important;padding-left: 10% !important;}&#8221;]<div id=\"ultimate-heading-644069f2e4f501f39\" class=\"uvc-heading ult-adjust-bottom-margin ultimate-heading-644069f2e4f501f39 uvc-545 \" data-hspacer=\"no_spacer\"  data-halign=\"left\" style=\"text-align:left\"><div class=\"uvc-heading-spacer no_spacer\" style=\"top\"><\/div><div class=\"uvc-sub-heading ult-responsive\"  data-ultimate-target='.uvc-heading.ultimate-heading-644069f2e4f501f39 .uvc-sub-heading '  data-responsive-json-new='{\"font-size\":\"desktop:32px;\",\"line-height\":\"\"}'  style=\"font-family:&#039;Berkshire Swash&#039;;font-weight:normal;font-style:normal;color:#cc0068;\"><\/p>\n<p style=\"text-align: center;\">\u00ab I look at everything inside you to see where I can help, where I can heal and give strength. (&#8230;) I open up each part of your being to Light. \u00bb<\/p>\n<p>&nbsp;<\/p>\n<p style=\"text-align: center;\">~ Mother Meera<\/p>\n<p><\/div><\/div>[\/vc_column][\/vc_row][vc_row gap=&#8221;35&#8243; equal_height=&#8221;yes&#8221; content_placement=&#8221;middle&#8221; type=&#8221;vc_default&#8221; css=&#8221;.vc_custom_1669838862735{padding-top: 80px !important;padding-bottom: 80px !important;}&#8221;][vc_column width=&#8221;1\/2&#8243; offset=&#8221;vc_col-lg-6 vc_col-md-6 vc_col-xs-12&#8243;][vc_single_image image=&#8221;57593&#8243; img_size=&#8221;full&#8221;][\/vc_column][vc_column width=&#8221;1\/2&#8243; offset=&#8221;vc_col-lg-6 vc_col-md-6 vc_col-xs-12&#8243;]<div id=\"ultimate-heading-474469f2e4f501fa9\" class=\"uvc-heading ult-adjust-bottom-margin ultimate-heading-474469f2e4f501fa9 uvc-5614 accent-subtitle-color\" data-hspacer=\"no_spacer\"  data-halign=\"left\" style=\"text-align:left\"><div class=\"uvc-heading-spacer no_spacer\" style=\"top\"><\/div><div class=\"uvc-main-heading ult-responsive\"  data-ultimate-target='.uvc-heading.ultimate-heading-474469f2e4f501fa9 h2'  data-responsive-json-new='{\"font-size\":\"desktop:48px;tablet:40px;tablet_portrait:36px;mobile:30px;\",\"line-height\":\"desktop:58px;tablet:50px;tablet_portrait:46px;mobile:40px;\"}' ><h2 style=\"--font-weight:theme;margin-bottom:25px;\">Mother Meera\u2019s Darshan<\/h2><\/div><\/div>[vc_column_text]Darshan means \u201csee the Divine\u201d and in our case \u201cbe in presence of the Divine.\u201d Through darshan, <a href=\"https:\/\/meremeera.ca\/en\/her-story\/\" target=\"_blank\" rel=\"noopener\">Mother Meera<\/a>\u00a0gives Love and Light for free to all humankind while travelling around the world. In <a href=\"https:\/\/meremeera.ca\/en\/her-permanent-residence\/\" target=\"_blank\" rel=\"noopener\">Germany<\/a>\u00a0where Mother lives, it usually is possible to receive darshan all year round. During darshan, one is invited to present oneself and receive the transmission of Light that she calls down on earth.<\/p>\n<p>Darshan is held in silence, in a precise way exactly adapted to Mother Meera\u2019s work. While we kneel or sit down bowing our head in front of Mother, she puts hers fingers on our temples and works on what could be described as the soul\u2019s \u201ccircuit\u201d. When she releases our head, we look at her in the eyes and she examines the areas of our being that need her Light, giving us energy, purification and interior healing so that our mental, emotional and physical aspects live in harmony.<\/p>\n<p><a href=\"https:\/\/meremeera.ca\/en\/societe-mere-meera\/\">Soci\u00e9t\u00e9 M\u00e8re Meera<\/a>\u00a0deals with the organization of Mother Meera\u2019s tour throughout Canada. See the <a href=\"https:\/\/booking.mothermeera.com\/sessions\/public?lang=fr\" target=\"_blank\" rel=\"noopener\">calendar<\/a>\u00a0to know Mother Meera\u2019s schedule.[\/vc_column_text][\/vc_column][\/vc_row][vc_row full_width=&#8221;stretch_row&#8221; bg_type=&#8221;image&#8221; parallax_style=&#8221;vcpb-vz-jquery&#8221; bg_image_new=&#8221;id^57148|url^https:\/\/meremeera.ca\/wp-content\/uploads\/2020\/05\/banni\u00e8re-accueil-2.jpg|caption^null|alt^null|title^banni\u00e8re-accueil-2|description^null&#8221; bg_override=&#8221;full&#8221; enable_overlay=&#8221;enable_overlay_value&#8221; overlay_pattern=&#8221;transperant&#8221; overlay_pattern_opacity=&#8221;0&#8243; type=&#8221;vc_default&#8221; css=&#8221;.vc_custom_1669845336632{padding-top: 100px !important;padding-bottom: 100px !important;}&#8221;][vc_column css=&#8221;.vc_custom_1669841535736{padding-right: 5% !important;padding-left: 5% !important;}&#8221;]<div id=\"ultimate-heading-629369f2e4f502050\" class=\"uvc-heading ult-adjust-bottom-margin ultimate-heading-629369f2e4f502050 uvc-791 \" data-hspacer=\"no_spacer\"  data-halign=\"left\" style=\"text-align:left\"><div class=\"uvc-heading-spacer no_spacer\" style=\"top\"><\/div><div class=\"uvc-sub-heading ult-responsive\"  data-ultimate-target='.uvc-heading.ultimate-heading-629369f2e4f502050 .uvc-sub-heading '  data-responsive-json-new='{\"font-size\":\"desktop:24px;\",\"line-height\":\"\"}'  style=\"font-weight:bold;color:#97024c;\"><\/p>\n<p style=\"text-align: center;\">Darshans with Mother Meera will not start again before 2023. What happens next will depend on the evolution of the Covid 19 pandemic. Meanwhile, you can attend daily <a href=\"https:\/\/www.youtube.com\/channel\/UCE_HuzrCyNM0wanx5ywL8Og\" target=\"_blank\" rel=\"noopener\">meditations online<\/a>. You can also read <a href=\"https:\/\/www.mothermeera.com\/articles\" target=\"_blank\" rel=\"noopener\">Mother\u2019s answers<\/a>\u00a0to help you go through this special time.<\/p>\n<p><\/div><\/div>[\/vc_column][\/vc_row][vc_row full_width=&#8221;stretch_row_content_no_spaces&#8221; equal_height=&#8221;yes&#8221; content_placement=&#8221;middle&#8221; css=&#8221;.vc_custom_1669839975890{background-color: #f7f7f7 !important;}&#8221; el_class=&#8221;reverse-row-on-mobile&#8221;][vc_column css=&#8221;.vc_custom_1669840178670{padding-top: 60px !important;padding-right: 10% !important;padding-bottom: 60px !important;padding-left: 10% !important;}&#8221; offset=&#8221;vc_col-lg-6 vc_col-md-6&#8243;]<div id=\"ultimate-heading-300969f2e4f5020a3\" class=\"uvc-heading ult-adjust-bottom-margin ultimate-heading-300969f2e4f5020a3 uvc-721 \" data-hspacer=\"no_spacer\"  data-halign=\"left\" style=\"text-align:left\"><div class=\"uvc-heading-spacer no_spacer\" style=\"top\"><\/div><div class=\"uvc-main-heading ult-responsive\"  data-ultimate-target='.uvc-heading.ultimate-heading-300969f2e4f5020a3 h5'  data-responsive-json-new='{\"font-size\":\"desktop:36px;tablet:34px;tablet_portrait:32px;mobile_landscape:30px;\",\"line-height\":\"desktop:46px;tablet:44px;tablet_portrait:42px;mobile_landscape:40px;\"}' ><h5 style=\"--font-weight:theme;margin-bottom:25px;\">What happens during the darshan<\/h5><\/div><\/div>[vc_column_text]During darshan, by a gesture of Love, Mother Meera transmits Light to each part of our being. She works more especially on our \u201cpersonality\u201d, removing with gentleness obstacles that prevent our spiritual development. Our body includes a system of subtle energy channels that extends from head to toe. In reaction to what we experiment in contact with the world, at physical as well as mental levels, \u201cenergetic knots\u201d are formed along those energy channels. Mother Meera\u2019s darshan unties those knots that block the circulation of energy in those channels, in front and in the back of our body. By releasing those knots or blockages, Mother enables our soul to open out.[\/vc_column_text][\/vc_column][vc_column css=&#8221;.vc_custom_1671048597186{padding-top: 600px !important;background-image: url(https:\/\/meremeera.ca\/wp-content\/uploads\/2022\/12\/mere-meera-22.jpg?id=57630) !important;background-position: center !important;background-repeat: no-repeat !important;background-size: cover !important;}&#8221; offset=&#8221;vc_col-lg-6 vc_col-md-6&#8243;][\/vc_column][\/vc_row][vc_row full_width=&#8221;stretch_row_content_no_spaces&#8221; equal_height=&#8221;yes&#8221; content_placement=&#8221;middle&#8221; css=&#8221;.vc_custom_1669840112894{background-color: #f7f7f7 !important;}&#8221;][vc_column css=&#8221;.vc_custom_1670962046174{padding-top: 600px !important;background-image: url(https:\/\/meremeera.ca\/wp-content\/uploads\/2022\/12\/darshan-mere-mother-meera-2.jpeg?id=57596) !important;background-position: center !important;background-repeat: no-repeat !important;background-size: cover !important;}&#8221; offset=&#8221;vc_col-lg-6 vc_col-md-6&#8243;][\/vc_column][vc_column css=&#8221;.vc_custom_1669840171476{padding-top: 60px !important;padding-right: 10% !important;padding-bottom: 60px !important;padding-left: 10% !important;}&#8221; offset=&#8221;vc_col-lg-6 vc_col-md-6&#8243;]<div id=\"ultimate-heading-399169f2e4f5020fa\" class=\"uvc-heading ult-adjust-bottom-margin ultimate-heading-399169f2e4f5020fa uvc-7995 \" data-hspacer=\"no_spacer\"  data-halign=\"left\" style=\"text-align:left\"><div class=\"uvc-heading-spacer no_spacer\" style=\"top\"><\/div><div class=\"uvc-main-heading ult-responsive\"  data-ultimate-target='.uvc-heading.ultimate-heading-399169f2e4f5020fa h5'  data-responsive-json-new='{\"font-size\":\"desktop:36px;tablet:34px;tablet_portrait:32px;mobile_landscape:30px;\",\"line-height\":\"desktop:46px;tablet:44px;tablet_portrait:42px;mobile_landscape:40px;\"}' ><h5 style=\"--font-weight:theme;margin-bottom:25px;\">Receiving darshan<\/h5><\/div><\/div>[vc_column_text]Once the pandemic situation allows it, we will have the opportunity to receive Mother Meera in Canada, in Quebec and Ontario. Soci\u00e9t\u00e9 M\u00e8re Meera takes care of the organization of those tours. You want to receive darshan from Mother Meera? Mother\u2019s schedule is available on the <a href=\"https:\/\/booking.mothermeera.com\/sessions\/public?lang=en\" target=\"_blank\" rel=\"noopener\">calendar<\/a>. Receiving darshan is free of charge but you must book your place. To know in advance Mother\u2019s next visit to Canada, you are invited to sign up to our newsletter at the bottom of the page.[\/vc_column_text][\/vc_column][\/vc_row][vc_row bg_type=&#8221;image&#8221; parallax_style=&#8221;vcpb-vz-jquery&#8221; bg_image_new=&#8221;id^57601|url^https:\/\/meremeera.ca\/wp-content\/uploads\/2022\/12\/spiral-g9223180c7_1280.jpg|caption^null|alt^null|title^spiral-g9223180c7_1280|description^null&#8221; bg_image_repeat=&#8221;no-repeat&#8221; bg_override=&#8221;ex-full&#8221; enable_overlay=&#8221;enable_overlay_value&#8221; overlay_color=&#8221;rgba(0,0,0,0.5)&#8221; overlay_pattern=&#8221;transperant&#8221; type=&#8221;vc_default&#8221; css=&#8221;.vc_custom_1670962257335{padding-top: 100px !important;padding-right: 25px !important;padding-bottom: 100px !important;padding-left: 25px !important;background-color: #000000 !important;}&#8221;][vc_column][vc_row_inner equal_height=&#8221;yes&#8221; css=&#8221;.vc_custom_1573063253940{padding-top: 50px !important;padding-right: 25px !important;padding-left: 25px !important;background-color: #ffffff !important;}&#8221; el_class=&#8221;reverse-row-on-mobile&#8221;][vc_column_inner width=&#8221;7\/12&#8243; offset=&#8221;vc_col-lg-6 vc_col-md-6&#8243; css=&#8221;.vc_custom_1573061378810{margin-top: 0px !important;margin-right: 0px !important;margin-bottom: 0px !important;margin-left: 0px !important;padding-top: 0px !important;padding-right: 25px !important;padding-bottom: 40px !important;padding-left: 25px !important;}&#8221;]<div id=\"ultimate-heading-145269f2e4f502147\" class=\"uvc-heading ult-adjust-bottom-margin ultimate-heading-145269f2e4f502147 uvc-2621 accent-border-color uvc-heading-default-font-sizes\" data-hspacer=\"no_spacer\"  data-halign=\"left\" style=\"text-align:left\"><div class=\"uvc-heading-spacer no_spacer\" style=\"top\"><\/div><div class=\"uvc-main-heading ult-responsive\"  data-ultimate-target='.uvc-heading.ultimate-heading-145269f2e4f502147 h2'  data-responsive-json-new='{\"font-size\":\"\",\"line-height\":\"\"}' ><h2 style=\"font-weight:bold;margin-bottom:15px;\">Darshan proceedings<\/h2><\/div><\/div><div id=\"ultimate-heading-837769f2e4f50219e\" class=\"uvc-heading ult-adjust-bottom-margin ultimate-heading-837769f2e4f50219e uvc-130  uvc-heading-default-font-sizes\" data-hspacer=\"no_spacer\"  data-halign=\"left\" style=\"text-align:left\"><div class=\"uvc-heading-spacer no_spacer\" style=\"top\"><\/div><div class=\"uvc-sub-heading ult-responsive\"  data-ultimate-target='.uvc-heading.ultimate-heading-837769f2e4f50219e .uvc-sub-heading '  data-responsive-json-new='{\"font-size\":\"\",\"line-height\":\"\"}'  style=\"font-weight:normal;margin-bottom:30px;\">You are about to receive darshan, here are a few tips to prepare. After validating your registration at the entrance, you are invited to go and sit in the hall. Darshan is held in silence. When darshan begins, you will be guided to form a queue in front of Mother. When your turn comes, you kneel down \u2013 or sit down if you have difficulty to kneel down \u2013 in front of her and incline your head. You will then feel her hands on your temples. When she withdraws them, raise your heard and look at her in the eyes. When Mother looks down, stand up and go back to your place. Always remain silent. Darshan will terminate with Mother\u2019s blessing.<\/div><\/div>[vc_empty_space height=&#8221;25px&#8221;]<style type=\"text\/css\" data-type=\"the7_shortcodes-inline-css\">#default-btn-b8a9e9d3136515e6ad624c248493979f.ico-right-side > i {\n  margin-right: 0px;\n  margin-left: 8px;\n}\n#default-btn-b8a9e9d3136515e6ad624c248493979f > i {\n  margin-right: 8px;\n}\n<\/style><div class=\"btn-align-center\"><a href=\"https:\/\/meremeera.ca\/wp-content\/uploads\/2023\/02\/darshan-informations-en.pdf\" class=\"default-btn-shortcode dt-btn dt-btn-m link-hover-off \" id=\"default-btn-b8a9e9d3136515e6ad624c248493979f\"><span>Download the instructions<\/span><\/a><\/div>[\/vc_column_inner][vc_column_inner width=&#8221;5\/12&#8243; css=&#8221;.vc_custom_1670962240433{margin-right: 25px !important;margin-bottom: 50px !important;margin-left: 25px !important;padding-top: 150px !important;padding-bottom: 150px !important;background-image: url(https:\/\/meremeera.ca\/wp-content\/uploads\/2022\/12\/mere-mother-meera-darshan.jpg?id=57599) !important;background-position: center !important;background-repeat: no-repeat !important;background-size: cover !important;}&#8221; offset=&#8221;vc_col-lg-6 vc_col-md-6&#8243;][\/vc_column_inner][\/vc_row_inner][\/vc_column][\/vc_row][vc_row bg_type=&#8221;image&#8221; bg_override=&#8221;ex-full&#8221; enable_overlay=&#8221;enable_overlay_value&#8221; overlay_color=&#8221;rgba(0,0,0,0.5)&#8221; overlay_pattern=&#8221;transperant&#8221; type=&#8221;vc_default&#8221; css=&#8221;.vc_custom_1669838245600{padding-top: 100px !important;padding-bottom: 50px !important;background-image: url(https:\/\/meremeera.ca\/wp-content\/uploads\/2022\/11\/background-boutique.jpg?id=57216) !important;}&#8221;][vc_column offset=&#8221;vc_col-lg-offset-0 vc_col-md-offset-0 vc_col-sm-offset-0 vc_col-xs-12&#8243;][vc_row_inner content_placement=&#8221;middle&#8221;][vc_column_inner width=&#8221;1\/2&#8243; css=&#8221;.vc_custom_1572286271908{padding-bottom: 50px !important;}&#8221; offset=&#8221;vc_col-lg-8 vc_col-md-8&#8243;]<div id=\"ultimate-heading-817369f2e4f5022b1\" class=\"uvc-heading ult-adjust-bottom-margin ultimate-heading-817369f2e4f5022b1 uvc-9308 accent-title-color\" data-hspacer=\"no_spacer\"  data-halign=\"left\" style=\"text-align:left\"><div class=\"uvc-heading-spacer no_spacer\" style=\"top\"><\/div><div class=\"uvc-main-heading ult-responsive\"  data-ultimate-target='.uvc-heading.ultimate-heading-817369f2e4f5022b1 h2'  data-responsive-json-new='{\"font-size\":\"desktop:30px;tablet_portrait:20px;\",\"line-height\":\"desktop:40px;tablet_portrait:30px;\"}' ><h2 style=\"font-weight:bold;margin-bottom:10px;\">to accompany your meditation<\/h2><\/div><div class=\"uvc-sub-heading ult-responsive\"  data-ultimate-target='.uvc-heading.ultimate-heading-817369f2e4f5022b1 .uvc-sub-heading '  data-responsive-json-new='{\"font-size\":\"desktop:46px;tablet_portrait:34px;\",\"line-height\":\"desktop:56px;tablet_portrait:44px;\"}'  style=\"font-weight:bold;color:#ffffff;\">Visit our online shop<\/div><\/div>[vc_empty_space height=&#8221;25px&#8221;][vc_column_text]<span style=\"color: #ffffff;\">To get among other things Mother\u2019s books, malas, incense, music to accompany your meditation, and a wide variety of articles related to her.<\/span>[\/vc_column_text][\/vc_column_inner][vc_column_inner width=&#8221;1\/2&#8243; css=&#8221;.vc_custom_1572286278515{padding-bottom: 50px !important;}&#8221; offset=&#8221;vc_col-lg-4 vc_col-md-4&#8243;]<style type=\"text\/css\" data-type=\"the7_shortcodes-inline-css\">#default-btn-0b0fe56c005cb440c7b2fefe76a50d99.ico-right-side > i {\n  margin-right: 0px;\n  margin-left: 8px;\n}\n#default-btn-0b0fe56c005cb440c7b2fefe76a50d99 > i {\n  margin-right: 8px;\n}\n<\/style><div class=\"btn-align-center\"><a href=\"https:\/\/meremeera.ca\/en\/shop\/\" class=\"default-btn-shortcode dt-btn dt-btn-m link-hover-off \" id=\"default-btn-0b0fe56c005cb440c7b2fefe76a50d99\" title=\"Shop\"><span>Shop now !<\/span><\/a><\/div>[\/vc_column_inner][\/vc_row_inner][\/vc_column][\/vc_row]<\/p>\n<\/div>","protected":false},"excerpt":{"rendered":"<p>[vc_row full_width=&#8221;stretch_row&#8221; bg_type=&#8221;image&#8221; parallax_style=&#8221;vcpb-vz-jquery&#8221; bg_image_new=&#8221;id^57201|url^https:\/\/meremeera.ca\/wp-content\/uploads\/2022\/11\/background-slider-3-pattern.jpg|caption^null|alt^null|title^background-slider-3-pattern|description^null&#8221; bg_override=&#8221;full&#8221; enable_overlay=&#8221;enable_overlay_value&#8221; overlay_pattern=&#8221;transperant&#8221; overlay_pattern_opacity=&#8221;0&#8243; type=&#8221;vc_default&#8221; css=&#8221;.vc_custom_1670961651755{padding-top: 140px !important;padding-bottom: 120px !important;}&#8221;][vc_column css=&#8221;.vc_custom_1669845485652{padding-right: 10% !important;padding-left: 10% !important;}&#8221;][\/vc_column][\/vc_row][vc_row gap=&#8221;35&#8243; equal_height=&#8221;yes&#8221; content_placement=&#8221;middle&#8221; type=&#8221;vc_default&#8221; css=&#8221;.vc_custom_1669838862735{padding-top: 80px !important;padding-bottom: 80px !important;}&#8221;][vc_column width=&#8221;1\/2&#8243; offset=&#8221;vc_col-lg-6 vc_col-md-6 vc_col-xs-12&#8243;][vc_single_image image=&#8221;57593&#8243; img_size=&#8221;full&#8221;][\/vc_column][vc_column width=&#8221;1\/2&#8243; offset=&#8221;vc_col-lg-6 vc_col-md-6 vc_col-xs-12&#8243;][vc_column_text]Darshan means \u201csee the Divine\u201d and in our case \u201cbe in presence of the Divine.\u201d Through darshan,&hellip;<\/p>\n","protected":false},"author":1,"featured_media":0,"parent":0,"menu_order":40,"comment_status":"closed","ping_status":"closed","template":"","meta":{"_monsterinsights_skip_tracking":false,"_monsterinsights_sitenote_active":false,"_monsterinsights_sitenote_note":"","_monsterinsights_sitenote_category":0,"footnotes":""},"class_list":["post-58541","page","type-page","status-publish","hentry","description-off"],"yoast_head":"<!-- This site is optimized with the Yoast SEO plugin v27.5 - https:\/\/yoast.com\/product\/yoast-seo-wordpress\/ -->\n<title>Mother Meera\u2019s Darshan Canada I Soci\u00e9t\u00e9 M\u00e8re Meera<\/title>\n<meta name=\"description\" content=\"Through darshan, Mother Meera gives Love and Light for free to all humankind while travelling around the world.\" \/>\n<meta name=\"robots\" content=\"index, follow, max-snippet:-1, max-image-preview:large, max-video-preview:-1\" \/>\n<link rel=\"canonical\" href=\"https:\/\/meremeera.ca\/en\/darshan\/\" \/>\n<meta property=\"og:locale\" content=\"en_US\" \/>\n<meta property=\"og:type\" content=\"article\" \/>\n<meta property=\"og:title\" content=\"Mother Meera\u2019s Darshan Canada I Soci\u00e9t\u00e9 M\u00e8re Meera\" \/>\n<meta property=\"og:description\" content=\"Through darshan, Mother Meera gives Love and Light for free to all humankind while travelling around the world.\" \/>\n<meta property=\"og:url\" content=\"https:\/\/meremeera.ca\/en\/darshan\/\" \/>\n<meta property=\"og:site_name\" content=\"Soci\u00e9t\u00e9 M\u00e8re Meera\" \/>\n<meta property=\"article:modified_time\" content=\"2023-02-17T19:09:17+00:00\" \/>\n<meta property=\"og:image\" content=\"https:\/\/meremeera.ca\/wp-content\/uploads\/2022\/12\/mere-mother-meera-darshan.jpg\" \/>\n\t<meta property=\"og:image:width\" content=\"1000\" \/>\n\t<meta property=\"og:image:height\" content=\"667\" \/>\n\t<meta property=\"og:image:type\" content=\"image\/jpeg\" \/>\n<meta name=\"twitter:card\" content=\"summary_large_image\" \/>\n<meta name=\"twitter:image\" content=\"https:\/\/meremeera.ca\/wp-content\/uploads\/2022\/12\/mere-mother-meera-darshan.jpg\" \/>\n<meta name=\"twitter:label1\" content=\"Est. reading time\" \/>\n\t<meta name=\"twitter:data1\" content=\"5 minutes\" \/>\n<script type=\"application\/ld+json\" class=\"yoast-schema-graph\">{\"@context\":\"https:\\\/\\\/schema.org\",\"@graph\":[{\"@type\":\"WebPage\",\"@id\":\"https:\\\/\\\/meremeera.ca\\\/en\\\/darshan\\\/\",\"url\":\"https:\\\/\\\/meremeera.ca\\\/en\\\/darshan\\\/\",\"name\":\"Mother Meera\u2019s Darshan Canada I Soci\u00e9t\u00e9 M\u00e8re Meera\",\"isPartOf\":{\"@id\":\"https:\\\/\\\/meremeera.ca\\\/en\\\/#website\"},\"datePublished\":\"2022-12-13T20:01:27+00:00\",\"dateModified\":\"2023-02-17T19:09:17+00:00\",\"description\":\"Through darshan, Mother Meera gives Love and Light for free to all humankind while travelling around the world.\",\"breadcrumb\":{\"@id\":\"https:\\\/\\\/meremeera.ca\\\/en\\\/darshan\\\/#breadcrumb\"},\"inLanguage\":\"en-US\",\"potentialAction\":[{\"@type\":\"ReadAction\",\"target\":[\"https:\\\/\\\/meremeera.ca\\\/en\\\/darshan\\\/\"]}]},{\"@type\":\"BreadcrumbList\",\"@id\":\"https:\\\/\\\/meremeera.ca\\\/en\\\/darshan\\\/#breadcrumb\",\"itemListElement\":[{\"@type\":\"ListItem\",\"position\":1,\"name\":\"Accueil\",\"item\":\"https:\\\/\\\/meremeera.ca\\\/en\\\/\"},{\"@type\":\"ListItem\",\"position\":2,\"name\":\"Darshan\"}]},{\"@type\":\"WebSite\",\"@id\":\"https:\\\/\\\/meremeera.ca\\\/en\\\/#website\",\"url\":\"https:\\\/\\\/meremeera.ca\\\/en\\\/\",\"name\":\"Soci\u00e9t\u00e9 M\u00e8re Meera\",\"description\":\"God is with us\",\"potentialAction\":[{\"@type\":\"SearchAction\",\"target\":{\"@type\":\"EntryPoint\",\"urlTemplate\":\"https:\\\/\\\/meremeera.ca\\\/en\\\/?s={search_term_string}\"},\"query-input\":{\"@type\":\"PropertyValueSpecification\",\"valueRequired\":true,\"valueName\":\"search_term_string\"}}],\"inLanguage\":\"en-US\"}]}<\/script>\n<!-- \/ Yoast SEO plugin. -->","yoast_head_json":{"title":"Mother Meera\u2019s Darshan Canada I Soci\u00e9t\u00e9 M\u00e8re Meera","description":"Through darshan, Mother Meera gives Love and Light for free to all humankind while travelling around the world.","robots":{"index":"index","follow":"follow","max-snippet":"max-snippet:-1","max-image-preview":"max-image-preview:large","max-video-preview":"max-video-preview:-1"},"canonical":"https:\/\/meremeera.ca\/en\/darshan\/","og_locale":"en_US","og_type":"article","og_title":"Mother Meera\u2019s Darshan Canada I Soci\u00e9t\u00e9 M\u00e8re Meera","og_description":"Through darshan, Mother Meera gives Love and Light for free to all humankind while travelling around the world.","og_url":"https:\/\/meremeera.ca\/en\/darshan\/","og_site_name":"Soci\u00e9t\u00e9 M\u00e8re Meera","article_modified_time":"2023-02-17T19:09:17+00:00","og_image":[{"width":1000,"height":667,"url":"https:\/\/meremeera.ca\/wp-content\/uploads\/2022\/12\/mere-mother-meera-darshan.jpg","type":"image\/jpeg"}],"twitter_card":"summary_large_image","twitter_image":"https:\/\/meremeera.ca\/wp-content\/uploads\/2022\/12\/mere-mother-meera-darshan.jpg","twitter_misc":{"Est. reading time":"5 minutes"},"schema":{"@context":"https:\/\/schema.org","@graph":[{"@type":"WebPage","@id":"https:\/\/meremeera.ca\/en\/darshan\/","url":"https:\/\/meremeera.ca\/en\/darshan\/","name":"Mother Meera\u2019s Darshan Canada I Soci\u00e9t\u00e9 M\u00e8re Meera","isPartOf":{"@id":"https:\/\/meremeera.ca\/en\/#website"},"datePublished":"2022-12-13T20:01:27+00:00","dateModified":"2023-02-17T19:09:17+00:00","description":"Through darshan, Mother Meera gives Love and Light for free to all humankind while travelling around the world.","breadcrumb":{"@id":"https:\/\/meremeera.ca\/en\/darshan\/#breadcrumb"},"inLanguage":"en-US","potentialAction":[{"@type":"ReadAction","target":["https:\/\/meremeera.ca\/en\/darshan\/"]}]},{"@type":"BreadcrumbList","@id":"https:\/\/meremeera.ca\/en\/darshan\/#breadcrumb","itemListElement":[{"@type":"ListItem","position":1,"name":"Accueil","item":"https:\/\/meremeera.ca\/en\/"},{"@type":"ListItem","position":2,"name":"Darshan"}]},{"@type":"WebSite","@id":"https:\/\/meremeera.ca\/en\/#website","url":"https:\/\/meremeera.ca\/en\/","name":"Soci\u00e9t\u00e9 M\u00e8re Meera","description":"God is with us","potentialAction":[{"@type":"SearchAction","target":{"@type":"EntryPoint","urlTemplate":"https:\/\/meremeera.ca\/en\/?s={search_term_string}"},"query-input":{"@type":"PropertyValueSpecification","valueRequired":true,"valueName":"search_term_string"}}],"inLanguage":"en-US"}]}},"_links":{"self":[{"href":"https:\/\/meremeera.ca\/en\/wp-json\/wp\/v2\/pages\/58541","targetHints":{"allow":["GET"]}}],"collection":[{"href":"https:\/\/meremeera.ca\/en\/wp-json\/wp\/v2\/pages"}],"about":[{"href":"https:\/\/meremeera.ca\/en\/wp-json\/wp\/v2\/types\/page"}],"author":[{"embeddable":true,"href":"https:\/\/meremeera.ca\/en\/wp-json\/wp\/v2\/users\/1"}],"replies":[{"embeddable":true,"href":"https:\/\/meremeera.ca\/en\/wp-json\/wp\/v2\/comments?post=58541"}],"version-history":[{"count":5,"href":"https:\/\/meremeera.ca\/en\/wp-json\/wp\/v2\/pages\/58541\/revisions"}],"predecessor-version":[{"id":58784,"href":"https:\/\/meremeera.ca\/en\/wp-json\/wp\/v2\/pages\/58541\/revisions\/58784"}],"wp:attachment":[{"href":"https:\/\/meremeera.ca\/en\/wp-json\/wp\/v2\/media?parent=58541"}],"curies":[{"name":"wp","href":"https:\/\/api.w.org\/{rel}","templated":true}]}}