{"id":58517,"date":"2022-12-15T16:05:58","date_gmt":"2022-12-15T21:05:58","guid":{"rendered":"https:\/\/meremeera.ca\/benevolat\/"},"modified":"2024-02-12T08:44:12","modified_gmt":"2024-02-12T13:44:12","slug":"volunteering","status":"publish","type":"page","link":"https:\/\/meremeera.ca\/en\/volunteering\/","title":{"rendered":"Volunteering"},"content":{"rendered":"<div class=\"wpb-content-wrapper\"><p>[vc_row full_width=&#8221;stretch_row&#8221; bg_type=&#8221;image&#8221; parallax_style=&#8221;vcpb-vz-jquery&#8221; bg_image_new=&#8221;id^57201|url^https:\/\/meremeera.ca\/wp-content\/uploads\/2022\/11\/background-slider-3-pattern.jpg|caption^null|alt^null|title^background-slider-3-pattern|description^null&#8221; bg_override=&#8221;full&#8221; enable_overlay=&#8221;enable_overlay_value&#8221; overlay_pattern=&#8221;transperant&#8221; overlay_pattern_opacity=&#8221;0&#8243; type=&#8221;vc_default&#8221; css=&#8221;.vc_custom_1671138071820{padding-top: 140px !important;padding-bottom: 120px !important;}&#8221;][vc_column css=&#8221;.vc_custom_1669845485652{padding-right: 10% !important;padding-left: 10% !important;}&#8221;]<div id=\"ultimate-heading-484569e5e17a2dc6b\" class=\"uvc-heading ult-adjust-bottom-margin ultimate-heading-484569e5e17a2dc6b uvc-8297 \" data-hspacer=\"no_spacer\"  data-halign=\"left\" style=\"text-align:left\"><div class=\"uvc-heading-spacer no_spacer\" style=\"top\"><\/div><div class=\"uvc-sub-heading ult-responsive\"  data-ultimate-target='.uvc-heading.ultimate-heading-484569e5e17a2dc6b .uvc-sub-heading '  data-responsive-json-new='{\"font-size\":\"desktop:32px;\",\"line-height\":\"\"}'  style=\"font-family:&#039;Berkshire Swash&#039;;font-weight:normal;font-style:normal;color:#cc0068;\"><\/p>\n<p style=\"text-align: center;\">\u00ab Every time you begin a work, pray sincerely to God that He give you perfection and offer Him your work. \u00bb<\/p>\n<p>&nbsp;<\/p>\n<p style=\"text-align: center;\">~ Mother Meera<\/p>\n<p><\/div><\/div>[\/vc_column][\/vc_row][vc_row gap=&#8221;35&#8243; equal_height=&#8221;yes&#8221; content_placement=&#8221;middle&#8221; type=&#8221;vc_default&#8221; css=&#8221;.vc_custom_1669838862735{padding-top: 80px !important;padding-bottom: 80px !important;}&#8221;][vc_column width=&#8221;1\/2&#8243; offset=&#8221;vc_col-lg-6 vc_col-md-6 vc_col-xs-12&#8243;][vc_single_image image=&#8221;58326&#8243; img_size=&#8221;full&#8221;][\/vc_column][vc_column width=&#8221;1\/2&#8243; offset=&#8221;vc_col-lg-6 vc_col-md-6 vc_col-xs-12&#8243;]<div id=\"ultimate-heading-708569e5e17a2dcd2\" class=\"uvc-heading ult-adjust-bottom-margin ultimate-heading-708569e5e17a2dcd2 uvc-5904 accent-subtitle-color\" data-hspacer=\"no_spacer\"  data-halign=\"left\" style=\"text-align:left\"><div class=\"uvc-heading-spacer no_spacer\" style=\"top\"><\/div><div class=\"uvc-main-heading ult-responsive\"  data-ultimate-target='.uvc-heading.ultimate-heading-708569e5e17a2dcd2 h2'  data-responsive-json-new='{\"font-size\":\"desktop:48px;tablet:40px;tablet_portrait:36px;mobile:30px;\",\"line-height\":\"desktop:58px;tablet:50px;tablet_portrait:46px;mobile:40px;\"}' ><h2 style=\"--font-weight:theme;margin-bottom:25px;\">Volunteering to contribute to Mother Meera\u2019s work<\/h2><\/div><\/div>[vc_column_text]Whether it be in Canada or in India, you can get involved as a volunteer to propagate <a href=\"https:\/\/meremeera.ca\/en\/her-story\/\">Mother Meera<\/a>\u2019s work to everyone. In Canada, <a href=\"https:\/\/meremeera.ca\/en\/societe-mere-meera\/\">Soci\u00e9t\u00e9 M\u00e8re Meera<\/a>\u00a0is constantly looking for volunteers willing to give their time year-round or occasionally when Mother visits Canada. As for volunteering in one of the <a href=\"https:\/\/meremeera.ca\/en\/involvement-in-india\/\">schools created by Mother Meera in India<\/a>, anyone willing to work to foster children\u2019s education from their early age is welcome.[\/vc_column_text][\/vc_column][\/vc_row][vc_row full_width=&#8221;stretch_row&#8221; bg_type=&#8221;image&#8221; parallax_style=&#8221;vcpb-vz-jquery&#8221; bg_image_new=&#8221;id^57148|url^https:\/\/meremeera.ca\/wp-content\/uploads\/2020\/05\/banni\u00e8re-accueil-2.jpg|caption^null|alt^null|title^banni\u00e8re-accueil-2|description^null&#8221; bg_override=&#8221;full&#8221; enable_overlay=&#8221;enable_overlay_value&#8221; overlay_pattern=&#8221;transperant&#8221; overlay_pattern_opacity=&#8221;0&#8243; type=&#8221;vc_default&#8221; css=&#8221;.vc_custom_1669845336632{padding-top: 100px !important;padding-bottom: 100px !important;}&#8221;][vc_column css=&#8221;.vc_custom_1669841535736{padding-right: 5% !important;padding-left: 5% !important;}&#8221;]<div id=\"ultimate-heading-786969e5e17a2dd3b\" class=\"uvc-heading ult-adjust-bottom-margin ultimate-heading-786969e5e17a2dd3b uvc-1015 \" data-hspacer=\"no_spacer\"  data-halign=\"left\" style=\"text-align:left\"><div class=\"uvc-heading-spacer no_spacer\" style=\"top\"><\/div><div class=\"uvc-sub-heading ult-responsive\"  data-ultimate-target='.uvc-heading.ultimate-heading-786969e5e17a2dd3b .uvc-sub-heading '  data-responsive-json-new='{\"font-size\":\"desktop:24px;\",\"line-height\":\"\"}'  style=\"font-weight:bold;color:#97024c;\"><\/p>\n<p style=\"text-align: center;\">Explore volunteering opportunities in Canada and in India and get involved to give your life a deeper meaning.<\/p>\n<p><\/div><\/div>[\/vc_column][\/vc_row][vc_row full_width=&#8221;stretch_row_content_no_spaces&#8221; equal_height=&#8221;yes&#8221; content_placement=&#8221;middle&#8221; css=&#8221;.vc_custom_1669839975890{background-color: #f7f7f7 !important;}&#8221; el_class=&#8221;reverse-row-on-mobile&#8221;][vc_column css=&#8221;.vc_custom_1669840178670{padding-top: 60px !important;padding-right: 10% !important;padding-bottom: 60px !important;padding-left: 10% !important;}&#8221; offset=&#8221;vc_col-lg-6 vc_col-md-6&#8243;]<div id=\"ultimate-heading-676569e5e17a2dd82\" class=\"uvc-heading ult-adjust-bottom-margin ultimate-heading-676569e5e17a2dd82 uvc-6466 \" data-hspacer=\"no_spacer\"  data-halign=\"left\" style=\"text-align:left\"><div class=\"uvc-heading-spacer no_spacer\" style=\"top\"><\/div><div class=\"uvc-main-heading ult-responsive\"  data-ultimate-target='.uvc-heading.ultimate-heading-676569e5e17a2dd82 h5'  data-responsive-json-new='{\"font-size\":\"desktop:36px;tablet:34px;tablet_portrait:32px;mobile_landscape:30px;\",\"line-height\":\"desktop:46px;tablet:44px;tablet_portrait:42px;mobile_landscape:40px;\"}' ><h5 style=\"--font-weight:theme;margin-bottom:25px;\">Volunteering in Canada<\/h5><\/div><\/div>[vc_column_text]Do you want to get involved in <a href=\"https:\/\/meremeera.ca\/en\/societe-mere-meera\/\">Soci\u00e9t\u00e9 M\u00e8re Meera<\/a>? We always welcome new members willing to partake managing our activities. Year-round, we need people to take care of La Chapelle premises so that Mother\u2019s home in Canada reflects her image. During Mother\u2019s tours, we definitely need help for registration, facilitate Mother\u2019s movement, receive people at <a href=\"https:\/\/meremeera.ca\/en\/darshan\/\">darshans<\/a>, etc. Whether you are a Quebec resident or from another province, we invite you to express your interest.[\/vc_column_text][vc_empty_space]<style type=\"text\/css\" data-type=\"the7_shortcodes-inline-css\">#default-btn-37aadb468eedcfef6006c5dae4eece2f.ico-right-side > i {\n  margin-right: 0px;\n  margin-left: 8px;\n}\n#default-btn-37aadb468eedcfef6006c5dae4eece2f > i {\n  margin-right: 8px;\n}\n<\/style><a href=\"https:\/\/meremeera.ca\/en\/volunteering-form\" class=\"default-btn-shortcode dt-btn dt-btn-m link-hover-off btn-inline-left \" id=\"default-btn-37aadb468eedcfef6006c5dae4eece2f\" title=\"B\u00e9n\u00e9volat\"><span>Become a volunteer<\/span><\/a>[\/vc_column][vc_column css=&#8221;.vc_custom_1671138321436{padding-top: 600px !important;background-image: url(https:\/\/meremeera.ca\/wp-content\/uploads\/2022\/12\/mere-mother-meera-Ottawa-7dec19.jpg?id=57755) !important;background-position: center !important;background-repeat: no-repeat !important;background-size: cover !important;}&#8221; offset=&#8221;vc_col-lg-6 vc_col-md-6&#8243;][\/vc_column][\/vc_row][vc_row full_width=&#8221;stretch_row_content_no_spaces&#8221; equal_height=&#8221;yes&#8221; content_placement=&#8221;middle&#8221; css=&#8221;.vc_custom_1669840112894{background-color: #f7f7f7 !important;}&#8221;][vc_column css=&#8221;.vc_custom_1671204143116{padding-top: 600px !important;background-image: url(https:\/\/meremeera.ca\/wp-content\/uploads\/2022\/12\/mere-mother-meera-madanapalle-india-2013.jpg?id=57759) !important;background-position: center !important;background-repeat: no-repeat !important;background-size: cover !important;}&#8221; offset=&#8221;vc_col-lg-6 vc_col-md-6&#8243;][\/vc_column][vc_column css=&#8221;.vc_custom_1669840171476{padding-top: 60px !important;padding-right: 10% !important;padding-bottom: 60px !important;padding-left: 10% !important;}&#8221; offset=&#8221;vc_col-lg-6 vc_col-md-6&#8243;]<div id=\"ultimate-heading-959469e5e17a2de92\" class=\"uvc-heading ult-adjust-bottom-margin ultimate-heading-959469e5e17a2de92 uvc-4250 \" data-hspacer=\"no_spacer\"  data-halign=\"left\" style=\"text-align:left\"><div class=\"uvc-heading-spacer no_spacer\" style=\"top\"><\/div><div class=\"uvc-main-heading ult-responsive\"  data-ultimate-target='.uvc-heading.ultimate-heading-959469e5e17a2de92 h5'  data-responsive-json-new='{\"font-size\":\"desktop:36px;tablet:34px;tablet_portrait:32px;mobile_landscape:30px;\",\"line-height\":\"desktop:46px;tablet:44px;tablet_portrait:42px;mobile_landscape:40px;\"}' ><h5 style=\"--font-weight:theme;margin-bottom:25px;\">Volunteering in India<\/h5><\/div><\/div>[vc_column_text]You are interested in India? <a href=\"https:\/\/meremeera.ca\/en\/involvement-in-india\/\">Mother\u2019s schools<\/a>\u00a0in Madanapalle are in need of many volunteers for: teaching, general maintenance, gardening, cleaning, kitchen, medical doctors, etc. Whatever your talent, there is a place for you! Besides living an unforgettable experience through contact with Mother\u2019s children and Indian culture, you could have the opportunity to stand alongside Mother when she is in India. Working in her presence is a <a href=\"https:\/\/meremeera.ca\/en\/darshan\/\">darshan<\/a>\u00a0in itself. In her presence, conscience expands. Mother teaches us how to intertwine business, noise and stress with silence until differences disappear.[\/vc_column_text][vc_empty_space]<style type=\"text\/css\" data-type=\"the7_shortcodes-inline-css\">#default-btn-2fa09812ac381fbd49e2fb90a60e2233.ico-right-side > i {\n  margin-right: 0px;\n  margin-left: 8px;\n}\n#default-btn-2fa09812ac381fbd49e2fb90a60e2233 > i {\n  margin-right: 8px;\n}\n<\/style><a href=\"https:\/\/www.muttermeerastiftung.de\/school\" class=\"default-btn-shortcode dt-btn dt-btn-m link-hover-off btn-inline-left \" target=\"_blank\" id=\"default-btn-2fa09812ac381fbd49e2fb90a60e2233\" rel=\"noopener\"><span>Become a volunteer<\/span><\/a>[\/vc_column][\/vc_row][vc_row bg_type=&#8221;image&#8221; bg_override=&#8221;ex-full&#8221; enable_overlay=&#8221;enable_overlay_value&#8221; overlay_color=&#8221;rgba(0,0,0,0.5)&#8221; overlay_pattern=&#8221;transperant&#8221; type=&#8221;vc_default&#8221; css=&#8221;.vc_custom_1669838245600{padding-top: 100px !important;padding-bottom: 50px !important;background-image: url(https:\/\/meremeera.ca\/wp-content\/uploads\/2022\/11\/background-boutique.jpg?id=57216) !important;}&#8221;][vc_column offset=&#8221;vc_col-lg-offset-0 vc_col-md-offset-0 vc_col-sm-offset-0 vc_col-xs-12&#8243;][vc_row_inner content_placement=&#8221;middle&#8221;][vc_column_inner width=&#8221;1\/2&#8243; css=&#8221;.vc_custom_1572286271908{padding-bottom: 50px !important;}&#8221; offset=&#8221;vc_col-lg-8 vc_col-md-8&#8243;]<div id=\"ultimate-heading-79869e5e17a2df62\" class=\"uvc-heading ult-adjust-bottom-margin ultimate-heading-79869e5e17a2df62 uvc-8934 accent-title-color\" data-hspacer=\"no_spacer\"  data-halign=\"left\" style=\"text-align:left\"><div class=\"uvc-heading-spacer no_spacer\" style=\"top\"><\/div><div class=\"uvc-main-heading ult-responsive\"  data-ultimate-target='.uvc-heading.ultimate-heading-79869e5e17a2df62 h2'  data-responsive-json-new='{\"font-size\":\"desktop:30px;tablet_portrait:20px;\",\"line-height\":\"desktop:40px;tablet_portrait:30px;\"}' ><h2 style=\"font-weight:bold;margin-bottom:10px;\">to accompany your meditation<\/h2><\/div><div class=\"uvc-sub-heading ult-responsive\"  data-ultimate-target='.uvc-heading.ultimate-heading-79869e5e17a2df62 .uvc-sub-heading '  data-responsive-json-new='{\"font-size\":\"desktop:46px;tablet_portrait:34px;\",\"line-height\":\"desktop:56px;tablet_portrait:44px;\"}'  style=\"font-weight:bold;color:#ffffff;\">Visit our online shop<\/div><\/div>[vc_empty_space height=&#8221;25px&#8221;][vc_column_text]<span style=\"color: #ffffff;\">Visit our online boutique to get among other things Mother\u2019s books, malas, incense, music to accompany your meditation, and a wide variety of articles related to her.<\/span>[\/vc_column_text][\/vc_column_inner][vc_column_inner width=&#8221;1\/2&#8243; css=&#8221;.vc_custom_1572286278515{padding-bottom: 50px !important;}&#8221; offset=&#8221;vc_col-lg-4 vc_col-md-4&#8243;]<style type=\"text\/css\" data-type=\"the7_shortcodes-inline-css\">#default-btn-0b0fe56c005cb440c7b2fefe76a50d99.ico-right-side > i {\n  margin-right: 0px;\n  margin-left: 8px;\n}\n#default-btn-0b0fe56c005cb440c7b2fefe76a50d99 > i {\n  margin-right: 8px;\n}\n<\/style><div class=\"btn-align-center\"><a href=\"https:\/\/meremeera.ca\/en\/shop\/\" class=\"default-btn-shortcode dt-btn dt-btn-m link-hover-off \" id=\"default-btn-0b0fe56c005cb440c7b2fefe76a50d99\" title=\"Shop\"><span>Shop now !<\/span><\/a><\/div>[\/vc_column_inner][\/vc_row_inner][\/vc_column][\/vc_row]<\/p>\n<\/div>","protected":false},"excerpt":{"rendered":"<p>[vc_row full_width=&#8221;stretch_row&#8221; bg_type=&#8221;image&#8221; parallax_style=&#8221;vcpb-vz-jquery&#8221; bg_image_new=&#8221;id^57201|url^https:\/\/meremeera.ca\/wp-content\/uploads\/2022\/11\/background-slider-3-pattern.jpg|caption^null|alt^null|title^background-slider-3-pattern|description^null&#8221; bg_override=&#8221;full&#8221; enable_overlay=&#8221;enable_overlay_value&#8221; overlay_pattern=&#8221;transperant&#8221; overlay_pattern_opacity=&#8221;0&#8243; type=&#8221;vc_default&#8221; css=&#8221;.vc_custom_1671138071820{padding-top: 140px !important;padding-bottom: 120px !important;}&#8221;][vc_column css=&#8221;.vc_custom_1669845485652{padding-right: 10% !important;padding-left: 10% !important;}&#8221;][\/vc_column][\/vc_row][vc_row gap=&#8221;35&#8243; equal_height=&#8221;yes&#8221; content_placement=&#8221;middle&#8221; type=&#8221;vc_default&#8221; css=&#8221;.vc_custom_1669838862735{padding-top: 80px !important;padding-bottom: 80px !important;}&#8221;][vc_column width=&#8221;1\/2&#8243; offset=&#8221;vc_col-lg-6 vc_col-md-6 vc_col-xs-12&#8243;][vc_single_image image=&#8221;58326&#8243; img_size=&#8221;full&#8221;][\/vc_column][vc_column width=&#8221;1\/2&#8243; offset=&#8221;vc_col-lg-6 vc_col-md-6 vc_col-xs-12&#8243;][vc_column_text]Whether it be in Canada or in India, you can get involved as a volunteer to propagate&hellip;<\/p>\n","protected":false},"author":1,"featured_media":0,"parent":0,"menu_order":40,"comment_status":"closed","ping_status":"closed","template":"","meta":{"_monsterinsights_skip_tracking":false,"_monsterinsights_sitenote_active":false,"_monsterinsights_sitenote_note":"","_monsterinsights_sitenote_category":0,"footnotes":""},"class_list":["post-58517","page","type-page","status-publish","hentry","description-off"],"yoast_head":"<!-- This site is optimized with the Yoast SEO plugin v27.4 - https:\/\/yoast.com\/product\/yoast-seo-wordpress\/ -->\n<title>Volunteering Canada India Mother Meera | Soci\u00e9t\u00e9 M\u00e8re Meera<\/title>\n<meta name=\"description\" content=\"Whether it be in Canada or in India, you can get involved as a volunteer to propagate Mother Meera\u2019s work to everyone.\" \/>\n<meta name=\"robots\" content=\"index, follow, max-snippet:-1, max-image-preview:large, max-video-preview:-1\" \/>\n<link rel=\"canonical\" href=\"https:\/\/meremeera.ca\/en\/volunteering\/\" \/>\n<meta property=\"og:locale\" content=\"en_US\" \/>\n<meta property=\"og:type\" content=\"article\" \/>\n<meta property=\"og:title\" content=\"Volunteering Canada India Mother Meera | Soci\u00e9t\u00e9 M\u00e8re Meera\" \/>\n<meta property=\"og:description\" content=\"Whether it be in Canada or in India, you can get involved as a volunteer to propagate Mother Meera\u2019s work to everyone.\" \/>\n<meta property=\"og:url\" content=\"https:\/\/meremeera.ca\/en\/volunteering\/\" \/>\n<meta property=\"og:site_name\" content=\"Soci\u00e9t\u00e9 M\u00e8re Meera\" \/>\n<meta property=\"article:modified_time\" content=\"2024-02-12T13:44:12+00:00\" \/>\n<meta property=\"og:image\" content=\"https:\/\/meremeera.ca\/wp-content\/uploads\/2023\/02\/tournee-mere-meera-decembre-2019-4.jpg\" \/>\n\t<meta property=\"og:image:width\" content=\"1000\" \/>\n\t<meta property=\"og:image:height\" content=\"750\" \/>\n\t<meta property=\"og:image:type\" content=\"image\/jpeg\" \/>\n<meta name=\"twitter:card\" content=\"summary_large_image\" \/>\n<meta name=\"twitter:label1\" content=\"Est. reading time\" \/>\n\t<meta name=\"twitter:data1\" content=\"4 minutes\" \/>\n<script type=\"application\/ld+json\" class=\"yoast-schema-graph\">{\"@context\":\"https:\\\/\\\/schema.org\",\"@graph\":[{\"@type\":\"WebPage\",\"@id\":\"https:\\\/\\\/meremeera.ca\\\/en\\\/volunteering\\\/\",\"url\":\"https:\\\/\\\/meremeera.ca\\\/en\\\/volunteering\\\/\",\"name\":\"Volunteering Canada India Mother Meera | Soci\u00e9t\u00e9 M\u00e8re Meera\",\"isPartOf\":{\"@id\":\"https:\\\/\\\/meremeera.ca\\\/en\\\/#website\"},\"datePublished\":\"2022-12-15T21:05:58+00:00\",\"dateModified\":\"2024-02-12T13:44:12+00:00\",\"description\":\"Whether it be in Canada or in India, you can get involved as a volunteer to propagate Mother Meera\u2019s work to everyone.\",\"breadcrumb\":{\"@id\":\"https:\\\/\\\/meremeera.ca\\\/en\\\/volunteering\\\/#breadcrumb\"},\"inLanguage\":\"en-US\",\"potentialAction\":[{\"@type\":\"ReadAction\",\"target\":[\"https:\\\/\\\/meremeera.ca\\\/en\\\/volunteering\\\/\"]}]},{\"@type\":\"BreadcrumbList\",\"@id\":\"https:\\\/\\\/meremeera.ca\\\/en\\\/volunteering\\\/#breadcrumb\",\"itemListElement\":[{\"@type\":\"ListItem\",\"position\":1,\"name\":\"Accueil\",\"item\":\"https:\\\/\\\/meremeera.ca\\\/en\\\/\"},{\"@type\":\"ListItem\",\"position\":2,\"name\":\"Volunteering\"}]},{\"@type\":\"WebSite\",\"@id\":\"https:\\\/\\\/meremeera.ca\\\/en\\\/#website\",\"url\":\"https:\\\/\\\/meremeera.ca\\\/en\\\/\",\"name\":\"Soci\u00e9t\u00e9 M\u00e8re Meera\",\"description\":\"God is with us\",\"potentialAction\":[{\"@type\":\"SearchAction\",\"target\":{\"@type\":\"EntryPoint\",\"urlTemplate\":\"https:\\\/\\\/meremeera.ca\\\/en\\\/?s={search_term_string}\"},\"query-input\":{\"@type\":\"PropertyValueSpecification\",\"valueRequired\":true,\"valueName\":\"search_term_string\"}}],\"inLanguage\":\"en-US\"}]}<\/script>\n<!-- \/ Yoast SEO plugin. -->","yoast_head_json":{"title":"Volunteering Canada India Mother Meera | Soci\u00e9t\u00e9 M\u00e8re Meera","description":"Whether it be in Canada or in India, you can get involved as a volunteer to propagate Mother Meera\u2019s work to everyone.","robots":{"index":"index","follow":"follow","max-snippet":"max-snippet:-1","max-image-preview":"max-image-preview:large","max-video-preview":"max-video-preview:-1"},"canonical":"https:\/\/meremeera.ca\/en\/volunteering\/","og_locale":"en_US","og_type":"article","og_title":"Volunteering Canada India Mother Meera | Soci\u00e9t\u00e9 M\u00e8re Meera","og_description":"Whether it be in Canada or in India, you can get involved as a volunteer to propagate Mother Meera\u2019s work to everyone.","og_url":"https:\/\/meremeera.ca\/en\/volunteering\/","og_site_name":"Soci\u00e9t\u00e9 M\u00e8re Meera","article_modified_time":"2024-02-12T13:44:12+00:00","og_image":[{"width":1000,"height":750,"url":"https:\/\/meremeera.ca\/wp-content\/uploads\/2023\/02\/tournee-mere-meera-decembre-2019-4.jpg","type":"image\/jpeg"}],"twitter_card":"summary_large_image","twitter_misc":{"Est. reading time":"4 minutes"},"schema":{"@context":"https:\/\/schema.org","@graph":[{"@type":"WebPage","@id":"https:\/\/meremeera.ca\/en\/volunteering\/","url":"https:\/\/meremeera.ca\/en\/volunteering\/","name":"Volunteering Canada India Mother Meera | Soci\u00e9t\u00e9 M\u00e8re Meera","isPartOf":{"@id":"https:\/\/meremeera.ca\/en\/#website"},"datePublished":"2022-12-15T21:05:58+00:00","dateModified":"2024-02-12T13:44:12+00:00","description":"Whether it be in Canada or in India, you can get involved as a volunteer to propagate Mother Meera\u2019s work to everyone.","breadcrumb":{"@id":"https:\/\/meremeera.ca\/en\/volunteering\/#breadcrumb"},"inLanguage":"en-US","potentialAction":[{"@type":"ReadAction","target":["https:\/\/meremeera.ca\/en\/volunteering\/"]}]},{"@type":"BreadcrumbList","@id":"https:\/\/meremeera.ca\/en\/volunteering\/#breadcrumb","itemListElement":[{"@type":"ListItem","position":1,"name":"Accueil","item":"https:\/\/meremeera.ca\/en\/"},{"@type":"ListItem","position":2,"name":"Volunteering"}]},{"@type":"WebSite","@id":"https:\/\/meremeera.ca\/en\/#website","url":"https:\/\/meremeera.ca\/en\/","name":"Soci\u00e9t\u00e9 M\u00e8re Meera","description":"God is with us","potentialAction":[{"@type":"SearchAction","target":{"@type":"EntryPoint","urlTemplate":"https:\/\/meremeera.ca\/en\/?s={search_term_string}"},"query-input":{"@type":"PropertyValueSpecification","valueRequired":true,"valueName":"search_term_string"}}],"inLanguage":"en-US"}]}},"_links":{"self":[{"href":"https:\/\/meremeera.ca\/en\/wp-json\/wp\/v2\/pages\/58517","targetHints":{"allow":["GET"]}}],"collection":[{"href":"https:\/\/meremeera.ca\/en\/wp-json\/wp\/v2\/pages"}],"about":[{"href":"https:\/\/meremeera.ca\/en\/wp-json\/wp\/v2\/types\/page"}],"author":[{"embeddable":true,"href":"https:\/\/meremeera.ca\/en\/wp-json\/wp\/v2\/users\/1"}],"replies":[{"embeddable":true,"href":"https:\/\/meremeera.ca\/en\/wp-json\/wp\/v2\/comments?post=58517"}],"version-history":[{"count":5,"href":"https:\/\/meremeera.ca\/en\/wp-json\/wp\/v2\/pages\/58517\/revisions"}],"predecessor-version":[{"id":58769,"href":"https:\/\/meremeera.ca\/en\/wp-json\/wp\/v2\/pages\/58517\/revisions\/58769"}],"wp:attachment":[{"href":"https:\/\/meremeera.ca\/en\/wp-json\/wp\/v2\/media?parent=58517"}],"curies":[{"name":"wp","href":"https:\/\/api.w.org\/{rel}","templated":true}]}}