{"id":58512,"date":"2023-01-31T17:55:44","date_gmt":"2023-01-31T22:55:44","guid":{"rendered":"https:\/\/meremeera.ca\/formulaire-faire-un-don\/"},"modified":"2023-02-06T15:59:22","modified_gmt":"2023-02-06T20:59:22","slug":"make-a-donation-form","status":"publish","type":"page","link":"https:\/\/meremeera.ca\/en\/make-a-donation-form\/","title":{"rendered":"Make a donation"},"content":{"rendered":"<div class=\"wpb-content-wrapper\"><p>[vc_row full_width=&#8221;stretch_row&#8221; bg_type=&#8221;image&#8221; parallax_style=&#8221;vcpb-vz-jquery&#8221; bg_image_new=&#8221;id^57203|url^https:\/\/meremeera.ca\/wp-content\/uploads\/2022\/11\/background-slider-4-pattern.jpg|caption^null|alt^null|title^background-slider-4-pattern|description^null&#8221; bg_override=&#8221;full&#8221; enable_overlay=&#8221;enable_overlay_value&#8221; overlay_pattern=&#8221;transperant&#8221; overlay_pattern_opacity=&#8221;0&#8243; type=&#8221;vc_default&#8221; css=&#8221;.vc_custom_1675199057024{padding-top: 140px !important;padding-bottom: 120px !important;}&#8221;][vc_column css=&#8221;.vc_custom_1669845485652{padding-right: 10% !important;padding-left: 10% !important;}&#8221;]<div id=\"ultimate-heading-171569f32d8407d31\" class=\"uvc-heading ult-adjust-bottom-margin ultimate-heading-171569f32d8407d31 uvc-4299 \" data-hspacer=\"no_spacer\"  data-halign=\"left\" style=\"text-align:left\"><div class=\"uvc-heading-spacer no_spacer\" style=\"top\"><\/div><div class=\"uvc-sub-heading ult-responsive\"  data-ultimate-target='.uvc-heading.ultimate-heading-171569f32d8407d31 .uvc-sub-heading '  data-responsive-json-new='{\"font-size\":\"desktop:32px;\",\"line-height\":\"\"}'  style=\"font-family:&#039;Berkshire Swash&#039;;font-weight:normal;font-style:normal;color:#ffd68a;\"><\/p>\n<p style=\"text-align: center;\">\u00ab Divine power works in silence and will change things to suit your purpose in accordance with what you ask for. \u00bb<\/p>\n<p>&nbsp;<\/p>\n<p style=\"text-align: center;\">~ Mother Meera<\/p>\n<p><\/div><\/div>[\/vc_column][\/vc_row][vc_row gap=&#8221;35&#8243; equal_height=&#8221;yes&#8221; content_placement=&#8221;middle&#8221; type=&#8221;vc_default&#8221; css=&#8221;.vc_custom_1669838862735{padding-top: 80px !important;padding-bottom: 80px !important;}&#8221;][vc_column offset=&#8221;vc_col-xs-12&#8243;]<div id=\"ultimate-heading-127669f32d8407da8\" class=\"uvc-heading ult-adjust-bottom-margin ultimate-heading-127669f32d8407da8 uvc-6914 accent-subtitle-color\" data-hspacer=\"no_spacer\"  data-halign=\"left\" style=\"text-align:left\"><div class=\"uvc-heading-spacer no_spacer\" style=\"top\"><\/div><div class=\"uvc-main-heading ult-responsive\"  data-ultimate-target='.uvc-heading.ultimate-heading-127669f32d8407da8 h2'  data-responsive-json-new='{\"font-size\":\"desktop:48px;tablet:40px;tablet_portrait:36px;mobile:30px;\",\"line-height\":\"desktop:58px;tablet:50px;tablet_portrait:46px;mobile:40px;\"}' ><h2 style=\"--font-weight:theme;margin-bottom:25px;\">Make a donation to Soci\u00e9t\u00e9 M\u00e8re Meera<\/h2><\/div><\/div>[vc_column_text]Please complete the form below to make a one-time or recurring donation on a monthly basis to <a href=\"https:\/\/meremeera.ca\/en\/societe-mere-meera\/\">Soci\u00e9t\u00e9 M\u00e8re Meera<\/a>. Your help is greatly appreciated and we are very grateful.<\/p>\n<p><form action=\"https:\/\/www.paypal.com\/cgi-bin\/webscr\" method=\"post\" name=\"frm_69f32d8407df9\" >\n\t\t\n\t\t   <INPUT TYPE=\"hidden\" name=\"cmd\" value=\"_xclick\">\n\t\t   <input type=\"hidden\" name=\"business\" value=\"info@meremeera.ca\">\n\t\t\t<input type=\"hidden\" name=\"upload\" value=\"1\" \/>\n\t\t   \n\t\t   <input type=\"hidden\" name=\"item_number\" value=\"Don\">\n\t\t\t<input type=\"hidden\" name=\"item_name\" value=\"Donation\">\n\t\t\t<input type=\"hidden\" name=\"amount\" value=\"1\">\n\t\t\t<input type=\"hidden\" name=\"quantity\" value=\"1\">\n\t\t\t<input type=\"hidden\" name=\"custom\" value=\"L'entente a \u00e9t\u00e9 accept\u00e9e.\">\n\t\t\t\n\t\t   \n\t\t   <input type=\"hidden\" name=\"currency_code\" value=\"CAD\">\n\t\t   <input type=\"hidden\" name=\"return\" value=\"https:\/\/k2demo.ca\/meera\/merci\/\">\n\t\t<\/form>\n\t\t\n\t\t\n\t\t<form action=\"https:\/\/www.paypal.com\/cgi-bin\/webscr\" method=\"post\" name=\"frm_69f32d8407df9_2\" >\n\t\n\t\t   <INPUT TYPE=\"hidden\" name=\"cmd\" value=\"_xclick-subscriptions\">\n\t\t   <input type=\"hidden\" name=\"business\" value=\"info@meremeera.ca\">\n\t\t\t<input type=\"hidden\" name=\"upload\" value=\"1\" \/>\n\t\t  \n\t\t\t\t<input type=\"hidden\" name=\"item_number\" value=\"\">\n\t\t\t<input type=\"hidden\" name=\"item_name\" value=\"\"> \n\t\t\t<input type=\"hidden\" name=\"custom\" value=\"L'entente a \u00e9t\u00e9 accept\u00e9e.\">\n\n\t\t\t<!-- installment -->\n\t\t\t<input type=\"hidden\" name=\"a3\" value=\"\">\n\t\t\t<input type=\"hidden\" name=\"p3\" value=\"\"> \n\t\t\t<input type=\"hidden\" name=\"t3\" value=\"\">\n\t\t\t<input type=\"hidden\" name=\"src\" value=\"1\"> <!-- payment recurring after every period -->\n\t\t\t<input type=\"hidden\" name=\"sra\" value=\"1\">  <!-- Reattempt failed recurring payments before canceling -->\n\t\t\t<input type=\"hidden\" name=\"no_note\" value=\"1\">\n\t\t\t<input type=\"hidden\" name=\"modify\" value=\"0\">\n\t\t\t\n\t\t   \n\t\t   <input type=\"hidden\" name=\"currency_code\" value=\"CAD\">\n\t\t   <input type=\"hidden\" name=\"return\" value=\"https:\/\/k2demo.ca\/meera\/merci\/\">\n\t\t<\/form>\n\t\t\n\t\t<form name=\"workingForm\">\n\t\t\t\n\t\t\t<input type=\"text\" name=\"donation_amount\" value=\"20\" style=\"margin-top: 10px; margin-right: 0px !important; \"><span style=\" margin-bottom: 1px; margin-left:0; display: inline-block; background: #ca4539; padding: 6px 15px; color: white; vertical-align: middle;\">$<\/span>\n\t\t\t<br>\n\t\t\t<select name=\"payment\" style=\"width: 248px; \">\n\t\t\t\t<option value=\"1\">One-time donation<\/option>\n\t\t\t\t<!--<option value=\"D\">Daily installment<\/option>-->\n\t\t\t\t<option value=\"W\">Weekly installment<\/option>\n\t\t\t\t<option value=\"M\">Monthly installment<\/option>\n\t\t\t\t<option value=\"Y\">Yearly installment<\/option>\n\t\t\t<\/select>\n\t\t\t\n\t\t\t<div class=\"et_pb_button_wrapper\" style=\"margin-top: 15px; text-align: left;\">\n\t\t\t\t<input type=\"button\" value=\"Donate\" class=\"wpcf7-form-control has-spinner wpcf7-submit\" onclick=\"return submitForm_frm_69f32d8407df9();\"\/>\n\t\t\t<\/div>\n\t\t<\/form>\n\t\t\n\t\t\t\t\n\t\t<script language=\"javascript\">\n\t\t\t\n\t\t\tfunction submitForm_frm_69f32d8407df9()\n\t\t\t{\t\n\t\t\t\tif ( parseInt(document.workingForm.donation_amount.value) <= 0 || isNaN(parseInt(document.workingForm.donation_amount.value))  )\n\t\t\t\t{\n\t\t\t\t\talert('The donation amount must be a positive number.');\n\t\t\t\t\treturn;\n\t\t\t\t}\n\t\t\t\t\n\t\t\t\t\n\t\t\t\tif ( document.workingForm.payment.value == \"1\" )\n\t\t\t\t{\t\n\t\t\t\t\tdocument.frm_69f32d8407df9.amount.value = document.workingForm.donation_amount.value;\n\t\t\t\t\tdocument.frm_69f32d8407df9.submit(); \n\t\t\t\t}\n\t\t\t\telse\n\t\t\t\t{\n\t\t\t\t\tdocument.frm_69f32d8407df9_2.a3.value = document.workingForm.donation_amount.value;\n\t\t\t\t\tdocument.frm_69f32d8407df9_2.t3.value = document.workingForm.payment.value;\n\t\t\t\t\t\n\t\t\t\t\tswitch( document.workingForm.payment.value )\n\t\t\t\t\t{\n\t\t\t\t\t\tcase \"D\":\n\t\t\t\t\t\t\tdocument.frm_69f32d8407df9_2.p3.value = 90;\n\t\t\t\t\t\t\tbreak;\n\t\t\t\t\t\t\n\t\t\t\t\t\tcase \"W\":\n\t\t\t\t\t\t\tdocument.frm_69f32d8407df9_2.p3.value = 52;\n\t\t\t\t\t\t\tbreak;\n\t\t\t\t\t\t\t\n\t\t\t\t\t\tcase \"M\":\n\t\t\t\t\t\t\tdocument.frm_69f32d8407df9_2.p3.value = 24;\n\t\t\t\t\t\t\tbreak;\n\t\t\t\t\t\t\t\n\t\t\t\t\t\tcase \"Y\":\n\t\t\t\t\t\t\tdocument.frm_69f32d8407df9_2.p3.value = 5;\n\t\t\t\t\t\t\tbreak;\n\t\t\t\t\t\tdefault:\n\t\t\t\t\t\t\talert(\"ERROR\");\n\t\t\t\t\t\t\treturn;\n\t\t\t\t\t\t\tbreak;\n\t\t\t\t\t}\n\t\t\t\t\t\n\t\t\t\t\tdocument.frm_69f32d8407df9_2.submit(); \n\t\t\t\t}\n\t\t\t\n\t\t\t}\n\t\t\t\n\t\t<\/script>\n\t\t\n\t\t\n\t\t\n\t\t[\/vc_column_text][\/vc_column][\/vc_row][vc_row bg_type=&#8221;image&#8221; bg_override=&#8221;ex-full&#8221; enable_overlay=&#8221;enable_overlay_value&#8221; overlay_color=&#8221;rgba(0,0,0,0.5)&#8221; overlay_pattern=&#8221;transperant&#8221; type=&#8221;vc_default&#8221; css=&#8221;.vc_custom_1669838245600{padding-top: 100px !important;padding-bottom: 50px !important;background-image: url(https:\/\/meremeera.ca\/wp-content\/uploads\/2022\/11\/background-boutique.jpg?id=57216) !important;}&#8221;][vc_column offset=&#8221;vc_col-lg-offset-0 vc_col-md-offset-0 vc_col-sm-offset-0 vc_col-xs-12&#8243;][vc_row_inner content_placement=&#8221;middle&#8221;][vc_column_inner width=&#8221;1\/2&#8243; css=&#8221;.vc_custom_1572286271908{padding-bottom: 50px !important;}&#8221; offset=&#8221;vc_col-lg-8 vc_col-md-8&#8243;]<div id=\"ultimate-heading-157669f32d8407e77\" class=\"uvc-heading ult-adjust-bottom-margin ultimate-heading-157669f32d8407e77 uvc-5004 accent-title-color\" data-hspacer=\"no_spacer\"  data-halign=\"left\" style=\"text-align:left\"><div class=\"uvc-heading-spacer no_spacer\" style=\"top\"><\/div><div class=\"uvc-main-heading ult-responsive\"  data-ultimate-target='.uvc-heading.ultimate-heading-157669f32d8407e77 h2'  data-responsive-json-new='{\"font-size\":\"desktop:30px;tablet_portrait:20px;\",\"line-height\":\"desktop:40px;tablet_portrait:30px;\"}' ><h2 style=\"font-weight:bold;margin-bottom:10px;\">to accompany your meditation<\/h2><\/div><div class=\"uvc-sub-heading ult-responsive\"  data-ultimate-target='.uvc-heading.ultimate-heading-157669f32d8407e77 .uvc-sub-heading '  data-responsive-json-new='{\"font-size\":\"desktop:46px;tablet_portrait:34px;\",\"line-height\":\"desktop:56px;tablet_portrait:44px;\"}'  style=\"font-weight:bold;color:#ffffff;\">Visit our online shop<\/div><\/div>[vc_empty_space height=&#8221;25px&#8221;][vc_column_text]<span style=\"color: #ffffff;\">Visit our online boutique to get among other things Mother\u2019s books, malas, incense, music to accompany your meditation, and a wide variety of articles related to her.<\/span>[\/vc_column_text][\/vc_column_inner][vc_column_inner width=&#8221;1\/2&#8243; css=&#8221;.vc_custom_1572286278515{padding-bottom: 50px !important;}&#8221; offset=&#8221;vc_col-lg-4 vc_col-md-4&#8243;]<style type=\"text\/css\" data-type=\"the7_shortcodes-inline-css\">#default-btn-0b0fe56c005cb440c7b2fefe76a50d99.ico-right-side > i {\n  margin-right: 0px;\n  margin-left: 8px;\n}\n#default-btn-0b0fe56c005cb440c7b2fefe76a50d99 > i {\n  margin-right: 8px;\n}\n<\/style><div class=\"btn-align-center\"><a href=\"https:\/\/meremeera.ca\/en\/shop\/\" class=\"default-btn-shortcode dt-btn dt-btn-m link-hover-off \" id=\"default-btn-0b0fe56c005cb440c7b2fefe76a50d99\" title=\"Shop\"><span>Shop now !<\/span><\/a><\/div>[\/vc_column_inner][\/vc_row_inner][\/vc_column][\/vc_row]<\/p>\n<\/div>","protected":false},"excerpt":{"rendered":"<p>[vc_row full_width=&#8221;stretch_row&#8221; bg_type=&#8221;image&#8221; parallax_style=&#8221;vcpb-vz-jquery&#8221; bg_image_new=&#8221;id^57203|url^https:\/\/meremeera.ca\/wp-content\/uploads\/2022\/11\/background-slider-4-pattern.jpg|caption^null|alt^null|title^background-slider-4-pattern|description^null&#8221; bg_override=&#8221;full&#8221; enable_overlay=&#8221;enable_overlay_value&#8221; overlay_pattern=&#8221;transperant&#8221; overlay_pattern_opacity=&#8221;0&#8243; type=&#8221;vc_default&#8221; css=&#8221;.vc_custom_1675199057024{padding-top: 140px !important;padding-bottom: 120px !important;}&#8221;][vc_column css=&#8221;.vc_custom_1669845485652{padding-right: 10% !important;padding-left: 10% !important;}&#8221;][\/vc_column][\/vc_row][vc_row gap=&#8221;35&#8243; equal_height=&#8221;yes&#8221; content_placement=&#8221;middle&#8221; type=&#8221;vc_default&#8221; css=&#8221;.vc_custom_1669838862735{padding-top: 80px !important;padding-bottom: 80px !important;}&#8221;][vc_column offset=&#8221;vc_col-xs-12&#8243;][vc_column_text]Please complete the form below to make a one-time or recurring donation on a monthly basis to Soci\u00e9t\u00e9 M\u00e8re Meera. Your help is greatly appreciated and&hellip;<\/p>\n","protected":false},"author":1,"featured_media":0,"parent":0,"menu_order":40,"comment_status":"closed","ping_status":"closed","template":"","meta":{"_monsterinsights_skip_tracking":false,"_monsterinsights_sitenote_active":false,"_monsterinsights_sitenote_note":"","_monsterinsights_sitenote_category":0,"footnotes":""},"class_list":["post-58512","page","type-page","status-publish","hentry","description-off"],"yoast_head":"<!-- This site is optimized with the Yoast SEO plugin v27.5 - https:\/\/yoast.com\/product\/yoast-seo-wordpress\/ -->\n<title>Make a donation - Soci\u00e9t\u00e9 M\u00e8re Meera<\/title>\n<meta name=\"robots\" content=\"index, follow, max-snippet:-1, max-image-preview:large, max-video-preview:-1\" \/>\n<link rel=\"canonical\" href=\"https:\/\/meremeera.ca\/en\/make-a-donation-form\/\" \/>\n<meta property=\"og:locale\" content=\"en_US\" \/>\n<meta property=\"og:type\" content=\"article\" \/>\n<meta property=\"og:title\" content=\"Make a donation - Soci\u00e9t\u00e9 M\u00e8re Meera\" \/>\n<meta property=\"og:description\" content=\"[vc_row full_width=&#8221;stretch_row&#8221; bg_type=&#8221;image&#8221; parallax_style=&#8221;vcpb-vz-jquery&#8221; bg_image_new=&#8221;id^57203|url^https:\/\/meremeera.ca\/wp-content\/uploads\/2022\/11\/background-slider-4-pattern.jpg|caption^null|alt^null|title^background-slider-4-pattern|description^null&#8221; bg_override=&#8221;full&#8221; enable_overlay=&#8221;enable_overlay_value&#8221; overlay_pattern=&#8221;transperant&#8221; overlay_pattern_opacity=&#8221;0&#8243; type=&#8221;vc_default&#8221; css=&#8221;.vc_custom_1675199057024{padding-top: 140px !important;padding-bottom: 120px !important;}&#8221;][vc_column css=&#8221;.vc_custom_1669845485652{padding-right: 10% !important;padding-left: 10% !important;}&#8221;][\/vc_column][\/vc_row][vc_row gap=&#8221;35&#8243; equal_height=&#8221;yes&#8221; content_placement=&#8221;middle&#8221; type=&#8221;vc_default&#8221; css=&#8221;.vc_custom_1669838862735{padding-top: 80px !important;padding-bottom: 80px !important;}&#8221;][vc_column offset=&#8221;vc_col-xs-12&#8243;][vc_column_text]Please complete the form below to make a one-time or recurring donation on a monthly basis to Soci\u00e9t\u00e9 M\u00e8re Meera. Your help is greatly appreciated and&hellip;\" \/>\n<meta property=\"og:url\" content=\"https:\/\/meremeera.ca\/en\/make-a-donation-form\/\" \/>\n<meta property=\"og:site_name\" content=\"Soci\u00e9t\u00e9 M\u00e8re Meera\" \/>\n<meta property=\"article:modified_time\" content=\"2023-02-06T20:59:22+00:00\" \/>\n<meta name=\"twitter:card\" content=\"summary_large_image\" \/>\n<meta name=\"twitter:label1\" content=\"Est. reading time\" \/>\n\t<meta name=\"twitter:data1\" content=\"2 minutes\" \/>\n<script type=\"application\/ld+json\" class=\"yoast-schema-graph\">{\"@context\":\"https:\\\/\\\/schema.org\",\"@graph\":[{\"@type\":\"WebPage\",\"@id\":\"https:\\\/\\\/meremeera.ca\\\/en\\\/make-a-donation-form\\\/\",\"url\":\"https:\\\/\\\/meremeera.ca\\\/en\\\/make-a-donation-form\\\/\",\"name\":\"Make a donation - Soci\u00e9t\u00e9 M\u00e8re Meera\",\"isPartOf\":{\"@id\":\"https:\\\/\\\/meremeera.ca\\\/en\\\/#website\"},\"datePublished\":\"2023-01-31T22:55:44+00:00\",\"dateModified\":\"2023-02-06T20:59:22+00:00\",\"breadcrumb\":{\"@id\":\"https:\\\/\\\/meremeera.ca\\\/en\\\/make-a-donation-form\\\/#breadcrumb\"},\"inLanguage\":\"en-US\",\"potentialAction\":[{\"@type\":\"ReadAction\",\"target\":[\"https:\\\/\\\/meremeera.ca\\\/en\\\/make-a-donation-form\\\/\"]}]},{\"@type\":\"BreadcrumbList\",\"@id\":\"https:\\\/\\\/meremeera.ca\\\/en\\\/make-a-donation-form\\\/#breadcrumb\",\"itemListElement\":[{\"@type\":\"ListItem\",\"position\":1,\"name\":\"Accueil\",\"item\":\"https:\\\/\\\/meremeera.ca\\\/en\\\/\"},{\"@type\":\"ListItem\",\"position\":2,\"name\":\"Make a donation\"}]},{\"@type\":\"WebSite\",\"@id\":\"https:\\\/\\\/meremeera.ca\\\/en\\\/#website\",\"url\":\"https:\\\/\\\/meremeera.ca\\\/en\\\/\",\"name\":\"Soci\u00e9t\u00e9 M\u00e8re Meera\",\"description\":\"God is with us\",\"potentialAction\":[{\"@type\":\"SearchAction\",\"target\":{\"@type\":\"EntryPoint\",\"urlTemplate\":\"https:\\\/\\\/meremeera.ca\\\/en\\\/?s={search_term_string}\"},\"query-input\":{\"@type\":\"PropertyValueSpecification\",\"valueRequired\":true,\"valueName\":\"search_term_string\"}}],\"inLanguage\":\"en-US\"}]}<\/script>\n<!-- \/ Yoast SEO plugin. -->","yoast_head_json":{"title":"Make a donation - Soci\u00e9t\u00e9 M\u00e8re Meera","robots":{"index":"index","follow":"follow","max-snippet":"max-snippet:-1","max-image-preview":"max-image-preview:large","max-video-preview":"max-video-preview:-1"},"canonical":"https:\/\/meremeera.ca\/en\/make-a-donation-form\/","og_locale":"en_US","og_type":"article","og_title":"Make a donation - Soci\u00e9t\u00e9 M\u00e8re Meera","og_description":"[vc_row full_width=&#8221;stretch_row&#8221; bg_type=&#8221;image&#8221; parallax_style=&#8221;vcpb-vz-jquery&#8221; bg_image_new=&#8221;id^57203|url^https:\/\/meremeera.ca\/wp-content\/uploads\/2022\/11\/background-slider-4-pattern.jpg|caption^null|alt^null|title^background-slider-4-pattern|description^null&#8221; bg_override=&#8221;full&#8221; enable_overlay=&#8221;enable_overlay_value&#8221; overlay_pattern=&#8221;transperant&#8221; overlay_pattern_opacity=&#8221;0&#8243; type=&#8221;vc_default&#8221; css=&#8221;.vc_custom_1675199057024{padding-top: 140px !important;padding-bottom: 120px !important;}&#8221;][vc_column css=&#8221;.vc_custom_1669845485652{padding-right: 10% !important;padding-left: 10% !important;}&#8221;][\/vc_column][\/vc_row][vc_row gap=&#8221;35&#8243; equal_height=&#8221;yes&#8221; content_placement=&#8221;middle&#8221; type=&#8221;vc_default&#8221; css=&#8221;.vc_custom_1669838862735{padding-top: 80px !important;padding-bottom: 80px !important;}&#8221;][vc_column offset=&#8221;vc_col-xs-12&#8243;][vc_column_text]Please complete the form below to make a one-time or recurring donation on a monthly basis to Soci\u00e9t\u00e9 M\u00e8re Meera. Your help is greatly appreciated and&hellip;","og_url":"https:\/\/meremeera.ca\/en\/make-a-donation-form\/","og_site_name":"Soci\u00e9t\u00e9 M\u00e8re Meera","article_modified_time":"2023-02-06T20:59:22+00:00","twitter_card":"summary_large_image","twitter_misc":{"Est. reading time":"2 minutes"},"schema":{"@context":"https:\/\/schema.org","@graph":[{"@type":"WebPage","@id":"https:\/\/meremeera.ca\/en\/make-a-donation-form\/","url":"https:\/\/meremeera.ca\/en\/make-a-donation-form\/","name":"Make a donation - Soci\u00e9t\u00e9 M\u00e8re Meera","isPartOf":{"@id":"https:\/\/meremeera.ca\/en\/#website"},"datePublished":"2023-01-31T22:55:44+00:00","dateModified":"2023-02-06T20:59:22+00:00","breadcrumb":{"@id":"https:\/\/meremeera.ca\/en\/make-a-donation-form\/#breadcrumb"},"inLanguage":"en-US","potentialAction":[{"@type":"ReadAction","target":["https:\/\/meremeera.ca\/en\/make-a-donation-form\/"]}]},{"@type":"BreadcrumbList","@id":"https:\/\/meremeera.ca\/en\/make-a-donation-form\/#breadcrumb","itemListElement":[{"@type":"ListItem","position":1,"name":"Accueil","item":"https:\/\/meremeera.ca\/en\/"},{"@type":"ListItem","position":2,"name":"Make a donation"}]},{"@type":"WebSite","@id":"https:\/\/meremeera.ca\/en\/#website","url":"https:\/\/meremeera.ca\/en\/","name":"Soci\u00e9t\u00e9 M\u00e8re Meera","description":"God is with us","potentialAction":[{"@type":"SearchAction","target":{"@type":"EntryPoint","urlTemplate":"https:\/\/meremeera.ca\/en\/?s={search_term_string}"},"query-input":{"@type":"PropertyValueSpecification","valueRequired":true,"valueName":"search_term_string"}}],"inLanguage":"en-US"}]}},"_links":{"self":[{"href":"https:\/\/meremeera.ca\/en\/wp-json\/wp\/v2\/pages\/58512","targetHints":{"allow":["GET"]}}],"collection":[{"href":"https:\/\/meremeera.ca\/en\/wp-json\/wp\/v2\/pages"}],"about":[{"href":"https:\/\/meremeera.ca\/en\/wp-json\/wp\/v2\/types\/page"}],"author":[{"embeddable":true,"href":"https:\/\/meremeera.ca\/en\/wp-json\/wp\/v2\/users\/1"}],"replies":[{"embeddable":true,"href":"https:\/\/meremeera.ca\/en\/wp-json\/wp\/v2\/comments?post=58512"}],"version-history":[{"count":3,"href":"https:\/\/meremeera.ca\/en\/wp-json\/wp\/v2\/pages\/58512\/revisions"}],"predecessor-version":[{"id":58515,"href":"https:\/\/meremeera.ca\/en\/wp-json\/wp\/v2\/pages\/58512\/revisions\/58515"}],"wp:attachment":[{"href":"https:\/\/meremeera.ca\/en\/wp-json\/wp\/v2\/media?parent=58512"}],"curies":[{"name":"wp","href":"https:\/\/api.w.org\/{rel}","templated":true}]}}