{"id":58506,"date":"2023-01-31T16:08:06","date_gmt":"2023-01-31T21:08:06","guid":{"rendered":"https:\/\/meremeera.ca\/faire-un-don\/"},"modified":"2023-02-06T23:23:13","modified_gmt":"2023-02-07T04:23:13","slug":"make-a-donation","status":"publish","type":"page","link":"https:\/\/meremeera.ca\/en\/make-a-donation\/","title":{"rendered":"Make a donation"},"content":{"rendered":"<div class=\"wpb-content-wrapper\"><p>[vc_row full_width=&#8221;stretch_row&#8221; bg_type=&#8221;image&#8221; parallax_style=&#8221;vcpb-vz-jquery&#8221; bg_image_new=&#8221;id^57203|url^https:\/\/meremeera.ca\/wp-content\/uploads\/2022\/11\/background-slider-4-pattern.jpg|caption^null|alt^null|title^background-slider-4-pattern|description^null&#8221; bg_override=&#8221;full&#8221; enable_overlay=&#8221;enable_overlay_value&#8221; overlay_pattern=&#8221;transperant&#8221; overlay_pattern_opacity=&#8221;0&#8243; type=&#8221;vc_default&#8221; css=&#8221;.vc_custom_1675199057024{padding-top: 140px !important;padding-bottom: 120px !important;}&#8221;][vc_column css=&#8221;.vc_custom_1669845485652{padding-right: 10% !important;padding-left: 10% !important;}&#8221;]<div id=\"ultimate-heading-567869fa0b163100f\" class=\"uvc-heading ult-adjust-bottom-margin ultimate-heading-567869fa0b163100f uvc-9491 \" data-hspacer=\"no_spacer\"  data-halign=\"left\" style=\"text-align:left\"><div class=\"uvc-heading-spacer no_spacer\" style=\"top\"><\/div><div class=\"uvc-sub-heading ult-responsive\"  data-ultimate-target='.uvc-heading.ultimate-heading-567869fa0b163100f .uvc-sub-heading '  data-responsive-json-new='{\"font-size\":\"desktop:32px;\",\"line-height\":\"\"}'  style=\"font-family:&#039;Berkshire Swash&#039;;font-weight:normal;font-style:normal;color:#ffd68a;\"><\/p>\n<p style=\"text-align: center;\">\u00ab Divine power works in silence and will change things to suit your purpose in accordance with what you ask for. \u00bb<\/p>\n<p>&nbsp;<\/p>\n<p style=\"text-align: center;\">~ Mother Meera<\/p>\n<p><\/div><\/div>[\/vc_column][\/vc_row][vc_row gap=&#8221;35&#8243; equal_height=&#8221;yes&#8221; content_placement=&#8221;middle&#8221; type=&#8221;vc_default&#8221; css=&#8221;.vc_custom_1669838862735{padding-top: 80px !important;padding-bottom: 80px !important;}&#8221;][vc_column width=&#8221;1\/2&#8243; offset=&#8221;vc_col-lg-6 vc_col-md-6 vc_col-xs-12&#8243;][vc_single_image image=&#8221;58220&#8243; img_size=&#8221;full&#8221;][\/vc_column][vc_column width=&#8221;1\/2&#8243; offset=&#8221;vc_col-lg-6 vc_col-md-6 vc_col-xs-12&#8243;]<div id=\"ultimate-heading-654469fa0b1631072\" class=\"uvc-heading ult-adjust-bottom-margin ultimate-heading-654469fa0b1631072 uvc-1320 accent-subtitle-color\" data-hspacer=\"no_spacer\"  data-halign=\"left\" style=\"text-align:left\"><div class=\"uvc-heading-spacer no_spacer\" style=\"top\"><\/div><div class=\"uvc-main-heading ult-responsive\"  data-ultimate-target='.uvc-heading.ultimate-heading-654469fa0b1631072 h2'  data-responsive-json-new='{\"font-size\":\"desktop:48px;tablet:40px;tablet_portrait:36px;mobile:30px;\",\"line-height\":\"desktop:58px;tablet:50px;tablet_portrait:46px;mobile:40px;\"}' ><h2 style=\"--font-weight:theme;margin-bottom:25px;\">Make a donation to Soci\u00e9t\u00e9 M\u00e8re Meera<\/h2><\/div><\/div>[vc_column_text]<a href=\"https:\/\/meremeera.ca\/en\/societe-mere-meera\/\">Soci\u00e9t\u00e9 M\u00e8re Meera<\/a>\u00a0is a non-profit organisation. Its revenues cover the costs of organizing <a href=\"https:\/\/meremeera.ca\/en\/her-story\/\">Mother Meera<\/a>\u2019s tours; the maintenance of <a href=\"https:\/\/meremeera.ca\/en\/la-chapelle\/\">La Chapelle<\/a>\u2013Mother\u2019s stay when she comes to Canada and where <a href=\"https:\/\/meremeera.ca\/en\/darshan\/\">darshan<\/a>\u00a0is held in her presence; and carrying out projects dear to her such as the <a href=\"https:\/\/meremeera.ca\/en\/involvement-in-india\/\">College<\/a>\u00a0to be developed in India initiated by our team of volunteers.<\/p>\n<p>Whether it be after receiving the gift of Love and Light from Mother or because you are inclined to support us, your donations are greatly appreciated. Funds will enable us to stay alive as an organisation and propagate Mother\u2019s work in Canada and in India where we contribute to children\u2019s education at all levels.[\/vc_column_text][vc_empty_space]<style type=\"text\/css\" data-type=\"the7_shortcodes-inline-css\">#default-btn-64ae5a1a450e1a77ad671f0c25a64512.ico-right-side > i {\n  margin-right: 0px;\n  margin-left: 8px;\n}\n#default-btn-64ae5a1a450e1a77ad671f0c25a64512 > i {\n  margin-right: 8px;\n}\n<\/style><a href=\"https:\/\/meremeera.ca\/en\/make-a-donation-form\" class=\"default-btn-shortcode dt-btn dt-btn-m link-hover-off btn-inline-left \" id=\"default-btn-64ae5a1a450e1a77ad671f0c25a64512\"><span>Make a donation<\/span><\/a>[\/vc_column][\/vc_row][vc_row full_width=&#8221;stretch_row&#8221; bg_type=&#8221;image&#8221; parallax_style=&#8221;vcpb-vz-jquery&#8221; bg_image_new=&#8221;id^57148|url^https:\/\/meremeera.ca\/wp-content\/uploads\/2020\/05\/banni\u00e8re-accueil-2.jpg|caption^null|alt^null|title^banni\u00e8re-accueil-2|description^null&#8221; bg_override=&#8221;full&#8221; enable_overlay=&#8221;enable_overlay_value&#8221; overlay_pattern=&#8221;transperant&#8221; overlay_pattern_opacity=&#8221;0&#8243; type=&#8221;vc_default&#8221; css=&#8221;.vc_custom_1669845336632{padding-top: 100px !important;padding-bottom: 100px !important;}&#8221;][vc_column css=&#8221;.vc_custom_1669841535736{padding-right: 5% !important;padding-left: 5% !important;}&#8221;]<div id=\"ultimate-heading-665969fa0b1631195\" class=\"uvc-heading ult-adjust-bottom-margin ultimate-heading-665969fa0b1631195 uvc-5472 \" data-hspacer=\"no_spacer\"  data-halign=\"left\" style=\"text-align:left\"><div class=\"uvc-heading-spacer no_spacer\" style=\"top\"><\/div><div class=\"uvc-sub-heading ult-responsive\"  data-ultimate-target='.uvc-heading.ultimate-heading-665969fa0b1631195 .uvc-sub-heading '  data-responsive-json-new='{\"font-size\":\"desktop:24px;\",\"line-height\":\"\"}'  style=\"font-weight:bold;color:#97024c;\"><\/p>\n<p style=\"text-align: center;\">Each donation is precious and contributes to support Soci\u00e9t\u00e9 M\u00e8re Meera propagating Mother Meera\u2019s work. We issue official donation <strong>receipts<\/strong> for income tax purposes.<\/p>\n<p><\/div><\/div>[\/vc_column][\/vc_row][vc_row bg_type=&#8221;image&#8221; bg_override=&#8221;ex-full&#8221; enable_overlay=&#8221;enable_overlay_value&#8221; overlay_color=&#8221;rgba(0,0,0,0.5)&#8221; overlay_pattern=&#8221;transperant&#8221; type=&#8221;vc_default&#8221; css=&#8221;.vc_custom_1669838245600{padding-top: 100px !important;padding-bottom: 50px !important;background-image: url(https:\/\/meremeera.ca\/wp-content\/uploads\/2022\/11\/background-boutique.jpg?id=57216) !important;}&#8221;][vc_column offset=&#8221;vc_col-lg-offset-0 vc_col-md-offset-0 vc_col-sm-offset-0 vc_col-xs-12&#8243;][vc_row_inner content_placement=&#8221;middle&#8221;][vc_column_inner width=&#8221;1\/2&#8243; css=&#8221;.vc_custom_1572286271908{padding-bottom: 50px !important;}&#8221; offset=&#8221;vc_col-lg-8 vc_col-md-8&#8243;]<div id=\"ultimate-heading-596569fa0b16311eb\" class=\"uvc-heading ult-adjust-bottom-margin ultimate-heading-596569fa0b16311eb uvc-7839 accent-title-color\" data-hspacer=\"no_spacer\"  data-halign=\"left\" style=\"text-align:left\"><div class=\"uvc-heading-spacer no_spacer\" style=\"top\"><\/div><div class=\"uvc-main-heading ult-responsive\"  data-ultimate-target='.uvc-heading.ultimate-heading-596569fa0b16311eb h2'  data-responsive-json-new='{\"font-size\":\"desktop:30px;tablet_portrait:20px;\",\"line-height\":\"desktop:40px;tablet_portrait:30px;\"}' ><h2 style=\"font-weight:bold;margin-bottom:10px;\">to accompany your meditation<\/h2><\/div><div class=\"uvc-sub-heading ult-responsive\"  data-ultimate-target='.uvc-heading.ultimate-heading-596569fa0b16311eb .uvc-sub-heading '  data-responsive-json-new='{\"font-size\":\"desktop:46px;tablet_portrait:34px;\",\"line-height\":\"desktop:56px;tablet_portrait:44px;\"}'  style=\"font-weight:bold;color:#ffffff;\">Visit our online shop<\/div><\/div>[vc_empty_space height=&#8221;25px&#8221;][vc_column_text]<span style=\"color: #ffffff;\">Visit our online boutique to get among other things Mother\u2019s books, malas, incense, music to accompany your meditation, and a wide variety of articles related to her.<\/span>[\/vc_column_text][\/vc_column_inner][vc_column_inner width=&#8221;1\/2&#8243; css=&#8221;.vc_custom_1572286278515{padding-bottom: 50px !important;}&#8221; offset=&#8221;vc_col-lg-4 vc_col-md-4&#8243;]<style type=\"text\/css\" data-type=\"the7_shortcodes-inline-css\">#default-btn-0b0fe56c005cb440c7b2fefe76a50d99.ico-right-side > i {\n  margin-right: 0px;\n  margin-left: 8px;\n}\n#default-btn-0b0fe56c005cb440c7b2fefe76a50d99 > i {\n  margin-right: 8px;\n}\n<\/style><div class=\"btn-align-center\"><a href=\"https:\/\/meremeera.ca\/en\/shop\/\" class=\"default-btn-shortcode dt-btn dt-btn-m link-hover-off \" id=\"default-btn-0b0fe56c005cb440c7b2fefe76a50d99\" title=\"Shop\"><span>Shop now !<\/span><\/a><\/div>[\/vc_column_inner][\/vc_row_inner][\/vc_column][\/vc_row]<\/p>\n<\/div>","protected":false},"excerpt":{"rendered":"<p>[vc_row full_width=&#8221;stretch_row&#8221; bg_type=&#8221;image&#8221; parallax_style=&#8221;vcpb-vz-jquery&#8221; bg_image_new=&#8221;id^57203|url^https:\/\/meremeera.ca\/wp-content\/uploads\/2022\/11\/background-slider-4-pattern.jpg|caption^null|alt^null|title^background-slider-4-pattern|description^null&#8221; bg_override=&#8221;full&#8221; enable_overlay=&#8221;enable_overlay_value&#8221; overlay_pattern=&#8221;transperant&#8221; overlay_pattern_opacity=&#8221;0&#8243; type=&#8221;vc_default&#8221; css=&#8221;.vc_custom_1675199057024{padding-top: 140px !important;padding-bottom: 120px !important;}&#8221;][vc_column css=&#8221;.vc_custom_1669845485652{padding-right: 10% !important;padding-left: 10% !important;}&#8221;][\/vc_column][\/vc_row][vc_row gap=&#8221;35&#8243; equal_height=&#8221;yes&#8221; content_placement=&#8221;middle&#8221; type=&#8221;vc_default&#8221; css=&#8221;.vc_custom_1669838862735{padding-top: 80px !important;padding-bottom: 80px !important;}&#8221;][vc_column width=&#8221;1\/2&#8243; offset=&#8221;vc_col-lg-6 vc_col-md-6 vc_col-xs-12&#8243;][vc_single_image image=&#8221;58220&#8243; img_size=&#8221;full&#8221;][\/vc_column][vc_column width=&#8221;1\/2&#8243; offset=&#8221;vc_col-lg-6 vc_col-md-6 vc_col-xs-12&#8243;][vc_column_text]Soci\u00e9t\u00e9 M\u00e8re Meera\u00a0is a non-profit organisation. Its revenues cover the costs of organizing Mother Meera\u2019s tours; the&hellip;<\/p>\n","protected":false},"author":1,"featured_media":0,"parent":0,"menu_order":40,"comment_status":"closed","ping_status":"closed","template":"","meta":{"_monsterinsights_skip_tracking":false,"_monsterinsights_sitenote_active":false,"_monsterinsights_sitenote_note":"","_monsterinsights_sitenote_category":0,"footnotes":""},"class_list":["post-58506","page","type-page","status-publish","hentry","description-off"],"yoast_head":"<!-- This site is optimized with the Yoast SEO plugin v27.5 - https:\/\/yoast.com\/product\/yoast-seo-wordpress\/ -->\n<title>Make a donation - Soci\u00e9t\u00e9 M\u00e8re Meera<\/title>\n<meta name=\"robots\" content=\"index, follow, max-snippet:-1, max-image-preview:large, max-video-preview:-1\" \/>\n<link rel=\"canonical\" href=\"https:\/\/meremeera.ca\/en\/make-a-donation\/\" \/>\n<meta property=\"og:locale\" content=\"en_US\" \/>\n<meta property=\"og:type\" content=\"article\" \/>\n<meta property=\"og:title\" content=\"Make a donation - Soci\u00e9t\u00e9 M\u00e8re Meera\" \/>\n<meta property=\"og:description\" content=\"[vc_row full_width=&#8221;stretch_row&#8221; bg_type=&#8221;image&#8221; parallax_style=&#8221;vcpb-vz-jquery&#8221; bg_image_new=&#8221;id^57203|url^https:\/\/meremeera.ca\/wp-content\/uploads\/2022\/11\/background-slider-4-pattern.jpg|caption^null|alt^null|title^background-slider-4-pattern|description^null&#8221; bg_override=&#8221;full&#8221; enable_overlay=&#8221;enable_overlay_value&#8221; overlay_pattern=&#8221;transperant&#8221; overlay_pattern_opacity=&#8221;0&#8243; type=&#8221;vc_default&#8221; css=&#8221;.vc_custom_1675199057024{padding-top: 140px !important;padding-bottom: 120px !important;}&#8221;][vc_column css=&#8221;.vc_custom_1669845485652{padding-right: 10% !important;padding-left: 10% !important;}&#8221;][\/vc_column][\/vc_row][vc_row gap=&#8221;35&#8243; equal_height=&#8221;yes&#8221; content_placement=&#8221;middle&#8221; type=&#8221;vc_default&#8221; css=&#8221;.vc_custom_1669838862735{padding-top: 80px !important;padding-bottom: 80px !important;}&#8221;][vc_column width=&#8221;1\/2&#8243; offset=&#8221;vc_col-lg-6 vc_col-md-6 vc_col-xs-12&#8243;][vc_single_image image=&#8221;58220&#8243; img_size=&#8221;full&#8221;][\/vc_column][vc_column width=&#8221;1\/2&#8243; offset=&#8221;vc_col-lg-6 vc_col-md-6 vc_col-xs-12&#8243;][vc_column_text]Soci\u00e9t\u00e9 M\u00e8re Meera\u00a0is a non-profit organisation. Its revenues cover the costs of organizing Mother Meera\u2019s tours; the&hellip;\" \/>\n<meta property=\"og:url\" content=\"https:\/\/meremeera.ca\/en\/make-a-donation\/\" \/>\n<meta property=\"og:site_name\" content=\"Soci\u00e9t\u00e9 M\u00e8re Meera\" \/>\n<meta property=\"article:modified_time\" content=\"2023-02-07T04:23:13+00:00\" \/>\n<meta name=\"twitter:card\" content=\"summary_large_image\" \/>\n<meta name=\"twitter:label1\" content=\"Est. reading time\" \/>\n\t<meta name=\"twitter:data1\" content=\"2 minutes\" \/>\n<script type=\"application\/ld+json\" class=\"yoast-schema-graph\">{\"@context\":\"https:\\\/\\\/schema.org\",\"@graph\":[{\"@type\":\"WebPage\",\"@id\":\"https:\\\/\\\/meremeera.ca\\\/en\\\/make-a-donation\\\/\",\"url\":\"https:\\\/\\\/meremeera.ca\\\/en\\\/make-a-donation\\\/\",\"name\":\"Make a donation - Soci\u00e9t\u00e9 M\u00e8re Meera\",\"isPartOf\":{\"@id\":\"https:\\\/\\\/meremeera.ca\\\/en\\\/#website\"},\"datePublished\":\"2023-01-31T21:08:06+00:00\",\"dateModified\":\"2023-02-07T04:23:13+00:00\",\"breadcrumb\":{\"@id\":\"https:\\\/\\\/meremeera.ca\\\/en\\\/make-a-donation\\\/#breadcrumb\"},\"inLanguage\":\"en-US\",\"potentialAction\":[{\"@type\":\"ReadAction\",\"target\":[\"https:\\\/\\\/meremeera.ca\\\/en\\\/make-a-donation\\\/\"]}]},{\"@type\":\"BreadcrumbList\",\"@id\":\"https:\\\/\\\/meremeera.ca\\\/en\\\/make-a-donation\\\/#breadcrumb\",\"itemListElement\":[{\"@type\":\"ListItem\",\"position\":1,\"name\":\"Accueil\",\"item\":\"https:\\\/\\\/meremeera.ca\\\/en\\\/\"},{\"@type\":\"ListItem\",\"position\":2,\"name\":\"Make a donation\"}]},{\"@type\":\"WebSite\",\"@id\":\"https:\\\/\\\/meremeera.ca\\\/en\\\/#website\",\"url\":\"https:\\\/\\\/meremeera.ca\\\/en\\\/\",\"name\":\"Soci\u00e9t\u00e9 M\u00e8re Meera\",\"description\":\"God is with us\",\"potentialAction\":[{\"@type\":\"SearchAction\",\"target\":{\"@type\":\"EntryPoint\",\"urlTemplate\":\"https:\\\/\\\/meremeera.ca\\\/en\\\/?s={search_term_string}\"},\"query-input\":{\"@type\":\"PropertyValueSpecification\",\"valueRequired\":true,\"valueName\":\"search_term_string\"}}],\"inLanguage\":\"en-US\"}]}<\/script>\n<!-- \/ Yoast SEO plugin. -->","yoast_head_json":{"title":"Make a donation - Soci\u00e9t\u00e9 M\u00e8re Meera","robots":{"index":"index","follow":"follow","max-snippet":"max-snippet:-1","max-image-preview":"max-image-preview:large","max-video-preview":"max-video-preview:-1"},"canonical":"https:\/\/meremeera.ca\/en\/make-a-donation\/","og_locale":"en_US","og_type":"article","og_title":"Make a donation - Soci\u00e9t\u00e9 M\u00e8re Meera","og_description":"[vc_row full_width=&#8221;stretch_row&#8221; bg_type=&#8221;image&#8221; parallax_style=&#8221;vcpb-vz-jquery&#8221; bg_image_new=&#8221;id^57203|url^https:\/\/meremeera.ca\/wp-content\/uploads\/2022\/11\/background-slider-4-pattern.jpg|caption^null|alt^null|title^background-slider-4-pattern|description^null&#8221; bg_override=&#8221;full&#8221; enable_overlay=&#8221;enable_overlay_value&#8221; overlay_pattern=&#8221;transperant&#8221; overlay_pattern_opacity=&#8221;0&#8243; type=&#8221;vc_default&#8221; css=&#8221;.vc_custom_1675199057024{padding-top: 140px !important;padding-bottom: 120px !important;}&#8221;][vc_column css=&#8221;.vc_custom_1669845485652{padding-right: 10% !important;padding-left: 10% !important;}&#8221;][\/vc_column][\/vc_row][vc_row gap=&#8221;35&#8243; equal_height=&#8221;yes&#8221; content_placement=&#8221;middle&#8221; type=&#8221;vc_default&#8221; css=&#8221;.vc_custom_1669838862735{padding-top: 80px !important;padding-bottom: 80px !important;}&#8221;][vc_column width=&#8221;1\/2&#8243; offset=&#8221;vc_col-lg-6 vc_col-md-6 vc_col-xs-12&#8243;][vc_single_image image=&#8221;58220&#8243; img_size=&#8221;full&#8221;][\/vc_column][vc_column width=&#8221;1\/2&#8243; offset=&#8221;vc_col-lg-6 vc_col-md-6 vc_col-xs-12&#8243;][vc_column_text]Soci\u00e9t\u00e9 M\u00e8re Meera\u00a0is a non-profit organisation. Its revenues cover the costs of organizing Mother Meera\u2019s tours; the&hellip;","og_url":"https:\/\/meremeera.ca\/en\/make-a-donation\/","og_site_name":"Soci\u00e9t\u00e9 M\u00e8re Meera","article_modified_time":"2023-02-07T04:23:13+00:00","twitter_card":"summary_large_image","twitter_misc":{"Est. reading time":"2 minutes"},"schema":{"@context":"https:\/\/schema.org","@graph":[{"@type":"WebPage","@id":"https:\/\/meremeera.ca\/en\/make-a-donation\/","url":"https:\/\/meremeera.ca\/en\/make-a-donation\/","name":"Make a donation - Soci\u00e9t\u00e9 M\u00e8re Meera","isPartOf":{"@id":"https:\/\/meremeera.ca\/en\/#website"},"datePublished":"2023-01-31T21:08:06+00:00","dateModified":"2023-02-07T04:23:13+00:00","breadcrumb":{"@id":"https:\/\/meremeera.ca\/en\/make-a-donation\/#breadcrumb"},"inLanguage":"en-US","potentialAction":[{"@type":"ReadAction","target":["https:\/\/meremeera.ca\/en\/make-a-donation\/"]}]},{"@type":"BreadcrumbList","@id":"https:\/\/meremeera.ca\/en\/make-a-donation\/#breadcrumb","itemListElement":[{"@type":"ListItem","position":1,"name":"Accueil","item":"https:\/\/meremeera.ca\/en\/"},{"@type":"ListItem","position":2,"name":"Make a donation"}]},{"@type":"WebSite","@id":"https:\/\/meremeera.ca\/en\/#website","url":"https:\/\/meremeera.ca\/en\/","name":"Soci\u00e9t\u00e9 M\u00e8re Meera","description":"God is with us","potentialAction":[{"@type":"SearchAction","target":{"@type":"EntryPoint","urlTemplate":"https:\/\/meremeera.ca\/en\/?s={search_term_string}"},"query-input":{"@type":"PropertyValueSpecification","valueRequired":true,"valueName":"search_term_string"}}],"inLanguage":"en-US"}]}},"_links":{"self":[{"href":"https:\/\/meremeera.ca\/en\/wp-json\/wp\/v2\/pages\/58506","targetHints":{"allow":["GET"]}}],"collection":[{"href":"https:\/\/meremeera.ca\/en\/wp-json\/wp\/v2\/pages"}],"about":[{"href":"https:\/\/meremeera.ca\/en\/wp-json\/wp\/v2\/types\/page"}],"author":[{"embeddable":true,"href":"https:\/\/meremeera.ca\/en\/wp-json\/wp\/v2\/users\/1"}],"replies":[{"embeddable":true,"href":"https:\/\/meremeera.ca\/en\/wp-json\/wp\/v2\/comments?post=58506"}],"version-history":[{"count":5,"href":"https:\/\/meremeera.ca\/en\/wp-json\/wp\/v2\/pages\/58506\/revisions"}],"predecessor-version":[{"id":58747,"href":"https:\/\/meremeera.ca\/en\/wp-json\/wp\/v2\/pages\/58506\/revisions\/58747"}],"wp:attachment":[{"href":"https:\/\/meremeera.ca\/en\/wp-json\/wp\/v2\/media?parent=58506"}],"curies":[{"name":"wp","href":"https:\/\/api.w.org\/{rel}","templated":true}]}}