{"id":58501,"date":"2022-11-29T19:19:01","date_gmt":"2022-11-30T00:19:01","guid":{"rendered":"https:\/\/meremeera.ca\/societe-mere-meera\/"},"modified":"2023-02-14T08:39:31","modified_gmt":"2023-02-14T13:39:31","slug":"societe-mere-meera","status":"publish","type":"page","link":"https:\/\/meremeera.ca\/en\/societe-mere-meera\/","title":{"rendered":"Soci\u00e9t\u00e9 M\u00e8re Meera"},"content":{"rendered":"<div class=\"wpb-content-wrapper\"><p>[vc_row full_width=&#8221;stretch_row&#8221; bg_type=&#8221;image&#8221; parallax_style=&#8221;vcpb-vz-jquery&#8221; bg_image_new=&#8221;id^57199|url^https:\/\/meremeera.ca\/wp-content\/uploads\/2022\/11\/background-slider-2-pattern.jpg|caption^null|alt^null|title^background-slider-2-pattern|description^null&#8221; bg_override=&#8221;full&#8221; enable_overlay=&#8221;enable_overlay_value&#8221; overlay_pattern=&#8221;transperant&#8221; overlay_pattern_opacity=&#8221;0&#8243; type=&#8221;vc_default&#8221; css=&#8221;.vc_custom_1669845561552{padding-top: 140px !important;padding-bottom: 120px !important;}&#8221;][vc_column css=&#8221;.vc_custom_1669845574660{padding-right: 10% !important;padding-left: 10% !important;}&#8221;]<div id=\"ultimate-heading-845069fa09164d50e\" class=\"uvc-heading ult-adjust-bottom-margin ultimate-heading-845069fa09164d50e uvc-681 \" data-hspacer=\"no_spacer\"  data-halign=\"left\" style=\"text-align:left\"><div class=\"uvc-heading-spacer no_spacer\" style=\"top\"><\/div><div class=\"uvc-sub-heading ult-responsive\"  data-ultimate-target='.uvc-heading.ultimate-heading-845069fa09164d50e .uvc-sub-heading '  data-responsive-json-new='{\"font-size\":\"desktop:32px;\",\"line-height\":\"\"}'  style=\"font-family:&#039;Berkshire Swash&#039;;font-weight:normal;font-style:normal;color:#f49ec4;\"><\/p>\n<p style=\"text-align: center;\">\u00ab In everything, everywhere, in all beings, Light is hiding and must be revealed. If we try with all our heart, we will succeed. \u00bb<\/p>\n<p>&nbsp;<\/p>\n<p style=\"text-align: center;\">~ Mother Meera<\/p>\n<p><\/div><\/div>[\/vc_column][\/vc_row][vc_row gap=&#8221;35&#8243; equal_height=&#8221;yes&#8221; content_placement=&#8221;middle&#8221; type=&#8221;vc_default&#8221; css=&#8221;.vc_custom_1669838862735{padding-top: 80px !important;padding-bottom: 80px !important;}&#8221;][vc_column width=&#8221;1\/2&#8243; offset=&#8221;vc_col-lg-6 vc_col-md-6 vc_col-xs-12&#8243;][vc_single_image image=&#8221;57411&#8243; img_size=&#8221;full&#8221;][\/vc_column][vc_column width=&#8221;1\/2&#8243; css=&#8221;.vc_custom_1572729602952{padding-bottom: 50px !important;}&#8221; offset=&#8221;vc_col-lg-6 vc_col-md-6 vc_col-xs-12&#8243;]<div id=\"ultimate-heading-322169fa09164d581\" class=\"uvc-heading ult-adjust-bottom-margin ultimate-heading-322169fa09164d581 uvc-5164 accent-subtitle-color\" data-hspacer=\"no_spacer\"  data-halign=\"left\" style=\"text-align:left\"><div class=\"uvc-heading-spacer no_spacer\" style=\"top\"><\/div><div class=\"uvc-main-heading ult-responsive\"  data-ultimate-target='.uvc-heading.ultimate-heading-322169fa09164d581 h2'  data-responsive-json-new='{\"font-size\":\"desktop:48px;tablet:40px;tablet_portrait:36px;mobile:30px;\",\"line-height\":\"desktop:58px;tablet:50px;tablet_portrait:46px;mobile:40px;\"}' ><h2 style=\"--font-weight:theme;margin-bottom:25px;\">Soci\u00e9t\u00e9 M\u00e8re Meera, in service of Light and propagation of Mother Meera\u2019s work<\/h2><\/div><\/div>[vc_column_text]In the wake of their return from India, a small group of men and women from Quebec gave birth to Soci\u00e9t\u00e9 M\u00e8re Meera. After hearing of a young girl with outstanding spiritual qualities, they had the opportunity to meet with her in person in 1979, through Mr. Reddy, her uncle. They found out that She was more precious than they had conceived. This decisive meeting marked the beginning of a long love story between <a href=\"https:\/\/meremeera.ca\/en\/her-story\/\">Mother Meera<\/a>\u00a0and Canada.<\/p>\n<p>Between 1979 and 1981, Mother Meera travelled three times to Canada accompanied by Adilakshmi and Mr. Reddy. Her several travels led us to hope that she would take residence here but her final choice was <a href=\"https:\/\/meremeera.ca\/en\/her-permanent-residence\/\">Germany<\/a>. Over the years, Mother kept coming to Canada, first to enable people to receive Light and, later on, for collective meditations. Nowadays, she comes regularly to give <a href=\"https:\/\/meremeera.ca\/en\/darshan\/\">darshan<\/a>.<\/p>\n<p>Soci\u00e9t\u00e9 M\u00e8re Meera\u2019s main task is organizing Mother Meera\u2019s activities in Canada.[\/vc_column_text][\/vc_column][\/vc_row][vc_row full_width=&#8221;stretch_row&#8221; css=&#8221;.vc_custom_1669838868038{padding-top: 100px !important;padding-bottom: 100px !important;background-color: #fff0dd !important;}&#8221;][vc_column width=&#8221;1\/3&#8243;][vc_single_image image=&#8221;2484&#8243; img_size=&#8221;full&#8221; alignment=&#8221;center&#8221;][vc_empty_space height=&#8221;15px&#8221;]<div id=\"ultimate-heading-415569fa09164d5e7\" class=\"uvc-heading ult-adjust-bottom-margin ultimate-heading-415569fa09164d5e7 uvc-1619 \" data-hspacer=\"no_spacer\"  data-halign=\"center\" style=\"text-align:center\"><div class=\"uvc-heading-spacer no_spacer\" style=\"top\"><\/div><div class=\"uvc-main-heading ult-responsive\"  data-ultimate-target='.uvc-heading.ultimate-heading-415569fa09164d5e7 h5'  data-responsive-json-new='{\"font-size\":\"desktop:36px;tablet:34px;tablet_portrait:32px;mobile_landscape:30px;\",\"line-height\":\"desktop:46px;tablet:44px;tablet_portrait:42px;mobile_landscape:40px;\"}' ><h5 style=\"--font-weight:theme;margin-bottom:15px;\">History<\/h5><\/div><\/div>[vc_column_text]Soci\u00e9t\u00e9 M\u00e8re Meera was incorporated in May 1980, on the initiative of a small group of men and women from Quebec who had discovered Mother Meera in India the previous year. The birth of this non-profit organization responded to their fervent wish to offer Light and propagation of Mother Meera\u2019s work to as many Canadians as possible.[\/vc_column_text][\/vc_column][vc_column width=&#8221;1\/3&#8243;][vc_single_image image=&#8221;2486&#8243; img_size=&#8221;full&#8221; alignment=&#8221;center&#8221;][vc_empty_space height=&#8221;15px&#8221;]<div id=\"ultimate-heading-57569fa09164d63f\" class=\"uvc-heading ult-adjust-bottom-margin ultimate-heading-57569fa09164d63f uvc-8217 \" data-hspacer=\"no_spacer\"  data-halign=\"center\" style=\"text-align:center\"><div class=\"uvc-heading-spacer no_spacer\" style=\"top\"><\/div><div class=\"uvc-main-heading ult-responsive\"  data-ultimate-target='.uvc-heading.ultimate-heading-57569fa09164d63f h5'  data-responsive-json-new='{\"font-size\":\"desktop:36px;tablet:34px;tablet_portrait:32px;mobile_landscape:30px;\",\"line-height\":\"desktop:46px;tablet:44px;tablet_portrait:42px;mobile_landscape:40px;\"}' ><h5 style=\"--font-weight:theme;margin-bottom:15px;\">Mission<\/h5><\/div><\/div>[vc_column_text]For over 40 years, Soci\u00e9t\u00e9 M\u00e8re Meera has been dedicating itself to the propagation of Mother Meera\u2019s work throughout Canada. In December 2012, it established a physical headquarter in Quebec \u2013 <a href=\"https:\/\/meremeera.ca\/en\/la-chapelle\/\">La Chapelle<\/a>\u00a0\u2013 in order to have a permanent darshan hall. The society is also involved in projects in <a href=\"https:\/\/meremeera.ca\/en\/involvement-in-india\/\">India<\/a>, through the contribution of several members.[\/vc_column_text][\/vc_column][vc_column width=&#8221;1\/3&#8243;][vc_single_image image=&#8221;2488&#8243; img_size=&#8221;full&#8221; alignment=&#8221;center&#8221;][vc_empty_space height=&#8221;15px&#8221;]<div id=\"ultimate-heading-228569fa09164d690\" class=\"uvc-heading ult-adjust-bottom-margin ultimate-heading-228569fa09164d690 uvc-205 \" data-hspacer=\"no_spacer\"  data-halign=\"center\" style=\"text-align:center\"><div class=\"uvc-heading-spacer no_spacer\" style=\"top\"><\/div><div class=\"uvc-main-heading ult-responsive\"  data-ultimate-target='.uvc-heading.ultimate-heading-228569fa09164d690 h5'  data-responsive-json-new='{\"font-size\":\"desktop:36px;tablet:34px;tablet_portrait:32px;mobile_landscape:30px;\",\"line-height\":\"desktop:46px;tablet:44px;tablet_portrait:42px;mobile_landscape:40px;\"}' ><h5 style=\"--font-weight:theme;margin-bottom:15px;\">Involvement<\/h5><\/div><\/div>[vc_column_text]Soci\u00e9t\u00e9 M\u00e8re Meera is involved all year round in promoting Mother\u2019s work. In steady contact with Mother and her German team, through our newsletter, the society gives you the latest news about her, her schedule and her activities. Our <a href=\"https:\/\/meremeera.ca\/en\/shop\/\">online boutique\u00a0<\/a>enables you to get Mother\u2019s reference books and other items that will support your practice of meditation and help you relate to the Divine Mother.[\/vc_column_text][\/vc_column][\/vc_row][vc_row gap=&#8221;35&#8243; equal_height=&#8221;yes&#8221; content_placement=&#8221;middle&#8221; type=&#8221;vc_default&#8221; css=&#8221;.vc_custom_1669838675972{padding-top: 80px !important;padding-bottom: 80px !important;}&#8221; el_class=&#8221;reverse-row-on-mobile&#8221;][vc_column width=&#8221;1\/2&#8243; css=&#8221;.vc_custom_1572729602952{padding-bottom: 50px !important;}&#8221; offset=&#8221;vc_col-lg-6 vc_col-md-6 vc_col-xs-12&#8243;]<div id=\"ultimate-heading-660969fa09164d6f5\" class=\"uvc-heading ult-adjust-bottom-margin ultimate-heading-660969fa09164d6f5 uvc-2856 accent-border-color\" data-hspacer=\"no_spacer\"  data-halign=\"left\" style=\"text-align:left\"><div class=\"uvc-heading-spacer no_spacer\" style=\"top\"><\/div><div class=\"uvc-main-heading ult-responsive\"  data-ultimate-target='.uvc-heading.ultimate-heading-660969fa09164d6f5 h2'  data-responsive-json-new='{\"font-size\":\"desktop:36px;\",\"line-height\":\"desktop:46px;\"}' ><h2 style=\"font-weight:bold;margin-bottom:25px;\">Board of Directors<\/h2><\/div><\/div>[vc_column_text]Soci\u00e9t\u00e9 M\u00e8re Meera is administered by a board of directors committed to the society\u2019s objectives. They are appointed for one-year term. Some directors have been present since the very beginning. All of them share their devotion to Mother and their desire to help propagate the Light and bear witness of Her. You wish to get involved in Soci\u00e9t\u00e9 M\u00e8re Meera, see <a href=\"https:\/\/meremeera.ca\/en\/volunteering\/\">volunteering<\/a>.[\/vc_column_text][vc_empty_space height=&#8221;25px&#8221;]<style type=\"text\/css\" data-type=\"the7_shortcodes-inline-css\">#default-btn-bc00e253beb0efb12428edafe9e5f5de.ico-right-side > i {\n  margin-right: 0px;\n  margin-left: 8px;\n}\n#default-btn-bc00e253beb0efb12428edafe9e5f5de > i {\n  margin-right: 8px;\n}\n<\/style><a href=\"https:\/\/meremeera.ca\/en\/volunteering\/\" class=\"default-btn-shortcode dt-btn dt-btn-m link-hover-off btn-inline-left  vc_custom_1676228749774\" id=\"default-btn-bc00e253beb0efb12428edafe9e5f5de\"><span>Get involved<\/span><\/a>[\/vc_column][vc_column width=&#8221;1\/2&#8243; offset=&#8221;vc_col-lg-6 vc_col-md-6 vc_col-xs-12&#8243;][vc_single_image image=&#8221;57237&#8243; img_size=&#8221;full&#8221;][\/vc_column][\/vc_row][vc_row bg_type=&#8221;image&#8221; bg_override=&#8221;ex-full&#8221; enable_overlay=&#8221;enable_overlay_value&#8221; overlay_color=&#8221;rgba(0,0,0,0.5)&#8221; overlay_pattern=&#8221;transperant&#8221; type=&#8221;vc_default&#8221; css=&#8221;.vc_custom_1669838245600{padding-top: 100px !important;padding-bottom: 50px !important;background-image: url(https:\/\/meremeera.ca\/wp-content\/uploads\/2022\/11\/background-boutique.jpg?id=57216) !important;}&#8221;][vc_column offset=&#8221;vc_col-lg-offset-0 vc_col-md-offset-0 vc_col-sm-offset-0 vc_col-xs-12&#8243;][vc_row_inner content_placement=&#8221;middle&#8221;][vc_column_inner width=&#8221;1\/2&#8243; css=&#8221;.vc_custom_1572286271908{padding-bottom: 50px !important;}&#8221; offset=&#8221;vc_col-lg-8 vc_col-md-8&#8243;]<div id=\"ultimate-heading-409369fa09164d832\" class=\"uvc-heading ult-adjust-bottom-margin ultimate-heading-409369fa09164d832 uvc-2846 accent-title-color\" data-hspacer=\"no_spacer\"  data-halign=\"left\" style=\"text-align:left\"><div class=\"uvc-heading-spacer no_spacer\" style=\"top\"><\/div><div class=\"uvc-main-heading ult-responsive\"  data-ultimate-target='.uvc-heading.ultimate-heading-409369fa09164d832 h2'  data-responsive-json-new='{\"font-size\":\"desktop:30px;tablet_portrait:20px;\",\"line-height\":\"desktop:40px;tablet_portrait:30px;\"}' ><h2 style=\"font-weight:bold;margin-bottom:10px;\">to accompany your meditation<\/h2><\/div><div class=\"uvc-sub-heading ult-responsive\"  data-ultimate-target='.uvc-heading.ultimate-heading-409369fa09164d832 .uvc-sub-heading '  data-responsive-json-new='{\"font-size\":\"desktop:46px;tablet_portrait:34px;\",\"line-height\":\"desktop:56px;tablet_portrait:44px;\"}'  style=\"font-weight:bold;color:#ffffff;\">Visit our online shop<\/div><\/div>[vc_empty_space height=&#8221;25px&#8221;][vc_column_text]<span style=\"color: #ffffff;\">To get among other things Mother\u2019s books, malas, incense, music to accompany your meditation, and a wide variety of articles related to her.<\/span>[\/vc_column_text][\/vc_column_inner][vc_column_inner width=&#8221;1\/2&#8243; css=&#8221;.vc_custom_1572286278515{padding-bottom: 50px !important;}&#8221; offset=&#8221;vc_col-lg-4 vc_col-md-4&#8243;]<style type=\"text\/css\" data-type=\"the7_shortcodes-inline-css\">#default-btn-0b0fe56c005cb440c7b2fefe76a50d99.ico-right-side > i {\n  margin-right: 0px;\n  margin-left: 8px;\n}\n#default-btn-0b0fe56c005cb440c7b2fefe76a50d99 > i {\n  margin-right: 8px;\n}\n<\/style><div class=\"btn-align-center\"><a href=\"https:\/\/meremeera.ca\/en\/shop\/\" class=\"default-btn-shortcode dt-btn dt-btn-m link-hover-off \" id=\"default-btn-0b0fe56c005cb440c7b2fefe76a50d99\" title=\"Shop\"><span>Shop now !<\/span><\/a><\/div>[\/vc_column_inner][\/vc_row_inner][\/vc_column][\/vc_row]<\/p>\n<\/div>","protected":false},"excerpt":{"rendered":"<p>[vc_row full_width=&#8221;stretch_row&#8221; bg_type=&#8221;image&#8221; parallax_style=&#8221;vcpb-vz-jquery&#8221; bg_image_new=&#8221;id^57199|url^https:\/\/meremeera.ca\/wp-content\/uploads\/2022\/11\/background-slider-2-pattern.jpg|caption^null|alt^null|title^background-slider-2-pattern|description^null&#8221; bg_override=&#8221;full&#8221; enable_overlay=&#8221;enable_overlay_value&#8221; overlay_pattern=&#8221;transperant&#8221; overlay_pattern_opacity=&#8221;0&#8243; type=&#8221;vc_default&#8221; css=&#8221;.vc_custom_1669845561552{padding-top: 140px !important;padding-bottom: 120px !important;}&#8221;][vc_column css=&#8221;.vc_custom_1669845574660{padding-right: 10% !important;padding-left: 10% !important;}&#8221;][\/vc_column][\/vc_row][vc_row gap=&#8221;35&#8243; equal_height=&#8221;yes&#8221; content_placement=&#8221;middle&#8221; type=&#8221;vc_default&#8221; css=&#8221;.vc_custom_1669838862735{padding-top: 80px !important;padding-bottom: 80px !important;}&#8221;][vc_column width=&#8221;1\/2&#8243; offset=&#8221;vc_col-lg-6 vc_col-md-6 vc_col-xs-12&#8243;][vc_single_image image=&#8221;57411&#8243; img_size=&#8221;full&#8221;][\/vc_column][vc_column width=&#8221;1\/2&#8243; css=&#8221;.vc_custom_1572729602952{padding-bottom: 50px !important;}&#8221; offset=&#8221;vc_col-lg-6 vc_col-md-6 vc_col-xs-12&#8243;][vc_column_text]In the wake of their return from India, a small group of men and&hellip;<\/p>\n","protected":false},"author":1,"featured_media":0,"parent":0,"menu_order":40,"comment_status":"closed","ping_status":"closed","template":"","meta":{"_monsterinsights_skip_tracking":false,"_monsterinsights_sitenote_active":false,"_monsterinsights_sitenote_note":"","_monsterinsights_sitenote_category":0,"footnotes":""},"class_list":["post-58501","page","type-page","status-publish","hentry","description-off"],"yoast_head":"<!-- This site is optimized with the Yoast SEO plugin v27.5 - https:\/\/yoast.com\/product\/yoast-seo-wordpress\/ -->\n<title>Soci\u00e9t\u00e9 M\u00e8re Meera - Soci\u00e9t\u00e9 M\u00e8re Meera<\/title>\n<meta name=\"robots\" content=\"index, follow, max-snippet:-1, max-image-preview:large, max-video-preview:-1\" \/>\n<link rel=\"canonical\" href=\"https:\/\/meremeera.ca\/en\/societe-mere-meera\/\" \/>\n<meta property=\"og:locale\" content=\"en_US\" \/>\n<meta property=\"og:type\" content=\"article\" \/>\n<meta property=\"og:title\" content=\"Soci\u00e9t\u00e9 M\u00e8re Meera - Soci\u00e9t\u00e9 M\u00e8re Meera\" \/>\n<meta property=\"og:description\" content=\"[vc_row full_width=&#8221;stretch_row&#8221; bg_type=&#8221;image&#8221; parallax_style=&#8221;vcpb-vz-jquery&#8221; bg_image_new=&#8221;id^57199|url^https:\/\/meremeera.ca\/wp-content\/uploads\/2022\/11\/background-slider-2-pattern.jpg|caption^null|alt^null|title^background-slider-2-pattern|description^null&#8221; bg_override=&#8221;full&#8221; enable_overlay=&#8221;enable_overlay_value&#8221; overlay_pattern=&#8221;transperant&#8221; overlay_pattern_opacity=&#8221;0&#8243; type=&#8221;vc_default&#8221; css=&#8221;.vc_custom_1669845561552{padding-top: 140px !important;padding-bottom: 120px !important;}&#8221;][vc_column css=&#8221;.vc_custom_1669845574660{padding-right: 10% !important;padding-left: 10% !important;}&#8221;][\/vc_column][\/vc_row][vc_row gap=&#8221;35&#8243; equal_height=&#8221;yes&#8221; content_placement=&#8221;middle&#8221; type=&#8221;vc_default&#8221; css=&#8221;.vc_custom_1669838862735{padding-top: 80px !important;padding-bottom: 80px !important;}&#8221;][vc_column width=&#8221;1\/2&#8243; offset=&#8221;vc_col-lg-6 vc_col-md-6 vc_col-xs-12&#8243;][vc_single_image image=&#8221;57411&#8243; img_size=&#8221;full&#8221;][\/vc_column][vc_column width=&#8221;1\/2&#8243; css=&#8221;.vc_custom_1572729602952{padding-bottom: 50px !important;}&#8221; offset=&#8221;vc_col-lg-6 vc_col-md-6 vc_col-xs-12&#8243;][vc_column_text]In the wake of their return from India, a small group of men and&hellip;\" \/>\n<meta property=\"og:url\" content=\"https:\/\/meremeera.ca\/en\/societe-mere-meera\/\" \/>\n<meta property=\"og:site_name\" content=\"Soci\u00e9t\u00e9 M\u00e8re Meera\" \/>\n<meta property=\"article:modified_time\" content=\"2023-02-14T13:39:31+00:00\" \/>\n<meta name=\"twitter:card\" content=\"summary_large_image\" \/>\n<meta name=\"twitter:label1\" content=\"Est. reading time\" \/>\n\t<meta name=\"twitter:data1\" content=\"4 minutes\" \/>\n<script type=\"application\/ld+json\" class=\"yoast-schema-graph\">{\"@context\":\"https:\\\/\\\/schema.org\",\"@graph\":[{\"@type\":\"WebPage\",\"@id\":\"https:\\\/\\\/meremeera.ca\\\/en\\\/societe-mere-meera\\\/\",\"url\":\"https:\\\/\\\/meremeera.ca\\\/en\\\/societe-mere-meera\\\/\",\"name\":\"Soci\u00e9t\u00e9 M\u00e8re Meera - Soci\u00e9t\u00e9 M\u00e8re Meera\",\"isPartOf\":{\"@id\":\"https:\\\/\\\/meremeera.ca\\\/en\\\/#website\"},\"datePublished\":\"2022-11-30T00:19:01+00:00\",\"dateModified\":\"2023-02-14T13:39:31+00:00\",\"breadcrumb\":{\"@id\":\"https:\\\/\\\/meremeera.ca\\\/en\\\/societe-mere-meera\\\/#breadcrumb\"},\"inLanguage\":\"en-US\",\"potentialAction\":[{\"@type\":\"ReadAction\",\"target\":[\"https:\\\/\\\/meremeera.ca\\\/en\\\/societe-mere-meera\\\/\"]}]},{\"@type\":\"BreadcrumbList\",\"@id\":\"https:\\\/\\\/meremeera.ca\\\/en\\\/societe-mere-meera\\\/#breadcrumb\",\"itemListElement\":[{\"@type\":\"ListItem\",\"position\":1,\"name\":\"Accueil\",\"item\":\"https:\\\/\\\/meremeera.ca\\\/en\\\/\"},{\"@type\":\"ListItem\",\"position\":2,\"name\":\"Soci\u00e9t\u00e9 M\u00e8re Meera\"}]},{\"@type\":\"WebSite\",\"@id\":\"https:\\\/\\\/meremeera.ca\\\/en\\\/#website\",\"url\":\"https:\\\/\\\/meremeera.ca\\\/en\\\/\",\"name\":\"Soci\u00e9t\u00e9 M\u00e8re Meera\",\"description\":\"God is with us\",\"potentialAction\":[{\"@type\":\"SearchAction\",\"target\":{\"@type\":\"EntryPoint\",\"urlTemplate\":\"https:\\\/\\\/meremeera.ca\\\/en\\\/?s={search_term_string}\"},\"query-input\":{\"@type\":\"PropertyValueSpecification\",\"valueRequired\":true,\"valueName\":\"search_term_string\"}}],\"inLanguage\":\"en-US\"}]}<\/script>\n<!-- \/ Yoast SEO plugin. -->","yoast_head_json":{"title":"Soci\u00e9t\u00e9 M\u00e8re Meera - Soci\u00e9t\u00e9 M\u00e8re Meera","robots":{"index":"index","follow":"follow","max-snippet":"max-snippet:-1","max-image-preview":"max-image-preview:large","max-video-preview":"max-video-preview:-1"},"canonical":"https:\/\/meremeera.ca\/en\/societe-mere-meera\/","og_locale":"en_US","og_type":"article","og_title":"Soci\u00e9t\u00e9 M\u00e8re Meera - Soci\u00e9t\u00e9 M\u00e8re Meera","og_description":"[vc_row full_width=&#8221;stretch_row&#8221; bg_type=&#8221;image&#8221; parallax_style=&#8221;vcpb-vz-jquery&#8221; bg_image_new=&#8221;id^57199|url^https:\/\/meremeera.ca\/wp-content\/uploads\/2022\/11\/background-slider-2-pattern.jpg|caption^null|alt^null|title^background-slider-2-pattern|description^null&#8221; bg_override=&#8221;full&#8221; enable_overlay=&#8221;enable_overlay_value&#8221; overlay_pattern=&#8221;transperant&#8221; overlay_pattern_opacity=&#8221;0&#8243; type=&#8221;vc_default&#8221; css=&#8221;.vc_custom_1669845561552{padding-top: 140px !important;padding-bottom: 120px !important;}&#8221;][vc_column css=&#8221;.vc_custom_1669845574660{padding-right: 10% !important;padding-left: 10% !important;}&#8221;][\/vc_column][\/vc_row][vc_row gap=&#8221;35&#8243; equal_height=&#8221;yes&#8221; content_placement=&#8221;middle&#8221; type=&#8221;vc_default&#8221; css=&#8221;.vc_custom_1669838862735{padding-top: 80px !important;padding-bottom: 80px !important;}&#8221;][vc_column width=&#8221;1\/2&#8243; offset=&#8221;vc_col-lg-6 vc_col-md-6 vc_col-xs-12&#8243;][vc_single_image image=&#8221;57411&#8243; img_size=&#8221;full&#8221;][\/vc_column][vc_column width=&#8221;1\/2&#8243; css=&#8221;.vc_custom_1572729602952{padding-bottom: 50px !important;}&#8221; offset=&#8221;vc_col-lg-6 vc_col-md-6 vc_col-xs-12&#8243;][vc_column_text]In the wake of their return from India, a small group of men and&hellip;","og_url":"https:\/\/meremeera.ca\/en\/societe-mere-meera\/","og_site_name":"Soci\u00e9t\u00e9 M\u00e8re Meera","article_modified_time":"2023-02-14T13:39:31+00:00","twitter_card":"summary_large_image","twitter_misc":{"Est. reading time":"4 minutes"},"schema":{"@context":"https:\/\/schema.org","@graph":[{"@type":"WebPage","@id":"https:\/\/meremeera.ca\/en\/societe-mere-meera\/","url":"https:\/\/meremeera.ca\/en\/societe-mere-meera\/","name":"Soci\u00e9t\u00e9 M\u00e8re Meera - Soci\u00e9t\u00e9 M\u00e8re Meera","isPartOf":{"@id":"https:\/\/meremeera.ca\/en\/#website"},"datePublished":"2022-11-30T00:19:01+00:00","dateModified":"2023-02-14T13:39:31+00:00","breadcrumb":{"@id":"https:\/\/meremeera.ca\/en\/societe-mere-meera\/#breadcrumb"},"inLanguage":"en-US","potentialAction":[{"@type":"ReadAction","target":["https:\/\/meremeera.ca\/en\/societe-mere-meera\/"]}]},{"@type":"BreadcrumbList","@id":"https:\/\/meremeera.ca\/en\/societe-mere-meera\/#breadcrumb","itemListElement":[{"@type":"ListItem","position":1,"name":"Accueil","item":"https:\/\/meremeera.ca\/en\/"},{"@type":"ListItem","position":2,"name":"Soci\u00e9t\u00e9 M\u00e8re Meera"}]},{"@type":"WebSite","@id":"https:\/\/meremeera.ca\/en\/#website","url":"https:\/\/meremeera.ca\/en\/","name":"Soci\u00e9t\u00e9 M\u00e8re Meera","description":"God is with us","potentialAction":[{"@type":"SearchAction","target":{"@type":"EntryPoint","urlTemplate":"https:\/\/meremeera.ca\/en\/?s={search_term_string}"},"query-input":{"@type":"PropertyValueSpecification","valueRequired":true,"valueName":"search_term_string"}}],"inLanguage":"en-US"}]}},"_links":{"self":[{"href":"https:\/\/meremeera.ca\/en\/wp-json\/wp\/v2\/pages\/58501","targetHints":{"allow":["GET"]}}],"collection":[{"href":"https:\/\/meremeera.ca\/en\/wp-json\/wp\/v2\/pages"}],"about":[{"href":"https:\/\/meremeera.ca\/en\/wp-json\/wp\/v2\/types\/page"}],"author":[{"embeddable":true,"href":"https:\/\/meremeera.ca\/en\/wp-json\/wp\/v2\/users\/1"}],"replies":[{"embeddable":true,"href":"https:\/\/meremeera.ca\/en\/wp-json\/wp\/v2\/comments?post=58501"}],"version-history":[{"count":5,"href":"https:\/\/meremeera.ca\/en\/wp-json\/wp\/v2\/pages\/58501\/revisions"}],"predecessor-version":[{"id":58779,"href":"https:\/\/meremeera.ca\/en\/wp-json\/wp\/v2\/pages\/58501\/revisions\/58779"}],"wp:attachment":[{"href":"https:\/\/meremeera.ca\/en\/wp-json\/wp\/v2\/media?parent=58501"}],"curies":[{"name":"wp","href":"https:\/\/api.w.org\/{rel}","templated":true}]}}