{"id":57617,"date":"2022-12-13T15:30:49","date_gmt":"2022-12-13T20:30:49","guid":{"rendered":"https:\/\/meremeera.ca\/?page_id=57617"},"modified":"2023-02-17T09:52:56","modified_gmt":"2023-02-17T14:52:56","slug":"confidentiality-policy","status":"publish","type":"page","link":"https:\/\/meremeera.ca\/en\/confidentiality-policy\/","title":{"rendered":"Confidentiality policy"},"content":{"rendered":"<p>Your privacy is important to Soci\u00e9t\u00e9 M\u00e8re Meera. That is why we are committed to respecting the privacy of the personal information we collect. This Policy sets out the terms and conditions relating to the privacy and protection of your personal information or data that apply to interactions with you in the course of your use of the meremeera.ca website, whether by e-mail or otherwise. This Policy does not apply to third party websites, mobile applications or other services.<\/p>\n<p>By choosing to access and use this website, by communicating with us, or by agreeing to receive communications from us, such as our newsletter and email messages, you agree to the terms and conditions of this Policy.<\/p>\n<p>Last updated: September 6, 2022<\/p>\n<p>&nbsp;<\/p>\n<h2>Collection of personal information<\/h2>\n<p>We collect the following information:<\/p>\n<ul>\n<li>Last name<\/li>\n<li>First name<\/li>\n<li>Address<\/li>\n<li>Postal code<\/li>\n<li>Email address<\/li>\n<li>Telephone<\/li>\n<\/ul>\n<p>The personal information we collect is gathered through forms and through the interactivity between you and our website. We also use, as described in the following section, cookies or log files to gather information about you.<\/p>\n<p>&nbsp;<\/p>\n<h2>Forms and interactivity<\/h2>\n<p>Your personal information is collected through order, volunteering and donation forms, as well as a newsletter sign-up form. We use the information collected in this way to follow up on your order, to send you information and to contact you when necessary.<\/p>\n<p>&nbsp;<\/p>\n<h2>Contact<\/h2>\n<p>We use the information collected through the contact form for the following purposes:<\/p>\n<ul>\n<li>Correspondence<\/li>\n<li>Log Files and cookies<\/li>\n<\/ul>\n<p>We collect certain information through log files and cookies. This information is primarily the following:<\/p>\n<ul>\n<li>IP address<\/li>\n<li>Operating system<\/li>\n<li>Pages visited and requests<\/li>\n<li>Time and day of connection<\/li>\n<\/ul>\n<p>Such files allow us to improve our services, to have statistical data on our customers and to follow your order.<\/p>\n<p>&nbsp;<\/p>\n<h2>Right of opposition, withdrawal and access<\/h2>\n<p>We are committed to offering you the right to object and withdraw your personal information.<\/p>\n<p>The right to object is the possibility offered to Internet users to refuse that their personal information be used for certain purposes mentioned at the time of collection.<\/p>\n<p>The right to opt-out is defined as the possibility offered to Internet users to request that their personal information no longer appears, for example, on a mailing list.<\/p>\n<p>We are also committed to recognizing a right of access and rectification to the persons concerned who wish to consult, modify or even delete the information concerning them.<\/p>\n<p>To exercise these rights, you can contact us in one of the following ways:<\/p>\n<p>Address: 1720, chemin Pierre-P\u00e9ladeau, Sainte-Ad\u00e8le (Qc) J8B 1Z5 Canada<\/p>\n<p>Email: <a href=\"mailto:info@meremeera.ca\">info@meremeera.ca<\/a><\/p>\n<p>&nbsp;<\/p>\n<h2>Security<\/h2>\n<p>The personal information we collect is kept in a secure environment. The people who work for us are required to respect the confidentiality of your information.<\/p>\n<p>To ensure the security of your personal information, we use the following measures:<\/p>\n<ul>\n<li>Access management &#8211; authorized individual<\/li>\n<li>Access management &#8211; person concerned<\/li>\n<li>Computer backup<\/li>\n<li>User ID\/Password<\/li>\n<\/ul>\n<p>We are committed to maintaining a high level of security by incorporating the latest technological innovations to ensure the confidentiality of your transactions. However, since no mechanism offers foolproof security, there is always a degree of risk involved when using the Internet to transmit personal information.<\/p>\n","protected":false},"excerpt":{"rendered":"<p>Your privacy is important to Soci\u00e9t\u00e9 M\u00e8re Meera. That is why we are committed to respecting the privacy of the personal information we collect. This Policy sets out the terms and conditions relating to the privacy and protection of your personal information or data that apply to interactions with you in the course of your&hellip;<\/p>\n","protected":false},"author":1,"featured_media":0,"parent":0,"menu_order":0,"comment_status":"closed","ping_status":"closed","template":"","meta":{"_monsterinsights_skip_tracking":false,"_monsterinsights_sitenote_active":false,"_monsterinsights_sitenote_note":"","_monsterinsights_sitenote_category":0,"footnotes":""},"class_list":["post-57617","page","type-page","status-publish","hentry","description-off"],"yoast_head":"<!-- This site is optimized with the Yoast SEO plugin v27.5 - https:\/\/yoast.com\/product\/yoast-seo-wordpress\/ -->\n<title>Confidentiality policy Mother Meera Canada I Soci\u00e9t\u00e9 M\u00e8re Meera<\/title>\n<meta name=\"description\" content=\"Here are the terms and conditions relating to the privacy and protection of your personal information or data by Soci\u00e9t\u00e9 M\u00e8re Meera.\" \/>\n<meta name=\"robots\" content=\"index, follow, max-snippet:-1, max-image-preview:large, max-video-preview:-1\" \/>\n<link rel=\"canonical\" href=\"https:\/\/meremeera.ca\/en\/confidentiality-policy\/\" \/>\n<meta property=\"og:locale\" content=\"en_US\" \/>\n<meta property=\"og:type\" content=\"article\" \/>\n<meta property=\"og:title\" content=\"Confidentiality policy Mother Meera Canada I Soci\u00e9t\u00e9 M\u00e8re Meera\" \/>\n<meta property=\"og:description\" content=\"Here are the terms and conditions relating to the privacy and protection of your personal information or data by Soci\u00e9t\u00e9 M\u00e8re Meera.\" \/>\n<meta property=\"og:url\" content=\"https:\/\/meremeera.ca\/en\/confidentiality-policy\/\" \/>\n<meta property=\"og:site_name\" content=\"Soci\u00e9t\u00e9 M\u00e8re Meera\" \/>\n<meta property=\"article:modified_time\" content=\"2023-02-17T14:52:56+00:00\" \/>\n<meta property=\"og:image\" content=\"https:\/\/meremeera.ca\/wp-content\/uploads\/2023\/02\/tournee-mere-meera-avril-2014-9.jpg\" \/>\n\t<meta property=\"og:image:width\" content=\"1000\" \/>\n\t<meta property=\"og:image:height\" content=\"750\" \/>\n\t<meta property=\"og:image:type\" content=\"image\/jpeg\" \/>\n<meta name=\"twitter:card\" content=\"summary_large_image\" \/>\n<meta name=\"twitter:image\" content=\"https:\/\/meremeera.ca\/wp-content\/uploads\/2023\/02\/tournee-mere-meera-avril-2014-9.jpg\" \/>\n<meta name=\"twitter:label1\" content=\"Est. reading time\" \/>\n\t<meta name=\"twitter:data1\" content=\"3 minutes\" \/>\n<script type=\"application\/ld+json\" class=\"yoast-schema-graph\">{\"@context\":\"https:\\\/\\\/schema.org\",\"@graph\":[{\"@type\":\"WebPage\",\"@id\":\"https:\\\/\\\/meremeera.ca\\\/en\\\/confidentiality-policy\\\/\",\"url\":\"https:\\\/\\\/meremeera.ca\\\/en\\\/confidentiality-policy\\\/\",\"name\":\"Confidentiality policy Mother Meera Canada I Soci\u00e9t\u00e9 M\u00e8re Meera\",\"isPartOf\":{\"@id\":\"https:\\\/\\\/meremeera.ca\\\/en\\\/#website\"},\"datePublished\":\"2022-12-13T20:30:49+00:00\",\"dateModified\":\"2023-02-17T14:52:56+00:00\",\"description\":\"Here are the terms and conditions relating to the privacy and protection of your personal information or data by Soci\u00e9t\u00e9 M\u00e8re Meera.\",\"breadcrumb\":{\"@id\":\"https:\\\/\\\/meremeera.ca\\\/en\\\/confidentiality-policy\\\/#breadcrumb\"},\"inLanguage\":\"en-US\",\"potentialAction\":[{\"@type\":\"ReadAction\",\"target\":[\"https:\\\/\\\/meremeera.ca\\\/en\\\/confidentiality-policy\\\/\"]}]},{\"@type\":\"BreadcrumbList\",\"@id\":\"https:\\\/\\\/meremeera.ca\\\/en\\\/confidentiality-policy\\\/#breadcrumb\",\"itemListElement\":[{\"@type\":\"ListItem\",\"position\":1,\"name\":\"Accueil\",\"item\":\"https:\\\/\\\/meremeera.ca\\\/en\\\/\"},{\"@type\":\"ListItem\",\"position\":2,\"name\":\"Confidentiality policy\"}]},{\"@type\":\"WebSite\",\"@id\":\"https:\\\/\\\/meremeera.ca\\\/en\\\/#website\",\"url\":\"https:\\\/\\\/meremeera.ca\\\/en\\\/\",\"name\":\"Soci\u00e9t\u00e9 M\u00e8re Meera\",\"description\":\"God is with us\",\"potentialAction\":[{\"@type\":\"SearchAction\",\"target\":{\"@type\":\"EntryPoint\",\"urlTemplate\":\"https:\\\/\\\/meremeera.ca\\\/en\\\/?s={search_term_string}\"},\"query-input\":{\"@type\":\"PropertyValueSpecification\",\"valueRequired\":true,\"valueName\":\"search_term_string\"}}],\"inLanguage\":\"en-US\"}]}<\/script>\n<!-- \/ Yoast SEO plugin. -->","yoast_head_json":{"title":"Confidentiality policy Mother Meera Canada I Soci\u00e9t\u00e9 M\u00e8re Meera","description":"Here are the terms and conditions relating to the privacy and protection of your personal information or data by Soci\u00e9t\u00e9 M\u00e8re Meera.","robots":{"index":"index","follow":"follow","max-snippet":"max-snippet:-1","max-image-preview":"max-image-preview:large","max-video-preview":"max-video-preview:-1"},"canonical":"https:\/\/meremeera.ca\/en\/confidentiality-policy\/","og_locale":"en_US","og_type":"article","og_title":"Confidentiality policy Mother Meera Canada I Soci\u00e9t\u00e9 M\u00e8re Meera","og_description":"Here are the terms and conditions relating to the privacy and protection of your personal information or data by Soci\u00e9t\u00e9 M\u00e8re Meera.","og_url":"https:\/\/meremeera.ca\/en\/confidentiality-policy\/","og_site_name":"Soci\u00e9t\u00e9 M\u00e8re Meera","article_modified_time":"2023-02-17T14:52:56+00:00","og_image":[{"width":1000,"height":750,"url":"https:\/\/meremeera.ca\/wp-content\/uploads\/2023\/02\/tournee-mere-meera-avril-2014-9.jpg","type":"image\/jpeg"}],"twitter_card":"summary_large_image","twitter_image":"https:\/\/meremeera.ca\/wp-content\/uploads\/2023\/02\/tournee-mere-meera-avril-2014-9.jpg","twitter_misc":{"Est. reading time":"3 minutes"},"schema":{"@context":"https:\/\/schema.org","@graph":[{"@type":"WebPage","@id":"https:\/\/meremeera.ca\/en\/confidentiality-policy\/","url":"https:\/\/meremeera.ca\/en\/confidentiality-policy\/","name":"Confidentiality policy Mother Meera Canada I Soci\u00e9t\u00e9 M\u00e8re Meera","isPartOf":{"@id":"https:\/\/meremeera.ca\/en\/#website"},"datePublished":"2022-12-13T20:30:49+00:00","dateModified":"2023-02-17T14:52:56+00:00","description":"Here are the terms and conditions relating to the privacy and protection of your personal information or data by Soci\u00e9t\u00e9 M\u00e8re Meera.","breadcrumb":{"@id":"https:\/\/meremeera.ca\/en\/confidentiality-policy\/#breadcrumb"},"inLanguage":"en-US","potentialAction":[{"@type":"ReadAction","target":["https:\/\/meremeera.ca\/en\/confidentiality-policy\/"]}]},{"@type":"BreadcrumbList","@id":"https:\/\/meremeera.ca\/en\/confidentiality-policy\/#breadcrumb","itemListElement":[{"@type":"ListItem","position":1,"name":"Accueil","item":"https:\/\/meremeera.ca\/en\/"},{"@type":"ListItem","position":2,"name":"Confidentiality policy"}]},{"@type":"WebSite","@id":"https:\/\/meremeera.ca\/en\/#website","url":"https:\/\/meremeera.ca\/en\/","name":"Soci\u00e9t\u00e9 M\u00e8re Meera","description":"God is with us","potentialAction":[{"@type":"SearchAction","target":{"@type":"EntryPoint","urlTemplate":"https:\/\/meremeera.ca\/en\/?s={search_term_string}"},"query-input":{"@type":"PropertyValueSpecification","valueRequired":true,"valueName":"search_term_string"}}],"inLanguage":"en-US"}]}},"_links":{"self":[{"href":"https:\/\/meremeera.ca\/en\/wp-json\/wp\/v2\/pages\/57617","targetHints":{"allow":["GET"]}}],"collection":[{"href":"https:\/\/meremeera.ca\/en\/wp-json\/wp\/v2\/pages"}],"about":[{"href":"https:\/\/meremeera.ca\/en\/wp-json\/wp\/v2\/types\/page"}],"author":[{"embeddable":true,"href":"https:\/\/meremeera.ca\/en\/wp-json\/wp\/v2\/users\/1"}],"replies":[{"embeddable":true,"href":"https:\/\/meremeera.ca\/en\/wp-json\/wp\/v2\/comments?post=57617"}],"version-history":[{"count":4,"href":"https:\/\/meremeera.ca\/en\/wp-json\/wp\/v2\/pages\/57617\/revisions"}],"predecessor-version":[{"id":58771,"href":"https:\/\/meremeera.ca\/en\/wp-json\/wp\/v2\/pages\/57617\/revisions\/58771"}],"wp:attachment":[{"href":"https:\/\/meremeera.ca\/en\/wp-json\/wp\/v2\/media?parent=57617"}],"curies":[{"name":"wp","href":"https:\/\/api.w.org\/{rel}","templated":true}]}}