{"id":57614,"date":"2022-12-13T15:22:47","date_gmt":"2022-12-13T20:22:47","guid":{"rendered":"https:\/\/meremeera.ca\/?page_id=57614"},"modified":"2023-03-27T08:25:09","modified_gmt":"2023-03-27T12:25:09","slug":"terms-and-conditions-of-sale","status":"publish","type":"page","link":"https:\/\/meremeera.ca\/en\/terms-and-conditions-of-sale\/","title":{"rendered":"Terms and conditions of sale"},"content":{"rendered":"<h2>Taxes<\/h2>\n<p style=\"font-weight: 400;\">Taxes are included in the price of products in our <a href=\"https:\/\/meremeera.ca\/en\/shop\/\">online shop<\/a>.<\/p>\n<p>&nbsp;<\/p>\n<h2>Delivery<\/h2>\n<p style=\"font-weight: 400;\">Your order will be shipped from Quebec across Canada by Canada Post at a flat rate of $9 for an order of less than $75. Shipping costs are free for all orders of $75 or more. The delivery is generally done within 7 business days.<\/p>\n<p>&nbsp;<\/p>\n<h2>Exchanges and refunds<\/h2>\n<p>We will exchange only if there is a manufacturing defect.<\/p>\n<p style=\"font-weight: 400;\">If you suspect a manufacturing defect, you must contact us by email at <a href=\"mailto:boutique@meremeera.ca\">boutique@meremeera.ca<\/a>. We will then see the different possibilities that apply: either we will send you a similar product at our expense depending on the available stocks, or, if the product is no longer available, we will look with you at the possibility of sending you a product of your choice for the same amount of money.<\/p>\n<p>You have a period of 7 days following the reception of your order to report a manufacturing defect.<\/p>\n<p>&nbsp;<\/p>\n<p style=\"font-weight: 400;\"><strong>By your purchase you contribute to the support of the work of Mother Meera. We thank you for your order!<\/strong><\/p>\n","protected":false},"excerpt":{"rendered":"<p>Taxes Taxes are included in the price of products in our online shop. &nbsp; Delivery Your order will be shipped from Quebec across Canada by Canada Post at a flat rate of $9 for an order of less than $75. Shipping costs are free for all orders of $75 or more. The delivery is generally&hellip;<\/p>\n","protected":false},"author":1,"featured_media":0,"parent":0,"menu_order":0,"comment_status":"closed","ping_status":"closed","template":"","meta":{"_monsterinsights_skip_tracking":false,"_monsterinsights_sitenote_active":false,"_monsterinsights_sitenote_note":"","_monsterinsights_sitenote_category":0,"footnotes":""},"class_list":["post-57614","page","type-page","status-publish","hentry","description-off"],"yoast_head":"<!-- This site is optimized with the Yoast SEO plugin v27.5 - https:\/\/yoast.com\/product\/yoast-seo-wordpress\/ -->\n<title>Terms and conditions of sale Online shop I Soci\u00e9t\u00e9 M\u00e8re Meera<\/title>\n<meta name=\"description\" content=\"Here are the terms and conditions of sale of the online shop from Soci\u00e9t\u00e9 M\u00e8re Meera. Get Mother Meera&#039;s products in Canada!\" \/>\n<meta name=\"robots\" content=\"index, follow, max-snippet:-1, max-image-preview:large, max-video-preview:-1\" \/>\n<link rel=\"canonical\" href=\"https:\/\/meremeera.ca\/en\/terms-and-conditions-of-sale\/\" \/>\n<meta property=\"og:locale\" content=\"en_US\" \/>\n<meta property=\"og:type\" content=\"article\" \/>\n<meta property=\"og:title\" content=\"Terms and conditions of sale Online shop I Soci\u00e9t\u00e9 M\u00e8re Meera\" \/>\n<meta property=\"og:description\" content=\"Here are the terms and conditions of sale of the online shop from Soci\u00e9t\u00e9 M\u00e8re Meera. Get Mother Meera&#039;s products in Canada!\" \/>\n<meta property=\"og:url\" content=\"https:\/\/meremeera.ca\/en\/terms-and-conditions-of-sale\/\" \/>\n<meta property=\"og:site_name\" content=\"Soci\u00e9t\u00e9 M\u00e8re Meera\" \/>\n<meta property=\"article:modified_time\" content=\"2023-03-27T12:25:09+00:00\" \/>\n<meta property=\"og:image\" content=\"https:\/\/meremeera.ca\/wp-content\/uploads\/2023\/01\/CD-silence-mother-meera-1.jpg\" \/>\n\t<meta property=\"og:image:width\" content=\"995\" \/>\n\t<meta property=\"og:image:height\" content=\"1000\" \/>\n\t<meta property=\"og:image:type\" content=\"image\/jpeg\" \/>\n<meta name=\"twitter:card\" content=\"summary_large_image\" \/>\n<meta name=\"twitter:image\" content=\"https:\/\/meremeera.ca\/wp-content\/uploads\/2023\/01\/CD-silence-mother-meera-1.jpg\" \/>\n<meta name=\"twitter:label1\" content=\"Est. reading time\" \/>\n\t<meta name=\"twitter:data1\" content=\"1 minute\" \/>\n<script type=\"application\/ld+json\" class=\"yoast-schema-graph\">{\"@context\":\"https:\\\/\\\/schema.org\",\"@graph\":[{\"@type\":\"WebPage\",\"@id\":\"https:\\\/\\\/meremeera.ca\\\/en\\\/terms-and-conditions-of-sale\\\/\",\"url\":\"https:\\\/\\\/meremeera.ca\\\/en\\\/terms-and-conditions-of-sale\\\/\",\"name\":\"Terms and conditions of sale Online shop I Soci\u00e9t\u00e9 M\u00e8re Meera\",\"isPartOf\":{\"@id\":\"https:\\\/\\\/meremeera.ca\\\/en\\\/#website\"},\"datePublished\":\"2022-12-13T20:22:47+00:00\",\"dateModified\":\"2023-03-27T12:25:09+00:00\",\"description\":\"Here are the terms and conditions of sale of the online shop from Soci\u00e9t\u00e9 M\u00e8re Meera. Get Mother Meera's products in Canada!\",\"breadcrumb\":{\"@id\":\"https:\\\/\\\/meremeera.ca\\\/en\\\/terms-and-conditions-of-sale\\\/#breadcrumb\"},\"inLanguage\":\"en-US\",\"potentialAction\":[{\"@type\":\"ReadAction\",\"target\":[\"https:\\\/\\\/meremeera.ca\\\/en\\\/terms-and-conditions-of-sale\\\/\"]}]},{\"@type\":\"BreadcrumbList\",\"@id\":\"https:\\\/\\\/meremeera.ca\\\/en\\\/terms-and-conditions-of-sale\\\/#breadcrumb\",\"itemListElement\":[{\"@type\":\"ListItem\",\"position\":1,\"name\":\"Accueil\",\"item\":\"https:\\\/\\\/meremeera.ca\\\/en\\\/\"},{\"@type\":\"ListItem\",\"position\":2,\"name\":\"Terms and conditions of sale\"}]},{\"@type\":\"WebSite\",\"@id\":\"https:\\\/\\\/meremeera.ca\\\/en\\\/#website\",\"url\":\"https:\\\/\\\/meremeera.ca\\\/en\\\/\",\"name\":\"Soci\u00e9t\u00e9 M\u00e8re Meera\",\"description\":\"God is with us\",\"potentialAction\":[{\"@type\":\"SearchAction\",\"target\":{\"@type\":\"EntryPoint\",\"urlTemplate\":\"https:\\\/\\\/meremeera.ca\\\/en\\\/?s={search_term_string}\"},\"query-input\":{\"@type\":\"PropertyValueSpecification\",\"valueRequired\":true,\"valueName\":\"search_term_string\"}}],\"inLanguage\":\"en-US\"}]}<\/script>\n<!-- \/ Yoast SEO plugin. -->","yoast_head_json":{"title":"Terms and conditions of sale Online shop I Soci\u00e9t\u00e9 M\u00e8re Meera","description":"Here are the terms and conditions of sale of the online shop from Soci\u00e9t\u00e9 M\u00e8re Meera. Get Mother Meera's products in Canada!","robots":{"index":"index","follow":"follow","max-snippet":"max-snippet:-1","max-image-preview":"max-image-preview:large","max-video-preview":"max-video-preview:-1"},"canonical":"https:\/\/meremeera.ca\/en\/terms-and-conditions-of-sale\/","og_locale":"en_US","og_type":"article","og_title":"Terms and conditions of sale Online shop I Soci\u00e9t\u00e9 M\u00e8re Meera","og_description":"Here are the terms and conditions of sale of the online shop from Soci\u00e9t\u00e9 M\u00e8re Meera. Get Mother Meera's products in Canada!","og_url":"https:\/\/meremeera.ca\/en\/terms-and-conditions-of-sale\/","og_site_name":"Soci\u00e9t\u00e9 M\u00e8re Meera","article_modified_time":"2023-03-27T12:25:09+00:00","og_image":[{"width":995,"height":1000,"url":"https:\/\/meremeera.ca\/wp-content\/uploads\/2023\/01\/CD-silence-mother-meera-1.jpg","type":"image\/jpeg"}],"twitter_card":"summary_large_image","twitter_image":"https:\/\/meremeera.ca\/wp-content\/uploads\/2023\/01\/CD-silence-mother-meera-1.jpg","twitter_misc":{"Est. reading time":"1 minute"},"schema":{"@context":"https:\/\/schema.org","@graph":[{"@type":"WebPage","@id":"https:\/\/meremeera.ca\/en\/terms-and-conditions-of-sale\/","url":"https:\/\/meremeera.ca\/en\/terms-and-conditions-of-sale\/","name":"Terms and conditions of sale Online shop I Soci\u00e9t\u00e9 M\u00e8re Meera","isPartOf":{"@id":"https:\/\/meremeera.ca\/en\/#website"},"datePublished":"2022-12-13T20:22:47+00:00","dateModified":"2023-03-27T12:25:09+00:00","description":"Here are the terms and conditions of sale of the online shop from Soci\u00e9t\u00e9 M\u00e8re Meera. Get Mother Meera's products in Canada!","breadcrumb":{"@id":"https:\/\/meremeera.ca\/en\/terms-and-conditions-of-sale\/#breadcrumb"},"inLanguage":"en-US","potentialAction":[{"@type":"ReadAction","target":["https:\/\/meremeera.ca\/en\/terms-and-conditions-of-sale\/"]}]},{"@type":"BreadcrumbList","@id":"https:\/\/meremeera.ca\/en\/terms-and-conditions-of-sale\/#breadcrumb","itemListElement":[{"@type":"ListItem","position":1,"name":"Accueil","item":"https:\/\/meremeera.ca\/en\/"},{"@type":"ListItem","position":2,"name":"Terms and conditions of sale"}]},{"@type":"WebSite","@id":"https:\/\/meremeera.ca\/en\/#website","url":"https:\/\/meremeera.ca\/en\/","name":"Soci\u00e9t\u00e9 M\u00e8re Meera","description":"God is with us","potentialAction":[{"@type":"SearchAction","target":{"@type":"EntryPoint","urlTemplate":"https:\/\/meremeera.ca\/en\/?s={search_term_string}"},"query-input":{"@type":"PropertyValueSpecification","valueRequired":true,"valueName":"search_term_string"}}],"inLanguage":"en-US"}]}},"_links":{"self":[{"href":"https:\/\/meremeera.ca\/en\/wp-json\/wp\/v2\/pages\/57614","targetHints":{"allow":["GET"]}}],"collection":[{"href":"https:\/\/meremeera.ca\/en\/wp-json\/wp\/v2\/pages"}],"about":[{"href":"https:\/\/meremeera.ca\/en\/wp-json\/wp\/v2\/types\/page"}],"author":[{"embeddable":true,"href":"https:\/\/meremeera.ca\/en\/wp-json\/wp\/v2\/users\/1"}],"replies":[{"embeddable":true,"href":"https:\/\/meremeera.ca\/en\/wp-json\/wp\/v2\/comments?post=57614"}],"version-history":[{"count":5,"href":"https:\/\/meremeera.ca\/en\/wp-json\/wp\/v2\/pages\/57614\/revisions"}],"predecessor-version":[{"id":58840,"href":"https:\/\/meremeera.ca\/en\/wp-json\/wp\/v2\/pages\/57614\/revisions\/58840"}],"wp:attachment":[{"href":"https:\/\/meremeera.ca\/en\/wp-json\/wp\/v2\/media?parent=57614"}],"curies":[{"name":"wp","href":"https:\/\/api.w.org\/{rel}","templated":true}]}}